{"id":405,"date":"2017-05-04T09:25:26","date_gmt":"2017-05-04T09:25:26","guid":{"rendered":"http:\/\/fn.se\/stockholm\/?page_id=405"},"modified":"2018-01-30T10:53:15","modified_gmt":"2018-01-30T10:53:15","slug":"1110-internationella-flicka-dagen-seminarium-flicka-i-varlden","status":"publish","type":"page","link":"https:\/\/fn.se\/stockholm\/1110-internationella-flicka-dagen-seminarium-flicka-i-varlden\/","title":{"rendered":"11\/10 Internationella Flicka-dagen. Seminarium \u2013 Flicka i v\u00e4rlden."},"content":{"rendered":"<h3>Stockholms FN-f\u00f6rening uppm\u00e4rksammar\u00a0Flicka-dagen med ett seminarium<\/h3>\n<p><strong>FN:s m\u00e5l<\/strong> om j\u00e4mst\u00e4lldhet mellan kvinnor och m\u00e4n m\u00e5ste ha ett tydligt perspektiv p\u00e5 flickors villkor. Vi vet att flickor som f\u00e5r leva sina liv med m\u00e4nskliga r\u00e4ttigheter och v\u00e4rdighet \u00e4r den st\u00f6rsta kraften f\u00f6r att skapa en b\u00e4ttre v\u00e4rld.<\/p>\n<p>Stockholms FN-f\u00f6rening bj\u00f6d, den 11 oktober, in till seminarium f\u00f6r att uppm\u00e4rksamma flickors r\u00e4ttigheter.<\/p>\n<p><strong> Pernilla Bergstr\u00f6m<\/strong>, kampanjansvarig p\u00e5 Svenska FN-f\u00f6rbundet, <strong>Beatrice Unander-Scharin<\/strong>, vice ordf\u00f6rande Roks\u00a0och <strong>Sara Mohammad<\/strong> fr\u00e5n GAPF medverkade och h\u00f6ll sp\u00e4nnande f\u00f6rel\u00e4sningar. Moderator var <strong>Gertrud \u00c5str\u00f6m,<\/strong> vice ordf\u00f6rande f\u00f6r Stockholms FN-f\u00f6rening.<\/p>\n<p>&nbsp;<\/p>\n","protected":false},"excerpt":{"rendered":"<p>Stockholms FN-f\u00f6rening uppm\u00e4rksammar\u00a0Flicka-dagen med ett seminarium FN:s m\u00e5l om j\u00e4mst\u00e4lldhet mellan kvinnor och m\u00e4n m\u00e5ste ha ett tydligt perspektiv p\u00e5&hellip;<\/p>\n","protected":false},"author":86,"featured_media":406,"parent":0,"menu_order":0,"comment_status":"closed","ping_status":"closed","template":"templates\/template-sub.php","meta":{"_acf_changed":false,"footnotes":"","_links_to":"","_links_to_target":""},"class_list":["post-405","page","type-page","status-publish","has-post-thumbnail","hentry"],"acf":[],"_links":{"self":[{"href":"https:\/\/fn.se\/stockholm\/wp-json\/wp\/v2\/pages\/405","targetHints":{"allow":["GET"]}}],"collection":[{"href":"https:\/\/fn.se\/stockholm\/wp-json\/wp\/v2\/pages"}],"about":[{"href":"https:\/\/fn.se\/stockholm\/wp-json\/wp\/v2\/types\/page"}],"author":[{"embeddable":true,"href":"https:\/\/fn.se\/stockholm\/wp-json\/wp\/v2\/users\/86"}],"replies":[{"embeddable":true,"href":"https:\/\/fn.se\/stockholm\/wp-json\/wp\/v2\/comments?post=405"}],"version-history":[{"count":2,"href":"https:\/\/fn.se\/stockholm\/wp-json\/wp\/v2\/pages\/405\/revisions"}],"predecessor-version":[{"id":408,"href":"https:\/\/fn.se\/stockholm\/wp-json\/wp\/v2\/pages\/405\/revisions\/408"}],"wp:featuredmedia":[{"embeddable":true,"href":"https:\/\/fn.se\/stockholm\/wp-json\/wp\/v2\/media\/406"}],"wp:attachment":[{"href":"https:\/\/fn.se\/stockholm\/wp-json\/wp\/v2\/media?parent=405"}],"curies":[{"name":"wp","href":"https:\/\/api.w.org\/{rel}","templated":true}]}}