{"id":40,"date":"2016-09-30T14:48:25","date_gmt":"2016-09-30T14:48:25","guid":{"rendered":"http:\/\/fn.se\/stockholm\/?page_id=40"},"modified":"2016-09-30T14:48:25","modified_gmt":"2016-09-30T14:48:25","slug":"jakten-pa-kapten-klanning","status":"publish","type":"page","link":"https:\/\/fn.se\/stockholm\/jakten-pa-kapten-klanning\/","title":{"rendered":"Jakten p\u00e5 Kapten Kl\u00e4nning"},"content":{"rendered":"<h1>Jakten p\u00e5 Kapten Kl\u00e4nning<\/h1>\n<p>Den 6 november anordnade Stockholms FN-f\u00f6rening, i samarbete med ABF, den tredje delen av seminarieserien Kvinnors r\u00e4tt till sina kroppar.<\/p>\n<p>Kv\u00e4llens talare var Jonas Trolle, polis och f\u00f6rfattare till boken <em>Jakten p\u00e5 Kapten Kl\u00e4nning<\/em>.Seminariet behandlade fr\u00e5gor om hur fallet med Kapten kl\u00e4nning kunde ske och hur man tillslut kunde l\u00f6sa det. Jonas svarade \u00e4ven p\u00e5 fr\u00e5gor om situationen f\u00f6r unga utsatta flickor och kvinnor samt hur myndigheterna ska arbeta f\u00f6r att f\u00f6rs\u00f6ka f\u00f6rhindra fallet med Kapten Kl\u00e4nning att \u00e5terupprepas.<\/p>\n<p><strong>Ett stort tack till Jonas Trolle som f\u00f6rel\u00e4ste om det viktiga \u00e4mnet!<\/strong><\/p>\n<p><strong>Och \u00e5terigen ett stort tack till alla som deltog!<\/strong><\/p>\n","protected":false},"excerpt":{"rendered":"<p>Jakten p\u00e5 Kapten Kl\u00e4nning Den 6 november anordnade Stockholms FN-f\u00f6rening, i samarbete med ABF, den tredje delen av seminarieserien Kvinnors&hellip;<\/p>\n","protected":false},"author":17,"featured_media":0,"parent":0,"menu_order":0,"comment_status":"closed","ping_status":"closed","template":"","meta":{"_acf_changed":false,"footnotes":"","_links_to":"","_links_to_target":""},"class_list":["post-40","page","type-page","status-publish","hentry"],"acf":[],"_links":{"self":[{"href":"https:\/\/fn.se\/stockholm\/wp-json\/wp\/v2\/pages\/40","targetHints":{"allow":["GET"]}}],"collection":[{"href":"https:\/\/fn.se\/stockholm\/wp-json\/wp\/v2\/pages"}],"about":[{"href":"https:\/\/fn.se\/stockholm\/wp-json\/wp\/v2\/types\/page"}],"author":[{"embeddable":true,"href":"https:\/\/fn.se\/stockholm\/wp-json\/wp\/v2\/users\/17"}],"replies":[{"embeddable":true,"href":"https:\/\/fn.se\/stockholm\/wp-json\/wp\/v2\/comments?post=40"}],"version-history":[{"count":1,"href":"https:\/\/fn.se\/stockholm\/wp-json\/wp\/v2\/pages\/40\/revisions"}],"predecessor-version":[{"id":42,"href":"https:\/\/fn.se\/stockholm\/wp-json\/wp\/v2\/pages\/40\/revisions\/42"}],"wp:attachment":[{"href":"https:\/\/fn.se\/stockholm\/wp-json\/wp\/v2\/media?parent=40"}],"curies":[{"name":"wp","href":"https:\/\/api.w.org\/{rel}","templated":true}]}}