{"id":3966,"date":"2026-02-18T09:11:51","date_gmt":"2026-02-18T09:11:51","guid":{"rendered":"https:\/\/fn.se\/stockholm\/?page_id=3966"},"modified":"2026-03-27T09:46:44","modified_gmt":"2026-03-27T09:46:44","slug":"mandagsseminarium","status":"publish","type":"page","link":"https:\/\/fn.se\/stockholm\/mandagsseminarium\/","title":{"rendered":"m\u00e5ndagsseminarium"},"content":{"rendered":"\n<h2 class=\"wp-block-heading\">Hj\u00e4rtligt v\u00e4lkomna till m\u00e5ndagsseminarium!<\/h2>\n\n\n\n<p>Innan pandemin hade Stockholms FN-f\u00f6rening varje m\u00e5nad ett seminarium f\u00f6r sina medlemmar. Detta har vi nu dragit ig\u00e5ng igen! F\u00f6rsta m\u00e5ndagen i m\u00e5naden \u00e4r medlemmar v\u00e4lkomna till v\u00e5rt kansli i Hammarby Sj\u00f6stad f\u00f6r sp\u00e4nnande diskussioner. Under v\u00e5ren och b\u00f6rjan av h\u00f6sten kommer vi under seminarierna att fokusera p\u00e5 demokrati f\u00f6r att f\u00f6rbereda oss inf\u00f6r riksdags-, region-, och kommunvalet i september.&nbsp;<\/p>\n\n\n\n<p>Se kommande m\u00e5ndagsseminarium och dess teman nedan.<\/p>\n\n\n\n<p><strong>Tid och plats (om inget annat angetts): <\/strong>Kl. 17:30 &#8211; 20.00 p\u00e5 plats (Hammarby Fabriksv\u00e4g 65) eller <a href=\"http:\/\/meet.google.com\/pgi-vota-utr\">l\u00e4nk<\/a><\/p>\n\n\n\n<p><strong>Anm\u00e4lan: <\/strong>Via Simple Sign-Up (l\u00e4nken hittas i medlemsutskick och i v\u00e5ra sociala medier)<\/p>\n\n\n\n<p>Bli medlem nu och delta p\u00e5 intressanta f\u00f6rel\u00e4sningar och diskussioner kostnadsfritt!<\/p>\n\n\n\n<figure class=\"wp-block-image size-large\"><img loading=\"lazy\" decoding=\"async\" width=\"1024\" height=\"576\" src=\"https:\/\/fn.se\/stockholm\/wp-content\/uploads\/sites\/32\/2026\/03\/Mandagsseminarium-2026-21-1024x576.png\" alt=\"\" class=\"wp-image-4517\" srcset=\"https:\/\/fn.se\/stockholm\/wp-content\/uploads\/sites\/32\/2026\/03\/Mandagsseminarium-2026-21-1024x576.png 1024w, https:\/\/fn.se\/stockholm\/wp-content\/uploads\/sites\/32\/2026\/03\/Mandagsseminarium-2026-21-300x169.png 300w, https:\/\/fn.se\/stockholm\/wp-content\/uploads\/sites\/32\/2026\/03\/Mandagsseminarium-2026-21-768x432.png 768w, https:\/\/fn.se\/stockholm\/wp-content\/uploads\/sites\/32\/2026\/03\/Mandagsseminarium-2026-21-1536x864.png 1536w, https:\/\/fn.se\/stockholm\/wp-content\/uploads\/sites\/32\/2026\/03\/Mandagsseminarium-2026-21-2048x1152.png 2048w, https:\/\/fn.se\/stockholm\/wp-content\/uploads\/sites\/32\/2026\/03\/Mandagsseminarium-2026-21-650x366.png 650w\" sizes=\"auto, (max-width: 1024px) 100vw, 1024px\" \/><\/figure>\n\n\n\n<figure class=\"wp-block-image size-large\"><img loading=\"lazy\" decoding=\"async\" width=\"1024\" height=\"576\" src=\"https:\/\/fn.se\/stockholm\/wp-content\/uploads\/sites\/32\/2026\/03\/Mandagsseminarium-2026-20-1024x576.png\" alt=\"\" class=\"wp-image-4514\" srcset=\"https:\/\/fn.se\/stockholm\/wp-content\/uploads\/sites\/32\/2026\/03\/Mandagsseminarium-2026-20-1024x576.png 1024w, https:\/\/fn.se\/stockholm\/wp-content\/uploads\/sites\/32\/2026\/03\/Mandagsseminarium-2026-20-300x169.png 300w, https:\/\/fn.se\/stockholm\/wp-content\/uploads\/sites\/32\/2026\/03\/Mandagsseminarium-2026-20-768x432.png 768w, https:\/\/fn.se\/stockholm\/wp-content\/uploads\/sites\/32\/2026\/03\/Mandagsseminarium-2026-20-1536x864.png 1536w, https:\/\/fn.se\/stockholm\/wp-content\/uploads\/sites\/32\/2026\/03\/Mandagsseminarium-2026-20-2048x1152.png 2048w, https:\/\/fn.se\/stockholm\/wp-content\/uploads\/sites\/32\/2026\/03\/Mandagsseminarium-2026-20-650x366.png 650w\" sizes=\"auto, (max-width: 1024px) 100vw, 1024px\" \/><\/figure>\n\n\n\n<p><\/p>\n","protected":false},"excerpt":{"rendered":"<p>Hj\u00e4rtligt v\u00e4lkomna till m\u00e5ndagsseminarium! Innan pandemin hade Stockholms FN-f\u00f6rening varje m\u00e5nad ett seminarium f\u00f6r sina medlemmar. Detta har vi nu&hellip;<\/p>\n","protected":false},"author":86,"featured_media":0,"parent":0,"menu_order":0,"comment_status":"closed","ping_status":"closed","template":"","meta":{"_acf_changed":false,"footnotes":"","_links_to":"","_links_to_target":""},"class_list":["post-3966","page","type-page","status-publish","hentry"],"acf":[],"_links":{"self":[{"href":"https:\/\/fn.se\/stockholm\/wp-json\/wp\/v2\/pages\/3966","targetHints":{"allow":["GET"]}}],"collection":[{"href":"https:\/\/fn.se\/stockholm\/wp-json\/wp\/v2\/pages"}],"about":[{"href":"https:\/\/fn.se\/stockholm\/wp-json\/wp\/v2\/types\/page"}],"author":[{"embeddable":true,"href":"https:\/\/fn.se\/stockholm\/wp-json\/wp\/v2\/users\/86"}],"replies":[{"embeddable":true,"href":"https:\/\/fn.se\/stockholm\/wp-json\/wp\/v2\/comments?post=3966"}],"version-history":[{"count":34,"href":"https:\/\/fn.se\/stockholm\/wp-json\/wp\/v2\/pages\/3966\/revisions"}],"predecessor-version":[{"id":4524,"href":"https:\/\/fn.se\/stockholm\/wp-json\/wp\/v2\/pages\/3966\/revisions\/4524"}],"wp:attachment":[{"href":"https:\/\/fn.se\/stockholm\/wp-json\/wp\/v2\/media?parent=3966"}],"curies":[{"name":"wp","href":"https:\/\/api.w.org\/{rel}","templated":true}]}}