{"id":395,"date":"2017-04-25T13:31:09","date_gmt":"2017-04-25T13:31:09","guid":{"rendered":"http:\/\/fn.se\/stockholm\/?page_id=395"},"modified":"2018-01-30T10:53:20","modified_gmt":"2018-01-30T10:53:20","slug":"2410-seminarium-ar-folkratten-ifragasatt","status":"publish","type":"page","link":"https:\/\/fn.se\/stockholm\/2410-seminarium-ar-folkratten-ifragasatt\/","title":{"rendered":"24\/10 Seminarium &#8211; \u00c4r folkr\u00e4tten ifr\u00e5gasatt?"},"content":{"rendered":"<h3>\u00c4r folkr\u00e4tten ifr\u00e5gasatt?<\/h3>\n<p>Folkr\u00e4tten \u00e4r en grundpelare i den internationella r\u00e4ttsordningen. Men i m\u00e5nga l\u00e4nder ignoreras den, detta g\u00e4ller s\u00e4rskilt i diktaturer och bristf\u00e4lliga demokratier. Allt fler MR-aktivister f\u00f6rtrycks och f\u00e4ngslas i v\u00e4rlden, deras yttrande-, tryck- och organisationsfrihet har strypts p\u00e5 senare tid.<\/p>\n<p>Folkr\u00e4ttsfr\u00e5gorna kom i fokus i den svenska debatten under den s\u00e5 kallade flyktingkrisen f\u00f6rra \u00e5ret. Det g\u00e4ller bland annat hur Flyktingkonventionen och Barnkonventionen efterlevs. Och hur kan en b\u00e4ttre efterlevnad uppn\u00e5s?<\/p>\n<p><strong>FN-dagen<\/strong> firade <strong><em>Stockholms FN-f\u00f6rening<\/em><\/strong> i \u00e5r med ett seminarium i samarbete med ABF-Stockholm. Temat var hur Flyktingkonventionen och Barnkonventionen f\u00f6ljs och hur en b\u00e4ttre iakttagande kan uppn\u00e5s. Inbjuden att tala om detta viktiga \u00e4mne var\u00a0<strong>Ove Bring, professor emeritus i folkr\u00e4tt, G\u00f6ran Holmstr\u00f6m, sektionschef, R\u00e4dda Barnen och Thomas Hammarberg, tidigare kommission\u00e4r f\u00f6r m\u00e4nskliga r\u00e4ttigheter vid Europar\u00e5det.<\/strong><\/p>\n","protected":false},"excerpt":{"rendered":"<p>\u00c4r folkr\u00e4tten ifr\u00e5gasatt? Folkr\u00e4tten \u00e4r en grundpelare i den internationella r\u00e4ttsordningen. Men i m\u00e5nga l\u00e4nder ignoreras den, detta g\u00e4ller s\u00e4rskilt&hellip;<\/p>\n","protected":false},"author":86,"featured_media":396,"parent":0,"menu_order":0,"comment_status":"closed","ping_status":"closed","template":"","meta":{"_acf_changed":false,"footnotes":"","_links_to":"","_links_to_target":""},"class_list":["post-395","page","type-page","status-publish","has-post-thumbnail","hentry"],"acf":[],"_links":{"self":[{"href":"https:\/\/fn.se\/stockholm\/wp-json\/wp\/v2\/pages\/395","targetHints":{"allow":["GET"]}}],"collection":[{"href":"https:\/\/fn.se\/stockholm\/wp-json\/wp\/v2\/pages"}],"about":[{"href":"https:\/\/fn.se\/stockholm\/wp-json\/wp\/v2\/types\/page"}],"author":[{"embeddable":true,"href":"https:\/\/fn.se\/stockholm\/wp-json\/wp\/v2\/users\/86"}],"replies":[{"embeddable":true,"href":"https:\/\/fn.se\/stockholm\/wp-json\/wp\/v2\/comments?post=395"}],"version-history":[{"count":4,"href":"https:\/\/fn.se\/stockholm\/wp-json\/wp\/v2\/pages\/395\/revisions"}],"predecessor-version":[{"id":482,"href":"https:\/\/fn.se\/stockholm\/wp-json\/wp\/v2\/pages\/395\/revisions\/482"}],"wp:featuredmedia":[{"embeddable":true,"href":"https:\/\/fn.se\/stockholm\/wp-json\/wp\/v2\/media\/396"}],"wp:attachment":[{"href":"https:\/\/fn.se\/stockholm\/wp-json\/wp\/v2\/media?parent=395"}],"curies":[{"name":"wp","href":"https:\/\/api.w.org\/{rel}","templated":true}]}}