{"id":389,"date":"2017-04-25T13:08:54","date_gmt":"2017-04-25T13:08:54","guid":{"rendered":"http:\/\/fn.se\/stockholm\/?page_id=389"},"modified":"2018-01-30T10:53:20","modified_gmt":"2018-01-30T10:53:20","slug":"2511-seminarium-det-livsviktiga-rena-vattnet","status":"publish","type":"page","link":"https:\/\/fn.se\/stockholm\/2511-seminarium-det-livsviktiga-rena-vattnet\/","title":{"rendered":"25\/11 Seminarium &#8211; Det livsviktiga, rena vattnet"},"content":{"rendered":"<h3>Seminarium &#8211; Det livsviktiga, rena vattnet<\/h3>\n<p>M\u00e5l 6 i Agenda 2030 fastsl\u00e5r att Alla m\u00e4nniskor ska ha tillg\u00e5ng till rent vatten och sanitet. Allt levande p\u00e5 jorden \u00e4r beroende av vatten. Men fortfarande saknar 663 miljoner m\u00e4nniskor tillg\u00e5ng till rent vatten. Samtidigt har 32 procent av v\u00e4rldens befolkning inte tillg\u00e5ng till en toalett. Rent vatten och toaletter \u00e4r bland de mest n\u00f6dv\u00e4ndiga f\u00f6r ett h\u00e4lsosamt och v\u00e4rdigt liv och f\u00f6r samh\u00e4llens utveckling.<\/p>\n<p><strong>Cecilia Chatterjee-Martinsen, generalsekreterare WaterAid Sverige<\/strong> och <strong>Jonas Grundestam, enhetschef vid Stockholms vatten<\/strong>, bj\u00f6ds in f\u00f6r att tala om detta sp\u00e4nnande \u00e4mne ur ett globalt, lokalt och historiskt perspektiv.<\/p>\n","protected":false},"excerpt":{"rendered":"<p>Seminarium &#8211; Det livsviktiga, rena vattnet M\u00e5l 6 i Agenda 2030 fastsl\u00e5r att Alla m\u00e4nniskor ska ha tillg\u00e5ng till rent&hellip;<\/p>\n","protected":false},"author":86,"featured_media":390,"parent":0,"menu_order":0,"comment_status":"closed","ping_status":"closed","template":"templates\/template-sub.php","meta":{"_acf_changed":false,"footnotes":"","_links_to":"","_links_to_target":""},"class_list":["post-389","page","type-page","status-publish","has-post-thumbnail","hentry"],"acf":[],"_links":{"self":[{"href":"https:\/\/fn.se\/stockholm\/wp-json\/wp\/v2\/pages\/389","targetHints":{"allow":["GET"]}}],"collection":[{"href":"https:\/\/fn.se\/stockholm\/wp-json\/wp\/v2\/pages"}],"about":[{"href":"https:\/\/fn.se\/stockholm\/wp-json\/wp\/v2\/types\/page"}],"author":[{"embeddable":true,"href":"https:\/\/fn.se\/stockholm\/wp-json\/wp\/v2\/users\/86"}],"replies":[{"embeddable":true,"href":"https:\/\/fn.se\/stockholm\/wp-json\/wp\/v2\/comments?post=389"}],"version-history":[{"count":2,"href":"https:\/\/fn.se\/stockholm\/wp-json\/wp\/v2\/pages\/389\/revisions"}],"predecessor-version":[{"id":479,"href":"https:\/\/fn.se\/stockholm\/wp-json\/wp\/v2\/pages\/389\/revisions\/479"}],"wp:featuredmedia":[{"embeddable":true,"href":"https:\/\/fn.se\/stockholm\/wp-json\/wp\/v2\/media\/390"}],"wp:attachment":[{"href":"https:\/\/fn.se\/stockholm\/wp-json\/wp\/v2\/media?parent=389"}],"curies":[{"name":"wp","href":"https:\/\/api.w.org\/{rel}","templated":true}]}}