{"id":379,"date":"2017-04-20T12:38:55","date_gmt":"2017-04-20T12:38:55","guid":{"rendered":"http:\/\/fn.se\/stockholm\/?page_id=379"},"modified":"2017-05-15T09:53:40","modified_gmt":"2017-05-15T09:53:40","slug":"middag-i-samband-med-den-internationella-dagen-for-manskliga-rattigheter","status":"publish","type":"page","link":"https:\/\/fn.se\/stockholm\/middag-i-samband-med-den-internationella-dagen-for-manskliga-rattigheter\/","title":{"rendered":"Middag i samband med den internationella dagen f\u00f6r m\u00e4nskliga r\u00e4ttigheter"},"content":{"rendered":"<h2>Stockholms FN-f\u00f6renings traditionella MR-middag<\/h2>\n<p>I \u00e4ra till den internationella m\u00e4nskliga r\u00e4ttigheternas dags bj\u00f6d Stockholms FN-f\u00f6rening in medlemmar till en kv\u00e4ll fylld av god mat, trevligt s\u00e4llskap samt <em>DIPLOMUTDELNING f\u00f6r f\u00f6rsvar av m\u00e4nskliga r\u00e4ttigheter.\u00a0<\/em><\/p>\n<p>F\u00f6reningen tillsammans med sina medlemmar nj\u00f6t av den vegetariska middagsbuff\u00e9n\u00a0p\u00e5 restaurang L\u00e9gumes, samtidigt som det diskuterades m\u00e4nskliga r\u00e4ttigheter.<\/p>\n<p>Johanna Fossum sj\u00f6ng f\u00f6r s\u00e4llskapet.<\/p>\n<p>Detta \u00e4r den 21e\u00a0\u00e5ret som Stockholms FN-f\u00f6rening uppm\u00e4rksammar en enskild person och en organisation f\u00f6r deras arbete f\u00f6r m\u00e4nskliga r\u00e4ttigheter, i form av diplomutdelning. Detta \u00e5r gick\u00a0MR-diplomet gick till Elisabeth Massi Fritz med f\u00f6ljande motivering:<\/p>\n<p><em>\u00a0\u201dKlarsynt, p\u00e5l\u00e4st och med stort engagemang s\u00e5v\u00e4l i r\u00e4ttssalen som i samh\u00e4llsdebatten, k\u00e4mpar hon mot hedersf\u00f6rtryck och sexuella \u00f6vergrepp. Elisabeth Massi Fritz \u00e4r en sann f\u00f6rebild f\u00f6r alla som engagerar sig i m\u00e4nskliga r\u00e4ttigheter.\u201d<\/em><\/p>\n<p>&nbsp;<\/p>\n","protected":false},"excerpt":{"rendered":"<p>Stockholms FN-f\u00f6renings traditionella MR-middag I \u00e4ra till den internationella m\u00e4nskliga r\u00e4ttigheternas dags bj\u00f6d Stockholms FN-f\u00f6rening in medlemmar till en kv\u00e4ll&hellip;<\/p>\n","protected":false},"author":86,"featured_media":386,"parent":0,"menu_order":0,"comment_status":"closed","ping_status":"closed","template":"","meta":{"_acf_changed":false,"footnotes":"","_links_to":"","_links_to_target":""},"class_list":["post-379","page","type-page","status-publish","has-post-thumbnail","hentry"],"acf":[],"_links":{"self":[{"href":"https:\/\/fn.se\/stockholm\/wp-json\/wp\/v2\/pages\/379","targetHints":{"allow":["GET"]}}],"collection":[{"href":"https:\/\/fn.se\/stockholm\/wp-json\/wp\/v2\/pages"}],"about":[{"href":"https:\/\/fn.se\/stockholm\/wp-json\/wp\/v2\/types\/page"}],"author":[{"embeddable":true,"href":"https:\/\/fn.se\/stockholm\/wp-json\/wp\/v2\/users\/86"}],"replies":[{"embeddable":true,"href":"https:\/\/fn.se\/stockholm\/wp-json\/wp\/v2\/comments?post=379"}],"version-history":[{"count":2,"href":"https:\/\/fn.se\/stockholm\/wp-json\/wp\/v2\/pages\/379\/revisions"}],"predecessor-version":[{"id":478,"href":"https:\/\/fn.se\/stockholm\/wp-json\/wp\/v2\/pages\/379\/revisions\/478"}],"wp:featuredmedia":[{"embeddable":true,"href":"https:\/\/fn.se\/stockholm\/wp-json\/wp\/v2\/media\/386"}],"wp:attachment":[{"href":"https:\/\/fn.se\/stockholm\/wp-json\/wp\/v2\/media?parent=379"}],"curies":[{"name":"wp","href":"https:\/\/api.w.org\/{rel}","templated":true}]}}