{"id":3700,"date":"2025-05-26T15:14:21","date_gmt":"2025-05-26T15:14:21","guid":{"rendered":"https:\/\/fn.se\/stockholm\/?page_id=3700"},"modified":"2026-02-24T14:09:39","modified_gmt":"2026-02-24T14:09:39","slug":"demokrati-i-dissonans-om-demokrati-fred-och-civilkurage","status":"publish","type":"page","link":"https:\/\/fn.se\/stockholm\/demokrati-i-dissonans-om-demokrati-fred-och-civilkurage\/","title":{"rendered":"Demokrati i dissonans"},"content":{"rendered":"\n<h2 class=\"wp-block-heading\">DEMOKRATI I DISSONANS\u2013 om demokrati, fred och civilkurage<\/h2>\n\n\n\n<p><br>Den 22 mars 2025 samlades cirka 70 deltagare i centrala Stockholm f\u00f6r att tillsammans<br>f\u00f6rdjupa sig i en av v\u00e5r tids viktigaste fr\u00e5gor: Hur st\u00e4rker vi demokratins motst\u00e5ndskraft i<br>en tid av \u00f6kad polarisering och samh\u00e4llsoro? Eventet, som var en del av projektet<br>Demokrati i Dissonans, arrangerades av Stockholms FN-f\u00f6rening, Aikkiya \u2013 Voices for<br>Diversity och Folkuniversitetet. Det bj\u00f6d p\u00e5 en kombination av f\u00f6rel\u00e4sningar,<br>paneldiskussioner och id\u00e9utveckling \u2013 med m\u00e5let att engagera civilsamh\u00e4llet i konkreta<br>l\u00f6sningar f\u00f6r ett h\u00e5llbart demokratiskt samh\u00e4lle.<\/p>\n\n\n\n<p><br>Fyra inbjudna f\u00f6rel\u00e4sare delade med sig av sina perspektiv:<br>&#8211; Silva Mertsola lyfte filosofiska och akademiska aspekter av demokratisk erosion.<br>&#8211; Jonas Trolle, med sin erfarenhet inom polisi\u00e4rt arbete och radikaliseringsfr\u00e5gor, lyfte ungas utsatthet i skolan och hur globala konflikter p\u00e5verkar lokalsamh\u00e4llet.<br>&#8211; Michael P\u00e5lsson, aktivist och jurist, lyfte det civila motst\u00e5ndets roll och<br>gr\u00e4nsdragningarna kring yttrandefrihet.<br>&#8211; Martin Westin hade fokus p\u00e5 dialogens kraft och vikten av korrekt spr\u00e5kbruk i demokratins f\u00f6rsvar.<br><\/p>\n\n\n\n<p>Efter f\u00f6rel\u00e4sningarna f\u00f6ljde en id\u00e9workshop d\u00e4r deltagarna arbetade fram konkreta<br>projektid\u00e9er, bland annat:<\/p>\n\n\n\n<ol class=\"wp-block-list\">\n<li>YouTube-podd om demokratihot, d\u00e4r experter intervjuas av vanliga medborgare.<\/li>\n\n\n\n<li>Verkst\u00e4der f\u00f6r generationsm\u00f6ten, d\u00e4r unga och \u00e4ldre delar kunskaper \u2013 som teknik<br>och handarbete.<\/li>\n\n\n\n<li>Projekt f\u00f6r unga utan syssels\u00e4ttning, utvecklade i direkt dialog med m\u00e5lgruppen.<\/li>\n\n\n\n<li>Nattfotboll och grillkv\u00e4llar, f\u00f6r att bygga gemenskap i socioekonomiskt utsatta<br>omr\u00e5den.<\/li>\n\n\n\n<li>Utbildning i att hantera sv\u00e5ra samtal, med n\u00e4taktivism som demokratisk metod.<\/li>\n\n\n\n<li>SL-projekt om empati och kultur, d\u00e4r reklamutrymmen anv\u00e4nds f\u00f6r konst i juletid.<\/li>\n\n\n\n<li>Studier om lokala valutor f\u00f6r att hantera ekonomiska klyftor och krisberedskap.<\/li>\n\n\n\n<li>Bevakning av lagstiftning kopplat till nedmontering av demokratiska r\u00e4ttigheter.<\/li>\n\n\n\n<li>Studiecirklar som vaccinationsverktyg mot desinformation \u2013 IRL och digitalt.<\/li>\n<\/ol>\n\n\n\n<p>Projektet Demokrati i Dissonans visar tydligt att det finns vilja, kreativitet och civilkurage \u2013<br>men att framtidens demokratiska r\u00f6relser m\u00e5ste formas p\u00e5 medborgarnas villkor, med respekt<br>f\u00f6r m\u00e4nniskors livssituationer och olika s\u00e4tt att bidra.<\/p>\n\n\n\n<p><br>Stockholms FN-f\u00f6rening tackar alla deltagare, talare och projektgruppen f\u00f6r ett v\u00e4rdefullt<br>samarbete och ser fram emot att forts\u00e4tta samarbetet kring de projektf\u00f6rslag som tagits fram.<br><\/p>\n\n\n\n<p>Vill du veta mer eller engagera dig i framtida initiativ? Kontakta oss p\u00e5<br>info@unastockholm.se eller bes\u00f6k aikkiya.org.<\/p>\n\n\n\n<figure class=\"wp-block-image size-full\"><img loading=\"lazy\" decoding=\"async\" width=\"873\" height=\"655\" src=\"https:\/\/fn.se\/stockholm\/wp-content\/uploads\/sites\/32\/2025\/05\/demokrati1-2.jpeg\" alt=\"\" class=\"wp-image-3712\" srcset=\"https:\/\/fn.se\/stockholm\/wp-content\/uploads\/sites\/32\/2025\/05\/demokrati1-2.jpeg 873w, https:\/\/fn.se\/stockholm\/wp-content\/uploads\/sites\/32\/2025\/05\/demokrati1-2-300x225.jpeg 300w, https:\/\/fn.se\/stockholm\/wp-content\/uploads\/sites\/32\/2025\/05\/demokrati1-2-768x576.jpeg 768w, https:\/\/fn.se\/stockholm\/wp-content\/uploads\/sites\/32\/2025\/05\/demokrati1-2-650x488.jpeg 650w\" sizes=\"auto, (max-width: 873px) 100vw, 873px\" \/><\/figure>\n","protected":false},"excerpt":{"rendered":"<p>DEMOKRATI I DISSONANS\u2013 om demokrati, fred och civilkurage Den 22 mars 2025 samlades cirka 70 deltagare i centrala Stockholm f\u00f6r&hellip;<\/p>\n","protected":false},"author":86,"featured_media":0,"parent":0,"menu_order":0,"comment_status":"closed","ping_status":"closed","template":"","meta":{"_acf_changed":false,"footnotes":"","_links_to":"","_links_to_target":""},"class_list":["post-3700","page","type-page","status-publish","hentry"],"acf":[],"_links":{"self":[{"href":"https:\/\/fn.se\/stockholm\/wp-json\/wp\/v2\/pages\/3700","targetHints":{"allow":["GET"]}}],"collection":[{"href":"https:\/\/fn.se\/stockholm\/wp-json\/wp\/v2\/pages"}],"about":[{"href":"https:\/\/fn.se\/stockholm\/wp-json\/wp\/v2\/types\/page"}],"author":[{"embeddable":true,"href":"https:\/\/fn.se\/stockholm\/wp-json\/wp\/v2\/users\/86"}],"replies":[{"embeddable":true,"href":"https:\/\/fn.se\/stockholm\/wp-json\/wp\/v2\/comments?post=3700"}],"version-history":[{"count":7,"href":"https:\/\/fn.se\/stockholm\/wp-json\/wp\/v2\/pages\/3700\/revisions"}],"predecessor-version":[{"id":4049,"href":"https:\/\/fn.se\/stockholm\/wp-json\/wp\/v2\/pages\/3700\/revisions\/4049"}],"wp:attachment":[{"href":"https:\/\/fn.se\/stockholm\/wp-json\/wp\/v2\/media?parent=3700"}],"curies":[{"name":"wp","href":"https:\/\/api.w.org\/{rel}","templated":true}]}}