{"id":37,"date":"2016-09-30T14:42:26","date_gmt":"2016-09-30T14:42:26","guid":{"rendered":"http:\/\/fn.se\/stockholm\/?page_id=37"},"modified":"2018-01-30T10:53:15","modified_gmt":"2018-01-30T10:53:15","slug":"18-november-sista-delen-av-seminarieserien-kvinnors-ratt-till-sina-kroppar","status":"publish","type":"page","link":"https:\/\/fn.se\/stockholm\/18-november-sista-delen-av-seminarieserien-kvinnors-ratt-till-sina-kroppar\/","title":{"rendered":"18 november Sista delen av seminarieserien Kvinnors r\u00e4tt till sina kroppar"},"content":{"rendered":"<h2 style=\"text-align: center\">Sista delen av seminarieserien Kvinnors r\u00e4tt till sina kroppar<\/h2>\n<div>\n<p>Tisdagen den 18 november anordnade Stockholms FN-f\u00f6rening i samarbeta med ABF, den sista och fj\u00e4rde delen av seminarieserien <em>Kvinnors r\u00e4tt till sina kroppar<\/em>. Seminariet behandlade fr\u00e5gor om situationen f\u00f6r de prostituerade i Stockholm.<\/p>\n<p>Kv\u00e4llens talare var Elise Lindqvist, som hj\u00e4lper de prostituerade p\u00e5 Malmskillnadsgatan i Stockholm och som \u00e4ven tilldelades Stockholms FN-f\u00f6renings MR-diplom 2013. Elise ber\u00e4ttade om sitt tidigare liv som prostituerad och hur hon i dag hj\u00e4lper unga prostituerade flickor p\u00e5 gatan.<\/p>\n<p><strong>Ett stort tack till Elise Lindqvist vars f\u00f6rel\u00e4sning ber\u00f6rde oss alla!<\/strong><\/p>\n<p><strong>Och \u00e5terigen ett stort tack till alla som deltog!<\/strong><\/p>\n<\/div>\n","protected":false},"excerpt":{"rendered":"<p>Sista delen av seminarieserien Kvinnors r\u00e4tt till sina kroppar Tisdagen den 18 november anordnade Stockholms FN-f\u00f6rening i samarbeta med ABF,&hellip;<\/p>\n","protected":false},"author":17,"featured_media":0,"parent":0,"menu_order":0,"comment_status":"closed","ping_status":"closed","template":"","meta":{"_acf_changed":false,"footnotes":"","_links_to":"","_links_to_target":""},"class_list":["post-37","page","type-page","status-publish","hentry"],"acf":[],"_links":{"self":[{"href":"https:\/\/fn.se\/stockholm\/wp-json\/wp\/v2\/pages\/37","targetHints":{"allow":["GET"]}}],"collection":[{"href":"https:\/\/fn.se\/stockholm\/wp-json\/wp\/v2\/pages"}],"about":[{"href":"https:\/\/fn.se\/stockholm\/wp-json\/wp\/v2\/types\/page"}],"author":[{"embeddable":true,"href":"https:\/\/fn.se\/stockholm\/wp-json\/wp\/v2\/users\/17"}],"replies":[{"embeddable":true,"href":"https:\/\/fn.se\/stockholm\/wp-json\/wp\/v2\/comments?post=37"}],"version-history":[{"count":2,"href":"https:\/\/fn.se\/stockholm\/wp-json\/wp\/v2\/pages\/37\/revisions"}],"predecessor-version":[{"id":741,"href":"https:\/\/fn.se\/stockholm\/wp-json\/wp\/v2\/pages\/37\/revisions\/741"}],"wp:attachment":[{"href":"https:\/\/fn.se\/stockholm\/wp-json\/wp\/v2\/media?parent=37"}],"curies":[{"name":"wp","href":"https:\/\/api.w.org\/{rel}","templated":true}]}}