{"id":3605,"date":"2025-03-08T14:35:24","date_gmt":"2025-03-08T14:35:24","guid":{"rendered":"https:\/\/fn.se\/stockholm\/?page_id=3605"},"modified":"2026-03-27T12:17:40","modified_gmt":"2026-03-27T12:17:40","slug":"kvinnodagen-2025","status":"publish","type":"page","link":"https:\/\/fn.se\/stockholm\/kvinnodagen-2025\/","title":{"rendered":"Kvinnodagen 2025"},"content":{"rendered":"\n<h2 class=\"wp-block-heading\">Internationella Kvinnodagen 2025 &#8211; 25 \u00c5R SEDAN FN:s resolution 1325 &#8221;Kvinnor, fred och s\u00e4kerhet&#8221;<\/h2>\n\n\n\n<h3 class=\"wp-block-heading\">&#8211; Intervju med Internationella Kvinnof\u00f6rbundet f\u00f6r Fred och Frihet (IKFF)<\/h3>\n\n\n\n<figure class=\"wp-block-image size-large is-resized\"><img decoding=\"async\" src=\"https:\/\/fn.se\/stockholm\/wp-content\/uploads\/sites\/32\/2025\/03\/The-time-is-always-right-to-do-what-is-right-819x1024.jpg\" alt=\"\" class=\"wp-image-3606\" style=\"width:341px;height:auto\" \/><\/figure>\n\n\n\n<p><br><strong>&#8211; Vad inneb\u00e4r FN:s resolution Kvinnor, fred och s\u00e4kerhet?<\/strong><br>S\u00e4kerhetsr\u00e5dsresolution 1325 antogs \u00e5r 2000 i FN:s s\u00e4kerhetsr\u00e5d efter p\u00e5tryckningar fr\u00e5n den<br>globala kvinnofredsr\u00f6relsen. Det var den f\u00f6rsta resolutionen i s\u00e4kerhetsr\u00e5det som slog fast att<br>kvinnors deltagande i beslutsfattande, fredsprocesser och konfliktf\u00f6rebyggande arbete \u00e4r<br>avg\u00f6rande f\u00f6r att uppn\u00e5 h\u00e5llbar fred. Sedan dess har nio resolutioner antagits p\u00e5 omr\u00e5det (10st<br>inkl 1325). Tillsammans utg\u00f6r de den s\u00e5 kallade agendan f\u00f6r kvinnor, fred och s\u00e4kerhet.<br>I grunden handlar agendan om att f\u00f6rebygga och stoppa krig, och att bygga h\u00e5llbar fred.<br>Agendan innebar ett nytt s\u00e4tt att se p\u00e5 konflikt, s\u00e4kerhet och fred p\u00e5 internationell niv\u00e5. Den<br>\u00f6ppnar upp f\u00f6r fr\u00e5gor som: vems s\u00e4kerhet prioriteras vid milit\u00e4ra l\u00f6sningar p\u00e5 konflikter?<br>Upplever m\u00e4n och kvinnor konflikt olika och i s\u00e5 fall varf\u00f6r? Hur skapas h\u00e5llbar fred?<br>M\u00e5let \u00e4r att bygga j\u00e4mst\u00e4lld fred, inte j\u00e4mst\u00e4llda krig. Vi m\u00e5ste adressera grundorsakerna till<br>v\u00e4pnade konflikter som oj\u00e4mlikhet, brist p\u00e5 resurser osv. men \u00e4ven utmana patriarkala<br>strukturer och militariserade maskuliniteter som st\u00e5r i v\u00e4gen f\u00f6r s\u00e5v\u00e4l kvinnors r\u00e4ttigheter<br>som h\u00e5llbar fred.<\/p>\n\n\n\n<p><\/p>\n\n\n\n<p><strong>&#8211; Hur drabbas kvinnor och flickor p\u00e5 andra s\u00e4tt \u00e4n m\u00e4n under och efter konflikter?<\/strong><\/p>\n\n\n\n<p>Under v\u00e4pnad konflikt blir k\u00f6nsrollerna ofta sn\u00e4vare, de f\u00f6rst\u00e4rks och cementeras vilket<br>bidrar till \u00f6kat v\u00e5ld mot bland andra kvinnor, flickor och HBTQI-personer. Kvinnor uts\u00e4tts f\u00f6r<br>oproportionerligt mycket v\u00e5ld under v\u00e4pnade konflikt, inte minst sexualiserat v\u00e5ld, b\u00e5de fr\u00e5n<br>\u201dfienden\u201d och fr\u00e5n \u201dde egna\u201d m\u00e4nnen. \u00c4ven m\u00e4n och pojkar uts\u00e4tts. V\u00e5ldt\u00e4kter kan anv\u00e4ndas<br>som en strategi av milit\u00e4rer och v\u00e4pnade grupper f\u00f6r att splittra samh\u00e4llen, f\u00f6rdriva m\u00e4nniskor<br>och visa makt. Id\u00e9er om maskulinitet och femininitet \u00e4r grundl\u00e4ggande f\u00f6r logiken bakom.<br>V\u00e5ldt\u00e4kter och v\u00e5ld mot kvinnor h\u00e4nger ihop med id\u00e9er om att m\u00e4n ska visa makt, &#8221;er\u00f6vra<br>fiendens kvinnor\u201d och f\u00f6rnedra (feminisera) m\u00e4nnen i fiendegruppen, att visa deras of\u00f6rm\u00e5ga<br>att skydda \u201dsina\u201d kvinnor. Detta v\u00e5ld leder s\u00e4llan till n\u00e5gra straff, inte heller efter att<br>konflikten \u00e4r \u00f6ver.<\/p>\n\n\n\n<p>B\u00e5de m\u00e4n och kvinnor har m\u00e5nga olika roller under ett krig. M\u00e4n behandlas dock traditionellt<br>som nyckelakt\u00f6rer i krig, fred och \u00e5teruppbyggnad, eftersom de ofta sitter p\u00e5\u030a makten \u00f6ver<br>besluten, samt st\u00e5r f\u00f6r den st\u00f6rsta andelen stridande och skadade. Samtidigt som m\u00e4n ofta<br>portr\u00e4tteras som uppoffrande hj\u00e4ltar i rollen som soldater osynligg\u00f6rs ofta kvinnors avg\u00f6rande<br>roll och ansvar i att f\u00e5 samh\u00e4llet att forts\u00e4tta att fungera under en v\u00e4pnad konflikt.<br>Framf\u00f6r allt i utdragna konflikter \u00e4r det m\u00e5nga kvinnor som tar \u00f6ver rollen som familjens<br>f\u00f6rs\u00f6rjare n\u00e4r m\u00e4nnen l\u00e4mnar hemmen f\u00f6r att strida. Det h\u00e4r f\u00f6r\u00e4ndrar k\u00f6nsrollerna och<br>kvinnorna f\u00e5r en ny makt och sj\u00e4lvst\u00e4ndighet \u00e4n innan. Efter konflikten n\u00e4r m\u00e4nnen kommer<br>tillbaka k\u00e4nner de sig m\u00e5nga g\u00e5nger maktl\u00f6sa p\u00e5 grund av de f\u00f6r\u00e4ndrade k\u00f6nsrollerna vilket<br>ofta leder till \u00f6kat v\u00e5ld i hemmet.<\/p>\n\n\n\n<p>Kvinnor utesluts ofta fr\u00e5n att det politiska arbetet f\u00f6r att f\u00f6rebygga, stoppa och \u00e5teruppbygga<br>samh\u00e4llet efter en v\u00e4pnad konflikt. I officiella fredsf\u00f6rhandlingar \u00e4r det n\u00e4stan uteslutande<br>m\u00e4n som deltar, trots att vi vet att kvinnors deltagande \u00e4r avg\u00f6rande f\u00f6r h\u00e5llbar fred.<br><\/p>\n\n\n\n<p>&#8211; <strong>Hur arbetar er organisation f\u00f6r att FN:s m\u00e5l om kvinnor, fred och s\u00e4kerhet ska bli<br>verklighet?<\/strong><\/p>\n\n\n\n<p>IKFF som \u00e4r v\u00e4rldens \u00e4ldsta kvinnofredsorganisation var en av de ledande organisationerna i<br>att driva fram resolution 1325. Sen dess har IKFF och andra organisationer runtom i v\u00e4rlden<br>jobbat f\u00f6r att agendan ska f\u00f6rverkligas i praktiken.<br>IKFF i Sverige arbetar f\u00f6r att st\u00e4rka kunskapen om agendans syfte och inneb\u00f6rd bland<br>svenska beslutsfattare och tj\u00e4nstepersoner, ta fram analyser och rekommendationer till st\u00f6d<br>f\u00f6r arbetet samt st\u00f6tta i finansieringen av kvinnors fredsbyggande arbete runt om i v\u00e4rlden.<\/p>\n\n\n\n<p><br><strong>&#8211; Vilka framsteg och utmaningar finns g\u00e4llande inkludering av kvinnor i fred- och<br>s\u00e4kerhetsarbete, globalt och i Sverige? \/ Vad beh\u00f6vs fram\u00f6ver f\u00f6r att kvinnor ska f\u00e5 en<br>st\u00f6rre roll i fredsprocesser och fredsbyggande?<\/strong><\/p>\n\n\n\n<p>Mycket av arbetet med kvinnor, fred och s\u00e4kerhet har kommit att handla om skyddet av<br>kvinnor i v\u00e4pnad konflikt. Skydd har hamnat i fokus p\u00e5\u030a bekostnad av att \u00f6ka kvinnors makt<br>genom politiskt deltagande. Det inneb\u00e4r att kvinnor ses som enbart offer och blir<br>osynliggjorda som akt\u00f6rer f\u00f6r f\u00f6r\u00e4ndring. Det b\u00e4sta s\u00e4ttet att skydda kvinnor fr\u00e5n<br>konfliktrelaterat v\u00e5ld \u00e4r att f\u00f6rebygga v\u00e4pnade konflikter och \u00f6ka kvinnors makt, att arbeta f\u00f6r<br>att skydd inte ska beh\u00f6vas.<\/p>\n\n\n\n<p>N\u00e4r kvinnors deltagande och makt har diskuterats inom agendan har det ofta kommit att<br>handla om att \u00f6ka kvinnors deltagande inom polisen och milit\u00e4ren. Detta har osynliggjort<br>kvinnors civila politiska fredsarbete och har bidragit till att agendan anv\u00e4nts som ett politiskt<br>redskap f\u00f6r att legitimera en \u00f6kad militarisering. Kvinnor\u00e4ttsorganisationer v\u00e4rlden \u00f6ver har<br>kritiserat detta. J\u00e4mst\u00e4lldhet uppn\u00e5s inte genom att l\u00e4gga till kvinnor i r\u00e5dande strukturer.<br>Strukturer, v\u00e4rderingar och normer m\u00e5ste ifr\u00e5gasattas och aktivt f\u00f6r\u00e4ndras.<\/p>\n\n\n\n<p>Det kr\u00e4vs ocks\u00e5 resurser och politisk vilja f\u00f6r att n\u00e5 resultat. Senaste \u00e5ren har vi tyv\u00e4rr f\u00e5tt<br>bevittna en omfattande backlash mot kvinnors r\u00e4ttigheter som g\u00f6r att vi i st\u00e4llet g\u00e5r i motsatt<br>riktning. Vi ser idag hur extremt mycket resurser l\u00e4ggs p\u00e5 milit\u00e4r upprustning samtidigt som<br>st\u00f6det till fredsorganisationer kapas och bist\u00e5ndet till kvinnor\u00e4ttsaktivister minskar. Det h\u00e4r \u00e4r<br>inte v\u00e4gen till h\u00e5llbar fred i enlighet med agendan f\u00f6r kvinnor, fred och s\u00e4kerhet.<\/p>\n","protected":false},"excerpt":{"rendered":"<p>Internationella Kvinnodagen 2025 &#8211; 25 \u00c5R SEDAN FN:s resolution 1325 &#8221;Kvinnor, fred och s\u00e4kerhet&#8221; &#8211; Intervju med Internationella Kvinnof\u00f6rbundet f\u00f6r&hellip;<\/p>\n","protected":false},"author":86,"featured_media":0,"parent":0,"menu_order":0,"comment_status":"closed","ping_status":"closed","template":"","meta":{"_acf_changed":false,"footnotes":"","_links_to":"","_links_to_target":""},"class_list":["post-3605","page","type-page","status-publish","hentry"],"acf":[],"_links":{"self":[{"href":"https:\/\/fn.se\/stockholm\/wp-json\/wp\/v2\/pages\/3605","targetHints":{"allow":["GET"]}}],"collection":[{"href":"https:\/\/fn.se\/stockholm\/wp-json\/wp\/v2\/pages"}],"about":[{"href":"https:\/\/fn.se\/stockholm\/wp-json\/wp\/v2\/types\/page"}],"author":[{"embeddable":true,"href":"https:\/\/fn.se\/stockholm\/wp-json\/wp\/v2\/users\/86"}],"replies":[{"embeddable":true,"href":"https:\/\/fn.se\/stockholm\/wp-json\/wp\/v2\/comments?post=3605"}],"version-history":[{"count":9,"href":"https:\/\/fn.se\/stockholm\/wp-json\/wp\/v2\/pages\/3605\/revisions"}],"predecessor-version":[{"id":4533,"href":"https:\/\/fn.se\/stockholm\/wp-json\/wp\/v2\/pages\/3605\/revisions\/4533"}],"wp:attachment":[{"href":"https:\/\/fn.se\/stockholm\/wp-json\/wp\/v2\/media?parent=3605"}],"curies":[{"name":"wp","href":"https:\/\/api.w.org\/{rel}","templated":true}]}}