{"id":3435,"date":"2024-12-17T13:00:50","date_gmt":"2024-12-17T13:00:50","guid":{"rendered":"https:\/\/fn.se\/stockholm\/?page_id=3435"},"modified":"2024-12-17T13:00:50","modified_gmt":"2024-12-17T13:00:50","slug":"2024-2","status":"publish","type":"page","link":"https:\/\/fn.se\/stockholm\/2024-2\/","title":{"rendered":"2024"},"content":{"rendered":"\n<figure class=\"wp-block-image alignright size-full is-resized\"><img decoding=\"async\" src=\"https:\/\/fn.se\/stockholm\/wp-content\/uploads\/sites\/32\/2016\/02\/Stockholm.jpg\" alt=\"\" class=\"wp-image-12\" style=\"width:121px;height:auto\" \/><\/figure>\n\n\n\n<h2 class=\"wp-block-heading\"><strong>2024<\/strong><\/h2>\n\n\n\n<p><\/p>\n\n\n\n<p>H\u00e4r hittas handlingar fr\u00e5n 2024 samt bilder fr\u00e5n evenemang under \u00e5ret. <\/p>\n\n\n\n<p><strong>Nedan finns alla handlingar fr\u00e5n \u00e5rsm\u00f6tet 2024:<\/strong><\/p>\n\n\n\n<div class=\"wp-block-group is-layout-grid wp-container-core-group-is-layout-9649a0d9 wp-block-group-is-layout-grid\">\n<div class=\"wp-block-group wp-container-content-5f80b302 is-layout-grid wp-container-core-group-is-layout-9649a0d9 wp-block-group-is-layout-grid\">\n<p><a href=\"https:\/\/fn.se\/stockholm\/wp-content\/uploads\/sites\/32\/2024\/02\/Kallelse-till-arsmote-2024-Stockholms-FN-forening.docx.pdf\">Dagordning \u00e5rsm\u00f6te 2024<\/a><\/p>\n\n\n\n<p><a href=\"https:\/\/fn.se\/stockholm\/wp-content\/uploads\/sites\/32\/2024\/02\/Verksamhetsberattelse-2023.pdf\">Verksamhetsber\u00e4ttelse 2023<\/a><\/p>\n\n\n\n<p><a href=\"https:\/\/fn.se\/stockholm\/wp-content\/uploads\/sites\/32\/2024\/02\/Verksamhetsplan-for-2024.docx.pdf\">Verksamhetsplan f\u00f6r 2024<\/a><\/p>\n\n\n\n<p><a href=\"https:\/\/fn.se\/stockholm\/wp-content\/uploads\/sites\/32\/2024\/02\/FN-foreningen-i-Stockholm-Valberedningens-Forslag-2024.docx.pdf\">Valberedningens F\u00f6rslag 2024<\/a><\/p>\n\n\n\n<p><a href=\"https:\/\/fn.se\/stockholm\/wp-content\/uploads\/sites\/32\/2024\/02\/Motion-till-Svenska-FN-forbundets-kongress-2024-utskick-till-medlemmar.docx.pdf\">Motion till Svenska FN-f\u00f6rbundets kongress 2024<\/a><\/p>\n\n\n\n<p><a href=\"https:\/\/fn.se\/stockholm\/wp-content\/uploads\/sites\/32\/2024\/02\/Resultatrapport_20230101-20231231-1.pdf\">Resultatrapport<\/a><\/p>\n\n\n\n<p><a href=\"https:\/\/fn.se\/stockholm\/wp-content\/uploads\/sites\/32\/2024\/02\/Balansrapport_20230101-20231231-1.pdf\">Balansrapport<\/a><\/p>\n\n\n\n<p><a href=\"https:\/\/fn.se\/stockholm\/wp-content\/uploads\/sites\/32\/2024\/02\/Revisionsberattelse.pdf\">Revisionsber\u00e4ttelse<\/a><\/p>\n\n\n\n<p><a href=\"https:\/\/fn.se\/stockholm\/wp-content\/uploads\/sites\/32\/2024\/02\/Verksamhetsbudget-2024.pdf\">Verksamhetsbudget 2024<\/a><\/p>\n\n\n\n<p><a href=\"https:\/\/fn.se\/stockholm\/wp-content\/uploads\/sites\/32\/2024\/08\/UNA-Arsmotesprotokoll-2024-4-3.pdf\">Protokoll \u00c5rsm\u00f6te 2024<\/a><\/p>\n<\/div>\n<\/div>\n\n\n\n<p><strong>Evenemang<\/strong> <strong>under h\u00f6sten 2024<\/strong><\/p>\n\n\n\n<figure class=\"wp-block-gallery has-nested-images columns-default is-cropped wp-block-gallery-1 is-layout-flex wp-block-gallery-is-layout-flex\">\n<figure class=\"wp-block-image size-large\"><img loading=\"lazy\" decoding=\"async\" width=\"1024\" height=\"1024\" data-id=\"3442\" src=\"https:\/\/fn.se\/stockholm\/wp-content\/uploads\/sites\/32\/2024\/12\/3-1024x1024.png\" alt=\"\" class=\"wp-image-3442\" srcset=\"https:\/\/fn.se\/stockholm\/wp-content\/uploads\/sites\/32\/2024\/12\/3-1024x1024.png 1024w, https:\/\/fn.se\/stockholm\/wp-content\/uploads\/sites\/32\/2024\/12\/3-300x300.png 300w, https:\/\/fn.se\/stockholm\/wp-content\/uploads\/sites\/32\/2024\/12\/3-150x150.png 150w, https:\/\/fn.se\/stockholm\/wp-content\/uploads\/sites\/32\/2024\/12\/3-768x768.png 768w, https:\/\/fn.se\/stockholm\/wp-content\/uploads\/sites\/32\/2024\/12\/3-650x650.png 650w, https:\/\/fn.se\/stockholm\/wp-content\/uploads\/sites\/32\/2024\/12\/3-400x400.png 400w, https:\/\/fn.se\/stockholm\/wp-content\/uploads\/sites\/32\/2024\/12\/3-600x600.png 600w, https:\/\/fn.se\/stockholm\/wp-content\/uploads\/sites\/32\/2024\/12\/3.png 1080w\" sizes=\"auto, (max-width: 1024px) 100vw, 1024px\" \/><\/figure>\n\n\n\n<figure class=\"wp-block-image size-large\"><img loading=\"lazy\" decoding=\"async\" width=\"1024\" height=\"1024\" data-id=\"3441\" src=\"https:\/\/fn.se\/stockholm\/wp-content\/uploads\/sites\/32\/2024\/12\/1-1-1024x1024.png\" alt=\"\" class=\"wp-image-3441\" srcset=\"https:\/\/fn.se\/stockholm\/wp-content\/uploads\/sites\/32\/2024\/12\/1-1-1024x1024.png 1024w, https:\/\/fn.se\/stockholm\/wp-content\/uploads\/sites\/32\/2024\/12\/1-1-300x300.png 300w, https:\/\/fn.se\/stockholm\/wp-content\/uploads\/sites\/32\/2024\/12\/1-1-150x150.png 150w, https:\/\/fn.se\/stockholm\/wp-content\/uploads\/sites\/32\/2024\/12\/1-1-768x768.png 768w, https:\/\/fn.se\/stockholm\/wp-content\/uploads\/sites\/32\/2024\/12\/1-1-650x650.png 650w, https:\/\/fn.se\/stockholm\/wp-content\/uploads\/sites\/32\/2024\/12\/1-1-400x400.png 400w, https:\/\/fn.se\/stockholm\/wp-content\/uploads\/sites\/32\/2024\/12\/1-1-600x600.png 600w, https:\/\/fn.se\/stockholm\/wp-content\/uploads\/sites\/32\/2024\/12\/1-1.png 1080w\" sizes=\"auto, (max-width: 1024px) 100vw, 1024px\" \/><\/figure>\n\n\n\n<figure class=\"wp-block-image size-large\"><img loading=\"lazy\" decoding=\"async\" width=\"1024\" height=\"576\" data-id=\"3209\" src=\"https:\/\/fn.se\/stockholm\/wp-content\/uploads\/sites\/32\/2024\/09\/FN-dag-2024-1024x576-1.png\" alt=\"\" class=\"wp-image-3209\" srcset=\"https:\/\/fn.se\/stockholm\/wp-content\/uploads\/sites\/32\/2024\/09\/FN-dag-2024-1024x576-1.png 1024w, https:\/\/fn.se\/stockholm\/wp-content\/uploads\/sites\/32\/2024\/09\/FN-dag-2024-1024x576-1-300x169.png 300w, https:\/\/fn.se\/stockholm\/wp-content\/uploads\/sites\/32\/2024\/09\/FN-dag-2024-1024x576-1-768x432.png 768w, https:\/\/fn.se\/stockholm\/wp-content\/uploads\/sites\/32\/2024\/09\/FN-dag-2024-1024x576-1-650x366.png 650w\" sizes=\"auto, (max-width: 1024px) 100vw, 1024px\" \/><figcaption class=\"wp-element-caption\"><a href=\"https:\/\/fn.se\/stockholm\/2024\/10\/29\/eftersnack-fn-dagen-2024\/\" data-type=\"post\" data-id=\"3376\">FN-dagen 24\/10-2024<\/a><\/figcaption><\/figure>\n\n\n\n<figure class=\"wp-block-image size-large\"><img loading=\"lazy\" decoding=\"async\" width=\"480\" height=\"640\" data-id=\"3368\" src=\"https:\/\/fn.se\/stockholm\/wp-content\/uploads\/sites\/32\/2024\/10\/IMG_8392-rotated.jpg\" alt=\"\" class=\"wp-image-3368\" srcset=\"https:\/\/fn.se\/stockholm\/wp-content\/uploads\/sites\/32\/2024\/10\/IMG_8392-rotated.jpg 480w, https:\/\/fn.se\/stockholm\/wp-content\/uploads\/sites\/32\/2024\/10\/IMG_8392-225x300.jpg 225w\" sizes=\"auto, (max-width: 480px) 100vw, 480px\" \/><\/figure>\n\n\n\n<figure class=\"wp-block-image size-large\"><img loading=\"lazy\" decoding=\"async\" width=\"480\" height=\"640\" data-id=\"3369\" src=\"https:\/\/fn.se\/stockholm\/wp-content\/uploads\/sites\/32\/2024\/10\/IMG_8391-rotated.jpg\" alt=\"\" class=\"wp-image-3369\" srcset=\"https:\/\/fn.se\/stockholm\/wp-content\/uploads\/sites\/32\/2024\/10\/IMG_8391-rotated.jpg 480w, https:\/\/fn.se\/stockholm\/wp-content\/uploads\/sites\/32\/2024\/10\/IMG_8391-225x300.jpg 225w\" sizes=\"auto, (max-width: 480px) 100vw, 480px\" \/><\/figure>\n\n\n\n<figure class=\"wp-block-image size-large\"><img loading=\"lazy\" decoding=\"async\" width=\"480\" height=\"640\" data-id=\"3372\" src=\"https:\/\/fn.se\/stockholm\/wp-content\/uploads\/sites\/32\/2024\/10\/IMG_8404-rotated.jpg\" alt=\"\" class=\"wp-image-3372\" srcset=\"https:\/\/fn.se\/stockholm\/wp-content\/uploads\/sites\/32\/2024\/10\/IMG_8404-rotated.jpg 480w, https:\/\/fn.se\/stockholm\/wp-content\/uploads\/sites\/32\/2024\/10\/IMG_8404-225x300.jpg 225w\" sizes=\"auto, (max-width: 480px) 100vw, 480px\" \/><\/figure>\n\n\n\n<figure class=\"wp-block-image size-large\"><img loading=\"lazy\" decoding=\"async\" width=\"480\" height=\"640\" data-id=\"3374\" src=\"https:\/\/fn.se\/stockholm\/wp-content\/uploads\/sites\/32\/2024\/10\/IMG_8405-rotated.jpg\" alt=\"\" class=\"wp-image-3374\" srcset=\"https:\/\/fn.se\/stockholm\/wp-content\/uploads\/sites\/32\/2024\/10\/IMG_8405-rotated.jpg 480w, https:\/\/fn.se\/stockholm\/wp-content\/uploads\/sites\/32\/2024\/10\/IMG_8405-225x300.jpg 225w\" sizes=\"auto, (max-width: 480px) 100vw, 480px\" \/><figcaption class=\"wp-element-caption\">Ordf\u00f6rande Maria Appelblom tackar deltagarna <\/figcaption><\/figure>\n\n\n\n<figure class=\"wp-block-image size-large\"><img loading=\"lazy\" decoding=\"async\" width=\"1024\" height=\"1024\" data-id=\"3438\" src=\"https:\/\/fn.se\/stockholm\/wp-content\/uploads\/sites\/32\/2024\/12\/Event-Medlemsmote-1024x1024.png\" alt=\"\" class=\"wp-image-3438\" srcset=\"https:\/\/fn.se\/stockholm\/wp-content\/uploads\/sites\/32\/2024\/12\/Event-Medlemsmote-1024x1024.png 1024w, https:\/\/fn.se\/stockholm\/wp-content\/uploads\/sites\/32\/2024\/12\/Event-Medlemsmote-300x300.png 300w, https:\/\/fn.se\/stockholm\/wp-content\/uploads\/sites\/32\/2024\/12\/Event-Medlemsmote-150x150.png 150w, https:\/\/fn.se\/stockholm\/wp-content\/uploads\/sites\/32\/2024\/12\/Event-Medlemsmote-768x768.png 768w, https:\/\/fn.se\/stockholm\/wp-content\/uploads\/sites\/32\/2024\/12\/Event-Medlemsmote-650x650.png 650w, https:\/\/fn.se\/stockholm\/wp-content\/uploads\/sites\/32\/2024\/12\/Event-Medlemsmote-400x400.png 400w, https:\/\/fn.se\/stockholm\/wp-content\/uploads\/sites\/32\/2024\/12\/Event-Medlemsmote-600x600.png 600w, https:\/\/fn.se\/stockholm\/wp-content\/uploads\/sites\/32\/2024\/12\/Event-Medlemsmote.png 1080w\" sizes=\"auto, (max-width: 1024px) 100vw, 1024px\" \/><figcaption class=\"wp-element-caption\">7\/11-2024<\/figcaption><\/figure>\n\n\n\n<figure class=\"wp-block-image size-large\"><img loading=\"lazy\" decoding=\"async\" width=\"350\" height=\"341\" data-id=\"3423\" src=\"https:\/\/fn.se\/stockholm\/wp-content\/uploads\/sites\/32\/2024\/12\/Skarmavbild-2024-12-13-kl.-13.36.44.png\" alt=\"\" class=\"wp-image-3423\" srcset=\"https:\/\/fn.se\/stockholm\/wp-content\/uploads\/sites\/32\/2024\/12\/Skarmavbild-2024-12-13-kl.-13.36.44.png 350w, https:\/\/fn.se\/stockholm\/wp-content\/uploads\/sites\/32\/2024\/12\/Skarmavbild-2024-12-13-kl.-13.36.44-300x292.png 300w\" sizes=\"auto, (max-width: 350px) 100vw, 350px\" \/><figcaption class=\"wp-element-caption\">10\/12-2024<\/figcaption><\/figure>\n\n\n\n<figure class=\"wp-block-image size-large\"><img loading=\"lazy\" decoding=\"async\" width=\"351\" height=\"344\" data-id=\"3422\" src=\"https:\/\/fn.se\/stockholm\/wp-content\/uploads\/sites\/32\/2024\/12\/Skarmavbild-2024-12-13-kl.-13.36.35.png\" alt=\"\" class=\"wp-image-3422\" srcset=\"https:\/\/fn.se\/stockholm\/wp-content\/uploads\/sites\/32\/2024\/12\/Skarmavbild-2024-12-13-kl.-13.36.35.png 351w, https:\/\/fn.se\/stockholm\/wp-content\/uploads\/sites\/32\/2024\/12\/Skarmavbild-2024-12-13-kl.-13.36.35-300x294.png 300w\" sizes=\"auto, (max-width: 351px) 100vw, 351px\" \/><figcaption class=\"wp-element-caption\">10\/12-2024<\/figcaption><\/figure>\n\n\n\n<figure class=\"wp-block-image size-large\"><img loading=\"lazy\" decoding=\"async\" width=\"724\" height=\"1024\" data-id=\"3439\" src=\"https:\/\/fn.se\/stockholm\/wp-content\/uploads\/sites\/32\/2024\/12\/1-724x1024.png\" alt=\"\" class=\"wp-image-3439\" srcset=\"https:\/\/fn.se\/stockholm\/wp-content\/uploads\/sites\/32\/2024\/12\/1-724x1024.png 724w, https:\/\/fn.se\/stockholm\/wp-content\/uploads\/sites\/32\/2024\/12\/1-212x300.png 212w, https:\/\/fn.se\/stockholm\/wp-content\/uploads\/sites\/32\/2024\/12\/1-768x1086.png 768w, https:\/\/fn.se\/stockholm\/wp-content\/uploads\/sites\/32\/2024\/12\/1-1086x1536.png 1086w, https:\/\/fn.se\/stockholm\/wp-content\/uploads\/sites\/32\/2024\/12\/1-650x919.png 650w, https:\/\/fn.se\/stockholm\/wp-content\/uploads\/sites\/32\/2024\/12\/1-1024x1448.png 1024w, https:\/\/fn.se\/stockholm\/wp-content\/uploads\/sites\/32\/2024\/12\/1.png 1414w\" sizes=\"auto, (max-width: 724px) 100vw, 724px\" \/><\/figure>\n\n\n\n<figure class=\"wp-block-image size-large\"><img loading=\"lazy\" decoding=\"async\" width=\"724\" height=\"1024\" data-id=\"3440\" src=\"https:\/\/fn.se\/stockholm\/wp-content\/uploads\/sites\/32\/2024\/12\/2-724x1024.png\" alt=\"\" class=\"wp-image-3440\" srcset=\"https:\/\/fn.se\/stockholm\/wp-content\/uploads\/sites\/32\/2024\/12\/2-724x1024.png 724w, https:\/\/fn.se\/stockholm\/wp-content\/uploads\/sites\/32\/2024\/12\/2-212x300.png 212w, https:\/\/fn.se\/stockholm\/wp-content\/uploads\/sites\/32\/2024\/12\/2-768x1086.png 768w, https:\/\/fn.se\/stockholm\/wp-content\/uploads\/sites\/32\/2024\/12\/2-1086x1536.png 1086w, https:\/\/fn.se\/stockholm\/wp-content\/uploads\/sites\/32\/2024\/12\/2-650x919.png 650w, https:\/\/fn.se\/stockholm\/wp-content\/uploads\/sites\/32\/2024\/12\/2-1024x1448.png 1024w, https:\/\/fn.se\/stockholm\/wp-content\/uploads\/sites\/32\/2024\/12\/2.png 1414w\" sizes=\"auto, (max-width: 724px) 100vw, 724px\" \/><\/figure>\n<\/figure>\n","protected":false},"excerpt":{"rendered":"<p>2024 H\u00e4r hittas handlingar fr\u00e5n 2024 samt bilder fr\u00e5n evenemang under \u00e5ret. Nedan finns alla handlingar fr\u00e5n \u00e5rsm\u00f6tet 2024: Dagordning&hellip;<\/p>\n","protected":false},"author":86,"featured_media":0,"parent":0,"menu_order":0,"comment_status":"closed","ping_status":"closed","template":"","meta":{"_acf_changed":false,"footnotes":"","_links_to":"","_links_to_target":""},"class_list":["post-3435","page","type-page","status-publish","hentry"],"acf":[],"_links":{"self":[{"href":"https:\/\/fn.se\/stockholm\/wp-json\/wp\/v2\/pages\/3435","targetHints":{"allow":["GET"]}}],"collection":[{"href":"https:\/\/fn.se\/stockholm\/wp-json\/wp\/v2\/pages"}],"about":[{"href":"https:\/\/fn.se\/stockholm\/wp-json\/wp\/v2\/types\/page"}],"author":[{"embeddable":true,"href":"https:\/\/fn.se\/stockholm\/wp-json\/wp\/v2\/users\/86"}],"replies":[{"embeddable":true,"href":"https:\/\/fn.se\/stockholm\/wp-json\/wp\/v2\/comments?post=3435"}],"version-history":[{"count":20,"href":"https:\/\/fn.se\/stockholm\/wp-json\/wp\/v2\/pages\/3435\/revisions"}],"predecessor-version":[{"id":4126,"href":"https:\/\/fn.se\/stockholm\/wp-json\/wp\/v2\/pages\/3435\/revisions\/4126"}],"wp:attachment":[{"href":"https:\/\/fn.se\/stockholm\/wp-json\/wp\/v2\/media?parent=3435"}],"curies":[{"name":"wp","href":"https:\/\/api.w.org\/{rel}","templated":true}]}}