{"id":33,"date":"2016-09-30T14:39:35","date_gmt":"2016-09-30T14:39:35","guid":{"rendered":"http:\/\/fn.se\/stockholm\/?page_id=33"},"modified":"2016-09-30T14:39:35","modified_gmt":"2016-09-30T14:39:35","slug":"mr-dagen-1012-diplomerade-for-sitt-engagemang","status":"publish","type":"page","link":"https:\/\/fn.se\/stockholm\/mr-dagen-1012-diplomerade-for-sitt-engagemang\/","title":{"rendered":"MR-dagen 10\/12: Diplomerade f\u00f6r sitt engagemang"},"content":{"rendered":"<h1 style=\"text-align: center;\">Diplomerade f\u00f6r sitt engagemang<\/h1>\n<h2 style=\"text-align: center;\">FN:s dag f\u00f6r M\u00e4nskliga r\u00e4ttigheter 10\/12<\/h2>\n<p><strong>Zinat Pirzadeh<\/strong> och organisationen <strong>Maskrosbarn<\/strong> har p\u00e5 MR-dagen, onsdagen den 10 december, tilldelats Stockholms FN-f\u00f6renings <em>Diplom f\u00f6r f\u00f6rsvar av m\u00e4nskliga r\u00e4ttigheter \u00e5r 2014<\/em>.<\/p>\n<p>Det \u00e4r f\u00f6r 19:e g\u00e5ngen som Stockholms FN-f\u00f6rening delar ut <em>Diplom f\u00f6r f\u00f6rsvar av m\u00e4nskliga r\u00e4ttigheter.<\/em> Utm\u00e4rkelsen ges \u00e5rligen dels till en enskild person dels till en organisation.<\/p>\n<p><strong>Zinat Pirzadeh<\/strong><\/p>\n<p>Hon blev bortgift bort som barn. Flydde med sin lille son till Sverige och f\u00f6rst efter m\u00e5nga \u00e5r f\u00f6rstod hon att hon var fri att g\u00f6ra sina egna val. <strong>Zinat Pirzadeh<\/strong>\u00e4r st\u00e5uppkomiker som inte bara underh\u00e5ller utan v\u00e4cker till eftertanke, studie- och yrkesv\u00e4gledare, f\u00f6rfattare, f\u00f6rel\u00e4sare och goodwillambassad\u00f6r f\u00f6r Svenska FN-f\u00f6rbundet. Hon \u00e4r djupt engagerad i arbetet att stoppa barn\u00e4ktenskap och att fr\u00e4mja kvinnors och flickors r\u00e4ttigheter.<\/p>\n<p>F\u00f6r sitt h\u00e4ngivna och outtr\u00f6ttliga arbete att i m\u00e5nga olika sammanhang tala om vikten av att stoppa barn\u00e4ktenskap \u00e4r Zinat Pirzadeh en k\u00e4mpe och f\u00f6rebild f\u00f6r alla som engagerar sig i m\u00e4nskliga r\u00e4ttigheter.<\/p>\n<p>Stockholms FN-f\u00f6rening \u00e4r stolt \u00f6ver att tilldela Zinat Pirzadeh 2014 \u00e5rs Diplom f\u00f6r f\u00f6rsvar av m\u00e4nskliga r\u00e4ttigheter<\/p>\n<p><strong>Maskrosbarn<\/strong><\/p>\n<p>Det \u00e4r sv\u00e5rt att bryta det sociala arvet. Utan hj\u00e4lp och st\u00f6d \u00e4r det n\u00e4ra nog om\u00f6jligt. Organisationen <strong>Maskrosbarn<\/strong>g\u00f6r just detta, st\u00f6djer ungdomar som v\u00e4xer upp med missbrukande eller psykiskt sjuka f\u00f6r\u00e4ldrar. <em>Therese Eriksson och Denise Madsen, grundade organisationen Maskrosbarn 2005.<\/em><em>I dag arbetar elva personer p\u00e5 heltid inom organisationen.<\/em> De som \u00e4r engagerade har sj\u00e4lva erfarenhet av att v\u00e4xa upp i familjer d\u00e4r de vuxna m\u00e5r d\u00e5ligt. De \u00e4r f\u00f6rebilder f\u00f6r ungdomar och visar att det g\u00e5r att v\u00e4xa upp till att bli v\u00e4lm\u00e5ende vuxna med goda relationer och en meningsfull syssels\u00e4ttning. <em><strong>Allt \u00e4r m\u00f6jligt \u2013 endast Du s\u00e4tter gr\u00e4nserna!<\/strong><\/em> \u00c4r mottot f\u00f6r verksamheten.<\/p>\n<p>Genom sitt arbete att gjuta hopp i och st\u00e4rka ungdomar som har v\u00e4xt upp under sv\u00e5ra f\u00f6rh\u00e5llanden men ocks\u00e5 genom sitt opinionsbildande arbete \u00e4r organisationen Maskrosbarn sann f\u00f6rk\u00e4mpe f\u00f6r m\u00e4nskliga r\u00e4ttigheter.<\/p>\n<p>Stockholms FN-f\u00f6rening \u00e4r stolt \u00f6ver att tilldela organisationen Maskrosbarn 2014 \u00e5rs Diplom f\u00f6r f\u00f6rsvar av m\u00e4nskliga r\u00e4ttigheter.<\/p>\n","protected":false},"excerpt":{"rendered":"<p>Diplomerade f\u00f6r sitt engagemang FN:s dag f\u00f6r M\u00e4nskliga r\u00e4ttigheter 10\/12 Zinat Pirzadeh och organisationen Maskrosbarn har p\u00e5 MR-dagen, onsdagen den&hellip;<\/p>\n","protected":false},"author":17,"featured_media":0,"parent":0,"menu_order":0,"comment_status":"closed","ping_status":"closed","template":"","meta":{"_acf_changed":false,"footnotes":"","_links_to":"","_links_to_target":""},"class_list":["post-33","page","type-page","status-publish","hentry"],"acf":[],"_links":{"self":[{"href":"https:\/\/fn.se\/stockholm\/wp-json\/wp\/v2\/pages\/33","targetHints":{"allow":["GET"]}}],"collection":[{"href":"https:\/\/fn.se\/stockholm\/wp-json\/wp\/v2\/pages"}],"about":[{"href":"https:\/\/fn.se\/stockholm\/wp-json\/wp\/v2\/types\/page"}],"author":[{"embeddable":true,"href":"https:\/\/fn.se\/stockholm\/wp-json\/wp\/v2\/users\/17"}],"replies":[{"embeddable":true,"href":"https:\/\/fn.se\/stockholm\/wp-json\/wp\/v2\/comments?post=33"}],"version-history":[{"count":1,"href":"https:\/\/fn.se\/stockholm\/wp-json\/wp\/v2\/pages\/33\/revisions"}],"predecessor-version":[{"id":36,"href":"https:\/\/fn.se\/stockholm\/wp-json\/wp\/v2\/pages\/33\/revisions\/36"}],"wp:attachment":[{"href":"https:\/\/fn.se\/stockholm\/wp-json\/wp\/v2\/media?parent=33"}],"curies":[{"name":"wp","href":"https:\/\/api.w.org\/{rel}","templated":true}]}}