{"id":313,"date":"2017-04-06T09:35:36","date_gmt":"2017-04-06T09:35:36","guid":{"rendered":"http:\/\/fn.se\/stockholm\/?page_id=313"},"modified":"2026-04-22T08:47:54","modified_gmt":"2026-04-22T08:47:54","slug":"arkiv","status":"publish","type":"page","link":"https:\/\/fn.se\/stockholm\/arkiv\/","title":{"rendered":"Arkiv"},"content":{"rendered":"\n<figure class=\"wp-block-image alignright size-full is-resized\"><img loading=\"lazy\" decoding=\"async\" width=\"422\" height=\"643\" src=\"https:\/\/fn.se\/stockholm\/wp-content\/uploads\/sites\/32\/2024\/12\/Skarmbild-2024-12-17-141152.png\" alt=\"\" class=\"wp-image-3463\" style=\"width:490px;height:auto\" srcset=\"https:\/\/fn.se\/stockholm\/wp-content\/uploads\/sites\/32\/2024\/12\/Skarmbild-2024-12-17-141152.png 422w, https:\/\/fn.se\/stockholm\/wp-content\/uploads\/sites\/32\/2024\/12\/Skarmbild-2024-12-17-141152-197x300.png 197w\" sizes=\"auto, (max-width: 422px) 100vw, 422px\" \/><\/figure>\n\n\n\n<h2 class=\"wp-block-heading\"><strong>ARKIV<\/strong><\/h2>\n\n\n\n<p><strong>Klicka p\u00e5 ett \u00e5r och l\u00e4s mer om v\u00e5ra projekt det \u00e5ret!<\/strong><\/p>\n\n\n\n<h2 class=\"wp-block-heading\"><a href=\"https:\/\/fn.se\/stockholm\/2025-2\/\"><mark style=\"background-color:#ffffff\" class=\"has-inline-color has-fn-blue-color\">2025<\/mark><\/a><\/h2>\n\n\n\n<h2 class=\"wp-block-heading has-text-align-left\"><a href=\"https:\/\/fn.se\/stockholm\/2024-2\/\"><mark style=\"background-color:#ffffff\" class=\"has-inline-color has-fn-blue-color\">2024<\/mark><\/a><\/h2>\n\n\n\n<h2 class=\"wp-block-heading\"><a href=\"https:\/\/fn.se\/stockholm\/arkiv-2023\/\"><mark style=\"background-color:#ffffff\" class=\"has-inline-color has-fn-blue-color\">2023<\/mark><\/a><\/h2>\n\n\n\n<h2 class=\"wp-block-heading\"><a href=\"https:\/\/fn.se\/stockholm\/akriv-2022\/\"><mark style=\"background-color:#ffffff\" class=\"has-inline-color has-fn-blue-color\">2022<\/mark><\/a><\/h2>\n\n\n\n<h2 class=\"wp-block-heading\"><a href=\"https:\/\/fn.se\/stockholm\/arkiv-for-aktiviteter-2021\/\"><mark style=\"background-color:#ffffff\" class=\"has-inline-color has-fn-blue-color\">2021<\/mark><\/a><\/h2>\n\n\n\n<h2 class=\"wp-block-heading\"><a href=\"https:\/\/fn.se\/stockholm\/2020\/01\/20\/1759\/\"><mark style=\"background-color:#ffffff\" class=\"has-inline-color has-fn-blue-color\">2020<\/mark><\/a><\/h2>\n\n\n\n<h2 class=\"wp-block-heading\"><a href=\"https:\/\/fn.se\/stockholm\/?page_id=1427&amp;preview=true\"><mark style=\"background-color:#ffffff\" class=\"has-inline-color has-fn-blue-color\">2019<\/mark><\/a><\/h2>\n\n\n\n<h2 class=\"wp-block-heading\"><a href=\"https:\/\/fn.se\/stockholm\/arkiv-varen-2018\/\"><mark style=\"background-color:#ffffff\" class=\"has-inline-color has-fn-blue-color\">2018<\/mark><\/a><\/h2>\n\n\n\n<h2 class=\"wp-block-heading\"><a href=\"https:\/\/fn.se\/stockholm\/?page_id=808&amp;preview=true\"><mark style=\"background-color:#ffffff\" class=\"has-inline-color has-fn-blue-color\">2017<\/mark><\/a><\/h2>\n\n\n\n<h2 class=\"wp-block-heading\"><a href=\"https:\/\/fn.se\/stockholm\/2016-arkiv\/\"><mark style=\"background-color:#ffffff\" class=\"has-inline-color has-fn-blue-color\">2016<\/mark><\/a><\/h2>\n\n\n\n<h2 class=\"wp-block-heading\"><a href=\"https:\/\/fn.se\/stockholm\/2015-arkiv\/\"><mark style=\"background-color:#ffffff\" class=\"has-inline-color has-fn-blue-color\">2015<\/mark><\/a><\/h2>\n\n\n\n<h2 class=\"wp-block-heading\"><a href=\"https:\/\/fn.se\/stockholm\/2014-arkiv\/\"><mark style=\"background-color:#ffffff\" class=\"has-inline-color has-fn-blue-color\">2014<\/mark><\/a><\/h2>\n\n\n\n<h2 class=\"wp-block-heading\"><a href=\"https:\/\/fn.se\/stockholm\/2013-arkiv\/\"><mark style=\"background-color:#ffffff\" class=\"has-inline-color has-fn-blue-color\">2013<\/mark><\/a><\/h2>\n\n\n\n<h2 class=\"wp-block-heading\"><a href=\"https:\/\/fn.se\/stockholm\/2012-arkiv\/\"><mark style=\"background-color:#ffffff\" class=\"has-inline-color has-fn-blue-color\">2012<\/mark><\/a><\/h2>\n\n\n\n<h2 class=\"wp-block-heading\"><a href=\"https:\/\/fn.se\/stockholm\/2011-arkiv\/\"><mark style=\"background-color:#ffffff\" class=\"has-inline-color has-fn-blue-color\">2011<\/mark><\/a><\/h2>\n\n\n\n<h2 class=\"wp-block-heading\"><a href=\"https:\/\/fn.se\/stockholm\/2010-arkiv\/\"><mark style=\"background-color:#ffffff\" class=\"has-inline-color has-fn-blue-color\">2010<\/mark><\/a><\/h2>\n\n\n\n<h2 class=\"wp-block-heading\"><a href=\"https:\/\/fn.se\/stockholm\/2009-arkiv\/\"><mark style=\"background-color:#ffffff\" class=\"has-inline-color has-fn-blue-color\">2009<\/mark><\/a><\/h2>\n","protected":false},"excerpt":{"rendered":"<p>ARKIV Klicka p\u00e5 ett \u00e5r och l\u00e4s mer om v\u00e5ra projekt det \u00e5ret! 2025 2024 2023 2022 2021 2020 2019&hellip;<\/p>\n","protected":false},"author":86,"featured_media":532,"parent":0,"menu_order":0,"comment_status":"closed","ping_status":"closed","template":"templates\/template-sub.php","meta":{"_acf_changed":false,"footnotes":"","_links_to":"","_links_to_target":""},"class_list":["post-313","page","type-page","status-publish","has-post-thumbnail","hentry"],"acf":[],"_links":{"self":[{"href":"https:\/\/fn.se\/stockholm\/wp-json\/wp\/v2\/pages\/313","targetHints":{"allow":["GET"]}}],"collection":[{"href":"https:\/\/fn.se\/stockholm\/wp-json\/wp\/v2\/pages"}],"about":[{"href":"https:\/\/fn.se\/stockholm\/wp-json\/wp\/v2\/types\/page"}],"author":[{"embeddable":true,"href":"https:\/\/fn.se\/stockholm\/wp-json\/wp\/v2\/users\/86"}],"replies":[{"embeddable":true,"href":"https:\/\/fn.se\/stockholm\/wp-json\/wp\/v2\/comments?post=313"}],"version-history":[{"count":39,"href":"https:\/\/fn.se\/stockholm\/wp-json\/wp\/v2\/pages\/313\/revisions"}],"predecessor-version":[{"id":4580,"href":"https:\/\/fn.se\/stockholm\/wp-json\/wp\/v2\/pages\/313\/revisions\/4580"}],"wp:featuredmedia":[{"embeddable":true,"href":"https:\/\/fn.se\/stockholm\/wp-json\/wp\/v2\/media\/532"}],"wp:attachment":[{"href":"https:\/\/fn.se\/stockholm\/wp-json\/wp\/v2\/media?parent=313"}],"curies":[{"name":"wp","href":"https:\/\/api.w.org\/{rel}","templated":true}]}}