{"id":2560,"date":"2022-02-02T09:54:09","date_gmt":"2022-02-02T09:54:09","guid":{"rendered":"https:\/\/fn.se\/stockholm\/?page_id=2560"},"modified":"2023-01-31T14:33:37","modified_gmt":"2023-01-31T14:33:37","slug":"akriv-2022","status":"publish","type":"page","link":"https:\/\/fn.se\/stockholm\/akriv-2022\/","title":{"rendered":"Arkiv 2022"},"content":{"rendered":"\n<p class=\"has-medium-font-size\" style=\"font-style:normal;font-weight:600\"><strong>ARKIV F\u00d6R AKTIVITETER 2022<\/strong><\/p>\n\n\n\n<p>H\u00e4r kan du ta del av b\u00e5de tidigare aktiviteter och event som h\u00e4nt under 2022, men \u00e4ven vad som h\u00e4nt p\u00e5 kansliet. Sidan uppdateras l\u00f6pande.<\/p>\n\n\n\n<p><\/p>\n\n\n\n<p><strong>Aktiviteter f\u00f6r v\u00e5rterminen 2022<\/strong><\/p>\n\n\n\n<p><\/p>\n\n\n\n<p><strong>23\/2<\/strong> <a href=\"https:\/\/fn.se\/stockholm\/?p=2532\" data-type=\"URL\" data-id=\"https:\/\/fn.se\/stockholm\/?p=2532\">\u00c5rsm\u00f6te 2022<\/a><\/p>\n\n\n\n<p><\/p>\n\n\n\n<p><strong>8\/3<\/strong> <a href=\"https:\/\/fn.se\/stockholm\/2022\/03\/09\/internationella-kvinnodagen-2022\/\" data-type=\"URL\" data-id=\"https:\/\/fn.se\/stockholm\/2022\/03\/09\/internationella-kvinnodagen-2022\/\">Internationella Kvinnodagen 8 mars 2022<\/a><\/p>\n\n\n\n<p><\/p>\n\n\n\n<p><strong>6\/4<\/strong> <a href=\"https:\/\/fn.se\/stockholm\/2022\/04\/20\/workshop-fred-i-europa\/\" data-type=\"URL\" data-id=\"https:\/\/fn.se\/stockholm\/2022\/04\/20\/workshop-fred-i-europa\/\">Workshop: Fred i Europa<\/a><\/p>\n\n\n\n<p><\/p>\n\n\n\n<p><strong>21\/4<\/strong> <a href=\"https:\/\/fn.se\/stockholm\/2022\/04\/29\/lunchseminarium-fred-med-naturen\/\" data-type=\"URL\" data-id=\"https:\/\/fn.se\/stockholm\/2022\/04\/29\/lunchseminarium-fred-med-naturen\/\">Lunchseminarium: Fred med Naturen<\/a><\/p>\n\n\n\n<p><\/p>\n\n\n\n<p><strong>24\/10<\/strong> <a href=\"https:\/\/fn.se\/stockholm\/2023\/01\/31\/https-fn-se-stockholm-2022-10-24-fn-dagen-2022-om-fn-och-varldsituationen\/\" data-type=\"URL\">FN dagen 2022: Om FN och v\u00e4rldssituationen<\/a><\/p>\n","protected":false},"excerpt":{"rendered":"<p>ARKIV F\u00d6R AKTIVITETER 2022 H\u00e4r kan du ta del av b\u00e5de tidigare aktiviteter och event som h\u00e4nt under 2022, men&hellip;<\/p>\n","protected":false},"author":86,"featured_media":0,"parent":0,"menu_order":0,"comment_status":"open","ping_status":"closed","template":"templates\/template-sub.php","meta":{"_acf_changed":false,"footnotes":"","_links_to":"","_links_to_target":""},"class_list":["post-2560","page","type-page","status-publish","hentry"],"acf":[],"_links":{"self":[{"href":"https:\/\/fn.se\/stockholm\/wp-json\/wp\/v2\/pages\/2560","targetHints":{"allow":["GET"]}}],"collection":[{"href":"https:\/\/fn.se\/stockholm\/wp-json\/wp\/v2\/pages"}],"about":[{"href":"https:\/\/fn.se\/stockholm\/wp-json\/wp\/v2\/types\/page"}],"author":[{"embeddable":true,"href":"https:\/\/fn.se\/stockholm\/wp-json\/wp\/v2\/users\/86"}],"replies":[{"embeddable":true,"href":"https:\/\/fn.se\/stockholm\/wp-json\/wp\/v2\/comments?post=2560"}],"version-history":[{"count":16,"href":"https:\/\/fn.se\/stockholm\/wp-json\/wp\/v2\/pages\/2560\/revisions"}],"predecessor-version":[{"id":3066,"href":"https:\/\/fn.se\/stockholm\/wp-json\/wp\/v2\/pages\/2560\/revisions\/3066"}],"wp:attachment":[{"href":"https:\/\/fn.se\/stockholm\/wp-json\/wp\/v2\/media?parent=2560"}],"curies":[{"name":"wp","href":"https:\/\/api.w.org\/{rel}","templated":true}]}}