{"id":238,"date":"2017-03-27T12:20:17","date_gmt":"2017-03-27T12:20:17","guid":{"rendered":"http:\/\/fn.se\/stockholm\/?page_id=238"},"modified":"2026-04-17T12:05:22","modified_gmt":"2026-04-17T12:05:22","slug":"kontakt","status":"publish","type":"page","link":"https:\/\/fn.se\/stockholm\/sample-page\/kontakt\/","title":{"rendered":"Kontakt"},"content":{"rendered":"<h2><strong>KONTAKT<\/strong><\/h2>\n<div><strong>Adress<\/strong>:\u00a0<span style=\"font-weight: 400\">Hammarby Fabriksv\u00e4g 65, 120 30 Stockholm. I Kvinna till Kvinnas lokaler.<img loading=\"lazy\" decoding=\"async\" class=\"size-full wp-image-12 alignright\" src=\"https:\/\/fn.se\/stockholm\/wp-content\/uploads\/sites\/32\/2016\/02\/Stockholm.jpg\" alt=\"\" width=\"117\" height=\"290\" \/><\/span><\/div>\n<p><span style=\"color: #000000\"><strong>E-postadress<\/strong>: info@unastockholm.se<\/span><br \/>\n<span style=\"color: #000000\"><strong>Telefon<\/strong>: 0793133110<\/span><\/p>\n<p><span style=\"color: #000000\"><strong>Ordf\u00f6rande<\/strong>: ordforande@unastockholm.se<\/span><br \/>\n<span style=\"color: #000000\"><strong>Kass\u00f6r<\/strong>: kassor@unastockholm.se<\/span><\/p>\n<p><span style=\"color: #000000\"><strong>Organisationsnummer<\/strong>: 80 2000 92 40<\/span><br \/>\n<span style=\"color: #000000\"><strong>Swish<\/strong>: 123 414 82 84<\/span><\/p>\n<p>Tveka inte att kontakta oss om du har fr\u00e5gor om v\u00e5r f\u00f6rening!<\/p>\n<p><img loading=\"lazy\" decoding=\"async\" class=\"alignnone size-medium wp-image-4092\" src=\"https:\/\/fn.se\/stockholm\/wp-content\/uploads\/sites\/32\/2026\/02\/Skarmavbild-2026-02-25-kl.-11.05.50-300x225.png\" alt=\"\" width=\"300\" height=\"225\" srcset=\"https:\/\/fn.se\/stockholm\/wp-content\/uploads\/sites\/32\/2026\/02\/Skarmavbild-2026-02-25-kl.-11.05.50-300x225.png 300w, https:\/\/fn.se\/stockholm\/wp-content\/uploads\/sites\/32\/2026\/02\/Skarmavbild-2026-02-25-kl.-11.05.50-1024x767.png 1024w, https:\/\/fn.se\/stockholm\/wp-content\/uploads\/sites\/32\/2026\/02\/Skarmavbild-2026-02-25-kl.-11.05.50-768x575.png 768w, https:\/\/fn.se\/stockholm\/wp-content\/uploads\/sites\/32\/2026\/02\/Skarmavbild-2026-02-25-kl.-11.05.50-650x487.png 650w, https:\/\/fn.se\/stockholm\/wp-content\/uploads\/sites\/32\/2026\/02\/Skarmavbild-2026-02-25-kl.-11.05.50.png 1210w\" sizes=\"auto, (max-width: 300px) 100vw, 300px\" \/><\/p>\n<p>Klicka <strong><a href=\"https:\/\/maps.app.goo.gl\/TVfLgwVsKgQAfATN7\">H\u00c4R<\/a><\/strong> f\u00f6r v\u00e4gbeskrivning.<\/p>\n","protected":false},"excerpt":{"rendered":"<p>KONTAKT Adress:\u00a0Hammarby Fabriksv\u00e4g 65, 120 30 Stockholm. I Kvinna till Kvinnas lokaler. E-postadress: info@unastockholm.se Telefon: 0793133110 Ordf\u00f6rande: ordforande@unastockholm.se Kass\u00f6r: kassor@unastockholm.se&hellip;<\/p>\n","protected":false},"author":86,"featured_media":0,"parent":2,"menu_order":0,"comment_status":"closed","ping_status":"closed","template":"templates\/template-sub.php","meta":{"_acf_changed":false,"footnotes":"","_links_to":"","_links_to_target":""},"class_list":["post-238","page","type-page","status-publish","hentry"],"acf":[],"_links":{"self":[{"href":"https:\/\/fn.se\/stockholm\/wp-json\/wp\/v2\/pages\/238","targetHints":{"allow":["GET"]}}],"collection":[{"href":"https:\/\/fn.se\/stockholm\/wp-json\/wp\/v2\/pages"}],"about":[{"href":"https:\/\/fn.se\/stockholm\/wp-json\/wp\/v2\/types\/page"}],"author":[{"embeddable":true,"href":"https:\/\/fn.se\/stockholm\/wp-json\/wp\/v2\/users\/86"}],"replies":[{"embeddable":true,"href":"https:\/\/fn.se\/stockholm\/wp-json\/wp\/v2\/comments?post=238"}],"version-history":[{"count":35,"href":"https:\/\/fn.se\/stockholm\/wp-json\/wp\/v2\/pages\/238\/revisions"}],"predecessor-version":[{"id":4566,"href":"https:\/\/fn.se\/stockholm\/wp-json\/wp\/v2\/pages\/238\/revisions\/4566"}],"up":[{"embeddable":true,"href":"https:\/\/fn.se\/stockholm\/wp-json\/wp\/v2\/pages\/2"}],"wp:attachment":[{"href":"https:\/\/fn.se\/stockholm\/wp-json\/wp\/v2\/media?parent=238"}],"curies":[{"name":"wp","href":"https:\/\/api.w.org\/{rel}","templated":true}]}}