{"id":23,"date":"2016-09-30T14:17:29","date_gmt":"2016-09-30T14:17:29","guid":{"rendered":"http:\/\/fn.se\/stockholm\/?page_id=23"},"modified":"2026-04-07T13:02:39","modified_gmt":"2026-04-07T13:02:39","slug":"styrelsen","status":"publish","type":"page","link":"https:\/\/fn.se\/stockholm\/styrelsen\/","title":{"rendered":"Styrelsen"},"content":{"rendered":"\n<h1 class=\"wp-block-heading\"><strong>STYRELSEN<\/strong><\/h1>\n\n\n\n<p>Klicka p\u00e5 en persons namn f\u00f6r att l\u00e4sa mer.<\/p>\n\n\n\n<h3 class=\"wp-block-heading\"><strong>ORDF\u00d6RANDE<\/strong><\/h3>\n\n\n\n<div class=\"wp-block-media-text is-stacked-on-mobile\" style=\"grid-template-columns:17% auto\"><figure class=\"wp-block-media-text__media\"><img loading=\"lazy\" decoding=\"async\" width=\"512\" height=\"503\" src=\"https:\/\/fn.se\/stockholm\/wp-content\/uploads\/sites\/32\/2025\/03\/Vera-Bernang.jpg\" alt=\"\" class=\"wp-image-3567 size-full\" srcset=\"https:\/\/fn.se\/stockholm\/wp-content\/uploads\/sites\/32\/2025\/03\/Vera-Bernang.jpg 512w, https:\/\/fn.se\/stockholm\/wp-content\/uploads\/sites\/32\/2025\/03\/Vera-Bernang-300x295.jpg 300w\" sizes=\"auto, (max-width: 512px) 100vw, 512px\" \/><\/figure><div class=\"wp-block-media-text__content\">\n<p><a href=\"https:\/\/fn.se\/stockholm\/2025\/03\/03\/vera-bernang\/\">Vera Bern\u00e4ng<\/a><\/p>\n<\/div><\/div>\n\n\n\n<h3 class=\"wp-block-heading\"><strong>KASS\u00d6R<\/strong><\/h3>\n\n\n\n<div class=\"wp-block-media-text is-stacked-on-mobile\" style=\"grid-template-columns:17% auto\"><figure class=\"wp-block-media-text__media\"><img loading=\"lazy\" decoding=\"async\" width=\"767\" height=\"1024\" src=\"https:\/\/fn.se\/stockholm\/wp-content\/uploads\/sites\/32\/2026\/03\/IMG_20220624_193451-767x1024.jpg\" alt=\"\" class=\"wp-image-4479 size-full\" srcset=\"https:\/\/fn.se\/stockholm\/wp-content\/uploads\/sites\/32\/2026\/03\/IMG_20220624_193451-767x1024.jpg 767w, https:\/\/fn.se\/stockholm\/wp-content\/uploads\/sites\/32\/2026\/03\/IMG_20220624_193451-225x300.jpg 225w, https:\/\/fn.se\/stockholm\/wp-content\/uploads\/sites\/32\/2026\/03\/IMG_20220624_193451-768x1026.jpg 768w, https:\/\/fn.se\/stockholm\/wp-content\/uploads\/sites\/32\/2026\/03\/IMG_20220624_193451-1150x1536.jpg 1150w, https:\/\/fn.se\/stockholm\/wp-content\/uploads\/sites\/32\/2026\/03\/IMG_20220624_193451-1533x2048.jpg 1533w, https:\/\/fn.se\/stockholm\/wp-content\/uploads\/sites\/32\/2026\/03\/IMG_20220624_193451-650x868.jpg 650w, https:\/\/fn.se\/stockholm\/wp-content\/uploads\/sites\/32\/2026\/03\/IMG_20220624_193451-1024x1368.jpg 1024w, https:\/\/fn.se\/stockholm\/wp-content\/uploads\/sites\/32\/2026\/03\/IMG_20220624_193451-scaled.jpg 1916w\" sizes=\"auto, (max-width: 767px) 100vw, 767px\" \/><\/figure><div class=\"wp-block-media-text__content\">\n<p class=\"has-text-align-left\"><a href=\"https:\/\/fn.se\/stockholm\/ulrica-olsson\/\">Ulrica Olsson<\/a><\/p>\n<\/div><\/div>\n\n\n\n<h3 class=\"wp-block-heading\"><strong>\u00d6VRIGA STYRELSELEDAM\u00d6TER<\/strong><\/h3>\n\n\n\n<div class=\"wp-block-media-text is-stacked-on-mobile\" style=\"grid-template-columns:17% auto\"><figure class=\"wp-block-media-text__media\"><img loading=\"lazy\" decoding=\"async\" width=\"1024\" height=\"873\" src=\"https:\/\/fn.se\/stockholm\/wp-content\/uploads\/sites\/32\/2026\/03\/leif-e1773157948393-1024x873.jpg\" alt=\"\" class=\"wp-image-4249 size-full\" srcset=\"https:\/\/fn.se\/stockholm\/wp-content\/uploads\/sites\/32\/2026\/03\/leif-e1773157948393-1024x873.jpg 1024w, https:\/\/fn.se\/stockholm\/wp-content\/uploads\/sites\/32\/2026\/03\/leif-e1773157948393-300x256.jpg 300w, https:\/\/fn.se\/stockholm\/wp-content\/uploads\/sites\/32\/2026\/03\/leif-e1773157948393-768x655.jpg 768w, https:\/\/fn.se\/stockholm\/wp-content\/uploads\/sites\/32\/2026\/03\/leif-e1773157948393-650x554.jpg 650w, https:\/\/fn.se\/stockholm\/wp-content\/uploads\/sites\/32\/2026\/03\/leif-e1773157948393.jpg 1408w\" sizes=\"auto, (max-width: 1024px) 100vw, 1024px\" \/><\/figure><div class=\"wp-block-media-text__content\">\n<p><a href=\"https:\/\/fn.se\/stockholm\/2025\/05\/21\/kenji-lovdahl\/\">Leif Hejdenberg<\/a><\/p>\n<\/div><\/div>\n\n\n\n<div class=\"wp-block-media-text is-stacked-on-mobile\" style=\"grid-template-columns:17% auto\"><figure class=\"wp-block-media-text__media\"><img loading=\"lazy\" decoding=\"async\" width=\"384\" height=\"512\" src=\"https:\/\/fn.se\/stockholm\/wp-content\/uploads\/sites\/32\/2025\/03\/Kristina-Rosic.jpg\" alt=\"\" class=\"wp-image-3571 size-full\" srcset=\"https:\/\/fn.se\/stockholm\/wp-content\/uploads\/sites\/32\/2025\/03\/Kristina-Rosic.jpg 384w, https:\/\/fn.se\/stockholm\/wp-content\/uploads\/sites\/32\/2025\/03\/Kristina-Rosic-225x300.jpg 225w\" sizes=\"auto, (max-width: 384px) 100vw, 384px\" \/><\/figure><div class=\"wp-block-media-text__content\">\n<p><a href=\"https:\/\/fn.se\/stockholm\/2025\/03\/03\/kristina-rosic\/\">Kristina Rosic<\/a><\/p>\n<\/div><\/div>\n\n\n\n<p><a href=\"https:\/\/fn.se\/stockholm\/2025\/04\/14\/cecilia-walles\/\"><\/a><\/p>\n\n\n\n<div class=\"wp-block-media-text is-stacked-on-mobile\" style=\"grid-template-columns:17% auto\"><figure class=\"wp-block-media-text__media\"><img loading=\"lazy\" decoding=\"async\" width=\"1024\" height=\"966\" src=\"https:\/\/fn.se\/stockholm\/wp-content\/uploads\/sites\/32\/2026\/03\/Reza-Baars-01-scaled-e1773158138967-1024x966.jpg\" alt=\"\" class=\"wp-image-4253 size-full\" srcset=\"https:\/\/fn.se\/stockholm\/wp-content\/uploads\/sites\/32\/2026\/03\/Reza-Baars-01-scaled-e1773158138967-1024x966.jpg 1024w, https:\/\/fn.se\/stockholm\/wp-content\/uploads\/sites\/32\/2026\/03\/Reza-Baars-01-scaled-e1773158138967-300x283.jpg 300w, https:\/\/fn.se\/stockholm\/wp-content\/uploads\/sites\/32\/2026\/03\/Reza-Baars-01-scaled-e1773158138967-768x724.jpg 768w, https:\/\/fn.se\/stockholm\/wp-content\/uploads\/sites\/32\/2026\/03\/Reza-Baars-01-scaled-e1773158138967-1536x1449.jpg 1536w, https:\/\/fn.se\/stockholm\/wp-content\/uploads\/sites\/32\/2026\/03\/Reza-Baars-01-scaled-e1773158138967-650x613.jpg 650w, https:\/\/fn.se\/stockholm\/wp-content\/uploads\/sites\/32\/2026\/03\/Reza-Baars-01-scaled-e1773158138967.jpg 1810w\" sizes=\"auto, (max-width: 1024px) 100vw, 1024px\" \/><\/figure><div class=\"wp-block-media-text__content\">\n<p><a href=\"https:\/\/fn.se\/stockholm\/2025\/04\/14\/cecilia-walles\/\">Reza Baars<\/a><\/p>\n<\/div><\/div>\n\n\n\n<div class=\"wp-block-media-text is-stacked-on-mobile\" style=\"grid-template-columns:17% auto\"><figure class=\"wp-block-media-text__media\"><img loading=\"lazy\" decoding=\"async\" width=\"1024\" height=\"1024\" src=\"https:\/\/fn.se\/stockholm\/wp-content\/uploads\/sites\/32\/2026\/03\/Styrelsen-2026-Linkedin-11-1024x1024.png\" alt=\"\" class=\"wp-image-4263 size-full\" srcset=\"https:\/\/fn.se\/stockholm\/wp-content\/uploads\/sites\/32\/2026\/03\/Styrelsen-2026-Linkedin-11-1024x1024.png 1024w, https:\/\/fn.se\/stockholm\/wp-content\/uploads\/sites\/32\/2026\/03\/Styrelsen-2026-Linkedin-11-300x300.png 300w, https:\/\/fn.se\/stockholm\/wp-content\/uploads\/sites\/32\/2026\/03\/Styrelsen-2026-Linkedin-11-150x150.png 150w, https:\/\/fn.se\/stockholm\/wp-content\/uploads\/sites\/32\/2026\/03\/Styrelsen-2026-Linkedin-11-768x768.png 768w, https:\/\/fn.se\/stockholm\/wp-content\/uploads\/sites\/32\/2026\/03\/Styrelsen-2026-Linkedin-11-650x650.png 650w, https:\/\/fn.se\/stockholm\/wp-content\/uploads\/sites\/32\/2026\/03\/Styrelsen-2026-Linkedin-11.png 1200w\" sizes=\"auto, (max-width: 1024px) 100vw, 1024px\" \/><\/figure><div class=\"wp-block-media-text__content\">\n<p><a href=\"https:\/\/fn.se\/stockholm\/2025\/03\/03\/linnea-palme\/\">Rakel Schr\u00f6der<\/a><\/p>\n<\/div><\/div>\n\n\n\n<div class=\"wp-block-media-text is-stacked-on-mobile\" style=\"grid-template-columns:17% auto\"><figure class=\"wp-block-media-text__media\"><img loading=\"lazy\" decoding=\"async\" width=\"879\" height=\"1024\" src=\"https:\/\/fn.se\/stockholm\/wp-content\/uploads\/sites\/32\/2026\/03\/IMG_4340-e1774257980485-879x1024.jpeg\" alt=\"\" class=\"wp-image-4390 size-full\" srcset=\"https:\/\/fn.se\/stockholm\/wp-content\/uploads\/sites\/32\/2026\/03\/IMG_4340-e1774257980485-879x1024.jpeg 879w, https:\/\/fn.se\/stockholm\/wp-content\/uploads\/sites\/32\/2026\/03\/IMG_4340-e1774257980485-258x300.jpeg 258w, https:\/\/fn.se\/stockholm\/wp-content\/uploads\/sites\/32\/2026\/03\/IMG_4340-e1774257980485-768x894.jpeg 768w, https:\/\/fn.se\/stockholm\/wp-content\/uploads\/sites\/32\/2026\/03\/IMG_4340-e1774257980485-650x757.jpeg 650w, https:\/\/fn.se\/stockholm\/wp-content\/uploads\/sites\/32\/2026\/03\/IMG_4340-e1774257980485-1024x1193.jpeg 1024w, https:\/\/fn.se\/stockholm\/wp-content\/uploads\/sites\/32\/2026\/03\/IMG_4340-e1774257980485.jpeg 1185w\" sizes=\"auto, (max-width: 879px) 100vw, 879px\" \/><\/figure><div class=\"wp-block-media-text__content\">\n<p><a href=\"https:\/\/fn.se\/stockholm\/linda-kraiem\/\" data-type=\"page\" data-id=\"4389\">Linda Kraiem<\/a><\/p>\n<\/div><\/div>\n\n\n\n<h3 class=\"wp-block-heading\"><strong>ADJUNGERADE<\/strong><\/h3>\n\n\n\n<p>Mira Kanold (Kommunikationsansvarig)<\/p>\n\n\n\n<p>Stella Zielfelt (Praktikant VT 26)<\/p>\n\n\n\n<p>Elin Enberg (Praktikant VT 26)<\/p>\n\n\n\n<h3 class=\"wp-block-heading\"><strong>SAMMANKALLANDE STUDENTSEKTION<\/strong><\/h3>\n\n\n\n<p><a href=\"https:\/\/fn.se\/stockholm\/thea-larsson\/\">Thea Larsson<\/a><\/p>\n\n\n\n<h3 class=\"wp-block-heading\"><strong>SAMMANKALLANDE UNGDOMSSEKTION<\/strong><\/h3>\n\n\n\n<p><a href=\"https:\/\/fn.se\/stockholm\/2025\/03\/03\/linnea-palme\/\">Rakel Schr\u00f6der<\/a><\/p>\n\n\n\n<p><\/p>\n","protected":false},"excerpt":{"rendered":"<p>STYRELSEN Klicka p\u00e5 en persons namn f\u00f6r att l\u00e4sa mer. ORDF\u00d6RANDE Vera Bern\u00e4ng KASS\u00d6R Ulrica Olsson \u00d6VRIGA STYRELSELEDAM\u00d6TER Leif Hejdenberg&hellip;<\/p>\n","protected":false},"author":1,"featured_media":0,"parent":0,"menu_order":0,"comment_status":"closed","ping_status":"closed","template":"templates\/template-sub.php","meta":{"_acf_changed":false,"footnotes":"","_links_to":"","_links_to_target":""},"class_list":["post-23","page","type-page","status-publish","hentry"],"acf":[],"_links":{"self":[{"href":"https:\/\/fn.se\/stockholm\/wp-json\/wp\/v2\/pages\/23","targetHints":{"allow":["GET"]}}],"collection":[{"href":"https:\/\/fn.se\/stockholm\/wp-json\/wp\/v2\/pages"}],"about":[{"href":"https:\/\/fn.se\/stockholm\/wp-json\/wp\/v2\/types\/page"}],"author":[{"embeddable":true,"href":"https:\/\/fn.se\/stockholm\/wp-json\/wp\/v2\/users\/1"}],"replies":[{"embeddable":true,"href":"https:\/\/fn.se\/stockholm\/wp-json\/wp\/v2\/comments?post=23"}],"version-history":[{"count":104,"href":"https:\/\/fn.se\/stockholm\/wp-json\/wp\/v2\/pages\/23\/revisions"}],"predecessor-version":[{"id":4549,"href":"https:\/\/fn.se\/stockholm\/wp-json\/wp\/v2\/pages\/23\/revisions\/4549"}],"wp:attachment":[{"href":"https:\/\/fn.se\/stockholm\/wp-json\/wp\/v2\/media?parent=23"}],"curies":[{"name":"wp","href":"https:\/\/api.w.org\/{rel}","templated":true}]}}