{"id":221,"date":"2016-10-03T11:55:22","date_gmt":"2016-10-03T11:55:22","guid":{"rendered":"http:\/\/fn.se\/stockholm\/?page_id=221"},"modified":"2018-01-30T10:53:15","modified_gmt":"2018-01-30T10:53:15","slug":"2410-70-arsjubileum-i-historiens-sken-och-med-framtiden-i-fokus","status":"publish","type":"page","link":"https:\/\/fn.se\/stockholm\/2410-70-arsjubileum-i-historiens-sken-och-med-framtiden-i-fokus\/","title":{"rendered":"24\/10 70-\u00e5rsjubileum \u2013 i historiens sken och med framtiden i fokus"},"content":{"rendered":"<h1>70-\u00e5rsjubileum \u2013 i historiens sken och med framtiden i fokus<\/h1>\n<p class=\"intro\"><strong>Stockholms FN-f\u00f6rening firade FNs 70-\u00e5rsjubileum den 24 oktober med ett v\u00e4lbes\u00f6kt f\u00f6delsedagskalas, d\u00e4r s\u00e5v\u00e4l historien som framtiden stod i fokus.<\/strong><\/p>\n<p><img loading=\"lazy\" decoding=\"async\" class=\"alignleft wp-image-222 size-full\" src=\"https:\/\/fn.se\/stockholm\/wp-content\/uploads\/sites\/32\/2016\/10\/Sthlm-70.jpg\" alt=\"sthlm-70\" width=\"397\" height=\"319\" \/><\/p>\n<p>Ur andra v\u00e4rldskrigets kaos f\u00f6ddes FN &#8211; en global gemenskap, byggd p\u00e5 gemensam v\u00e4rdegrund \u2013 alla m\u00e4nniskors lika v\u00e4rde. Det p\u00e5mindes vi om genom <strong>Mietek Grocher<\/strong>, som \u00f6verlevde nio koncentrationsl\u00e4ger. Han ber\u00e4ttade om sitt liv och understr\u00f6k vikten av att arbeta f\u00f6r att historien inte ska upprepa sig.<\/p>\n<p>Vi fick en inblick i den svenska FN-r\u00f6relsens historia, genom en personlig betraktelse av <strong>Lars Eriksson<\/strong>, FN-f\u00f6rbundets tidigare f\u00f6rbundssekreterare.<\/p>\n<p>&nbsp;<\/p>\n<p>FN \u00e4r en viktig, global m\u00f6tesplats f\u00f6r fredsbyggande arbete. Men organisationen m\u00e5ste reformeras \u2013 och det m\u00e5ste b\u00f6rja med s\u00e4kerhetsr\u00e5det, understr\u00f6k <strong>Hans Corell<\/strong>, f.d. undergeneralsekreterare i FN och FN:s r\u00e4ttschef.<\/p>\n<p>\u2013 Det kr\u00e4vs statsmannaskap av v\u00e4rldens ledare, p\u00e5pekade Hans Corell.<\/p>\n<p>S\u00e4kerhetsr\u00e5dets medlemmar m\u00e5ste f\u00f6lja FN-stadgan och anv\u00e4nda sin vetor\u00e4tt med urskiljning. Det borde vara en sj\u00e4lvklarhet att lagda veton motiveras, understr\u00f6k han.<\/p>\n<p>\u2013 Krig planeras och beslutas av m\u00e4nniskor, po\u00e4ngterade <strong>Maj Britt Theorin<\/strong>, nedrustningsexpert, f.d. ordf\u00f6rande f\u00f6r Operation 1325.<\/p>\n<p>&#8221;Det finns tv\u00e5 v\u00e4gar att l\u00f6sa konflikter, genom f\u00f6rhandlingar eller genom v\u00e5ld. Den f\u00f6rsta v\u00e4gen \u00e4r avsedd f\u00f6r m\u00e4nniskor och den andra f\u00f6r vilda bestar&#8221; citerade hon Ciceros mer \u00e4n tv\u00e5tusen\u00e5riga st\u00e4llningstagande.<\/p>\n<p>En fredskultur g\u00e5r att skapa, om man bara vill. Det \u00e4r hennes \u00f6vertygelse. Detta kan ske exempelvis genom att f\u00f6lja en handlingsplan p\u00e5 tolv punkter, f\u00f6resl\u00e5r hon. Bland punkterna finns krav p\u00e5 att det ska satsas lika mycket pengar till fredsarbete som till milit\u00e4ren, att man s\u00e4tter barnen i centrum, att kvinnor deltar i all konfliktl\u00f6sning och att fredsutbildning och konfliktf\u00f6rebyggande ing\u00e5r som en naturlig del i utbildningsplaner \u2013 fr\u00e5n f\u00f6rskola till universitet.<\/p>\n<p>FNs nyantagna h\u00e5llbarhetsm\u00e5l g\u00e5r att uppfylla \u00e4ven lokal niv\u00e5 i Stockholm! <strong>Ewa Larsson<\/strong>, gr\u00f6n politiker i Stockholm, ordf\u00f6rande i Skarpn\u00e4cks stadsdelsn\u00e4mnd ber\u00e4ttade hur.<\/p>\n<p>F\u00f6r underh\u00e5llningen stod Tensta Gospel Revelation, en nystartad k\u00f6r under ledning av Zackarias Ulvskog.<\/p>\n","protected":false},"excerpt":{"rendered":"<p>70-\u00e5rsjubileum \u2013 i historiens sken och med framtiden i fokus Stockholms FN-f\u00f6rening firade FNs 70-\u00e5rsjubileum den 24 oktober med ett&hellip;<\/p>\n","protected":false},"author":17,"featured_media":0,"parent":0,"menu_order":0,"comment_status":"closed","ping_status":"closed","template":"","meta":{"_acf_changed":false,"footnotes":"","_links_to":"","_links_to_target":""},"class_list":["post-221","page","type-page","status-publish","hentry"],"acf":[],"_links":{"self":[{"href":"https:\/\/fn.se\/stockholm\/wp-json\/wp\/v2\/pages\/221","targetHints":{"allow":["GET"]}}],"collection":[{"href":"https:\/\/fn.se\/stockholm\/wp-json\/wp\/v2\/pages"}],"about":[{"href":"https:\/\/fn.se\/stockholm\/wp-json\/wp\/v2\/types\/page"}],"author":[{"embeddable":true,"href":"https:\/\/fn.se\/stockholm\/wp-json\/wp\/v2\/users\/17"}],"replies":[{"embeddable":true,"href":"https:\/\/fn.se\/stockholm\/wp-json\/wp\/v2\/comments?post=221"}],"version-history":[{"count":3,"href":"https:\/\/fn.se\/stockholm\/wp-json\/wp\/v2\/pages\/221\/revisions"}],"predecessor-version":[{"id":225,"href":"https:\/\/fn.se\/stockholm\/wp-json\/wp\/v2\/pages\/221\/revisions\/225"}],"wp:attachment":[{"href":"https:\/\/fn.se\/stockholm\/wp-json\/wp\/v2\/media?parent=221"}],"curies":[{"name":"wp","href":"https:\/\/api.w.org\/{rel}","templated":true}]}}