{"id":212,"date":"2016-10-03T11:48:58","date_gmt":"2016-10-03T11:48:58","guid":{"rendered":"http:\/\/fn.se\/stockholm\/?page_id=212"},"modified":"2016-10-03T11:48:58","modified_gmt":"2016-10-03T11:48:58","slug":"tva-nya-bibliotek-i-dominica","status":"publish","type":"page","link":"https:\/\/fn.se\/stockholm\/tva-nya-bibliotek-i-dominica\/","title":{"rendered":"Tv\u00e5 nya bibliotek i Dominica"},"content":{"rendered":"<h1>Tv\u00e5 nya bibliotek i Dominica<\/h1>\n<p class=\"intro\">Sedan slutet av 90-talet har Stockholms FN-f\u00f6rening bidragit till att tv\u00e5 bibliotek \u00f6ppnats i Karibterritoriet i Dominica. B\u00e5da biblioteken \u00e4r s\u00e5 kallade referensbibliotek.<\/p>\n<p>Detta har skett i samarbete med WAIKADA &#8211; karibindianernas kulturorganisation &#8211; som skaffat fram lokaler f\u00f6r dessa bibliotek.<\/p>\n<p>Rachel Green, som sk\u00f6ter biblioteken, arbetar ideellt och utan ers\u00e4ttning. Alla skolelever inom territoriet anv\u00e4nder dagligen b\u00e5de datorn och biblioteket.<br \/>\nBehovet \u00e4r stort f\u00f6r att f\u00e5 in nya b\u00f6cker och speciellt barnb\u00f6cker som slits v\u00e4ldigt fort.<\/p>\n<p><img loading=\"lazy\" decoding=\"async\" class=\"alignleft size-full wp-image-215\" src=\"https:\/\/fn.se\/stockholm\/wp-content\/uploads\/sites\/32\/2016\/10\/Sthlm-Dominica-3.jpg\" alt=\"sthlm-dominica-3\" width=\"450\" height=\"270\" \/><\/p>\n<p><img loading=\"lazy\" decoding=\"async\" class=\"alignleft size-large wp-image-216\" src=\"https:\/\/fn.se\/stockholm\/wp-content\/uploads\/sites\/32\/2016\/10\/Sthlm-Dominica-4.jpg\" alt=\"sthlm-dominica-4\" width=\"450\" height=\"270\" srcset=\"https:\/\/fn.se\/stockholm\/wp-content\/uploads\/sites\/32\/2016\/10\/Sthlm-Dominica-4.jpg 450w, https:\/\/fn.se\/stockholm\/wp-content\/uploads\/sites\/32\/2016\/10\/Sthlm-Dominica-4-300x180.jpg 300w\" sizes=\"auto, (max-width: 450px) 100vw, 450px\" \/><\/p>\n","protected":false},"excerpt":{"rendered":"<p>Tv\u00e5 nya bibliotek i Dominica Sedan slutet av 90-talet har Stockholms FN-f\u00f6rening bidragit till att tv\u00e5 bibliotek \u00f6ppnats i Karibterritoriet&hellip;<\/p>\n","protected":false},"author":17,"featured_media":0,"parent":0,"menu_order":0,"comment_status":"closed","ping_status":"closed","template":"","meta":{"_acf_changed":false,"footnotes":"","_links_to":"","_links_to_target":""},"class_list":["post-212","page","type-page","status-publish","hentry"],"acf":[],"_links":{"self":[{"href":"https:\/\/fn.se\/stockholm\/wp-json\/wp\/v2\/pages\/212","targetHints":{"allow":["GET"]}}],"collection":[{"href":"https:\/\/fn.se\/stockholm\/wp-json\/wp\/v2\/pages"}],"about":[{"href":"https:\/\/fn.se\/stockholm\/wp-json\/wp\/v2\/types\/page"}],"author":[{"embeddable":true,"href":"https:\/\/fn.se\/stockholm\/wp-json\/wp\/v2\/users\/17"}],"replies":[{"embeddable":true,"href":"https:\/\/fn.se\/stockholm\/wp-json\/wp\/v2\/comments?post=212"}],"version-history":[{"count":2,"href":"https:\/\/fn.se\/stockholm\/wp-json\/wp\/v2\/pages\/212\/revisions"}],"predecessor-version":[{"id":218,"href":"https:\/\/fn.se\/stockholm\/wp-json\/wp\/v2\/pages\/212\/revisions\/218"}],"wp:attachment":[{"href":"https:\/\/fn.se\/stockholm\/wp-json\/wp\/v2\/media?parent=212"}],"curies":[{"name":"wp","href":"https:\/\/api.w.org\/{rel}","templated":true}]}}