{"id":2098,"date":"2021-01-29T12:32:18","date_gmt":"2021-01-29T12:32:18","guid":{"rendered":"https:\/\/fn.se\/stockholm\/?page_id=2098"},"modified":"2021-12-10T15:25:04","modified_gmt":"2021-12-10T15:25:04","slug":"arkiv-for-aktiviteter-2021","status":"publish","type":"page","link":"https:\/\/fn.se\/stockholm\/arkiv-for-aktiviteter-2021\/","title":{"rendered":"2021 Arkiv"},"content":{"rendered":"\n<h2 class=\"wp-block-heading\">Arkiv f\u00f6r aktiviteter 2021. <\/h2>\n\n\n\n<p>H\u00e4r kan du ta del av b\u00e5de tidigare aktiviteter och event som h\u00e4nt under 2021, men \u00e4ven vad som h\u00e4nt p\u00e5 kansliet. Sidan uppdateras l\u00f6pande. <\/p>\n\n\n<p><strong>Aktiviteter f\u00f6r v\u00e5rterminen 2021<\/strong><\/p>\n<p>18\/1 <a href=\"https:\/\/fn.se\/stockholm\/2021\/02\/16\/varenterminens-praktikanter-2021\/\">M\u00f6t v\u00e5rterminens praktikanter<\/a>.&nbsp;<\/p>\n<p>27\/1 <a href=\"https:\/\/fn.se\/stockholm\/2021\/01\/29\/foredrag-om-forintelsen\/\">F\u00f6redrag om f\u00f6rintelsen med Helena Trus<\/a><\/p>\n<p>18\/2 <a href=\"https:\/\/fn.se\/stockholm\/2021\/01\/28\/arsmote-2021\/\">\u00c5rsm\u00f6te 2021<\/a><\/p>\n<p>8\/3 <a href=\"https:\/\/fn.se\/stockholm\/2021\/03\/16\/internationella-kvinnodagen\/\">Stockholms FN-f\u00f6rening firar internationella kvinnodagen<\/a><\/p>\n<p>8\/3 <a href=\"https:\/\/fn.se\/stockholm\/2021\/03\/11\/kvinnor-i-sverige-2021\/\">Ny rapport: Kvinnor i Sverige 2021<\/a><\/p>\n<p>25\/3&nbsp;<a href=\"https:\/\/fn.se\/stockholm\/2021\/03\/16\/internationella-dagen-till-minne-av-slaveriets-offer\/\">F\u00f6rel\u00e4sning om m\u00e4nniskohandel med Fr\u00e4lsningens arm\u00e9<\/a><\/p>\n<p><strong>Aktiviteter f\u00f6r h\u00f6stterminen 2021<\/strong><\/p>\n\n\n<p>12\/9 &#8211; 29\/10 <a href=\"https:\/\/fn.se\/stockholm\/2021\/09\/10\/spring-for-17\/\">Under en och en halv m\u00e5nad springer vi tillsammans f\u00f6r de 17 globala m\u00e5len<\/a><\/p>\n\n\n\n<p>15\/9  <a href=\"https:\/\/fn.se\/stockholm\/2021\/09\/14\/ar-var-demokrati-i-fara\/\">Digitalt seminarium om demokrati med Stellan G\u00e4rde fr\u00e5n Internationella Juristkommisionen<\/a><\/p>\n\n\n\n<p>14\/10<a href=\"https:\/\/fn.se\/stockholm\/2021\/10\/07\/flickor-och-kvinnor-i-afghanistan-lunchforelasning-med-svenska-afghanistankommitens-ordforande-andreas-stefansson\/\" data-type=\"post\" data-id=\"2369\"> Lunchf\u00f6rel\u00e4sning om situationen f\u00f6r flickor och kvinnor i Afghanistan med Svenska Afghanistankommit\u00e9n<\/a> <\/p>\n\n\n\n<p>19\/10 <a href=\"https:\/\/fn.se\/stockholm\/2021\/10\/14\/klimatkrisen-slar-mot-oss-alla-hur-kan-vi-minska-risken-for-katastrofer\/\">Lunchf\u00f6rel\u00e4sning om katastrofriskreducering med Ricardo Mena fr\u00e5n UNDRR<\/a> <\/p>\n\n\n\n<p>23\/10<a href=\"https:\/\/fn.se\/stockholm\/2021\/10\/08\/fn-dagsseminarium-demokrati-och-manskliga-rattigheter-i-pandemikrisens-tid\/\"> FN-dagsseminarium: Demokrati och m\u00e4nskliga r\u00e4ttigheter &#8211; i pandemikrisens sp\u00e5r<\/a> <\/p>\n\n\n\n<p>4\/11 <a href=\"https:\/\/fn.se\/stockholm\/2021\/11\/04\/klimatet-vad-kan-du-gora-ett-dialogseminarium-med-helena-lindemark-fran-2022-initiative-foundation\/\">Lunchseminarium: &#8221;Klimatet &#8211; vad kan du g\u00f6ra?&#8221; <\/a> <\/p>\n\n\n\n<p>10\/11 <a href=\"https:\/\/fn.se\/stockholm\/2021\/11\/04\/sveriges-ordforandeskap-i-osse\/\">Kv\u00e4llsseminarium: Sveriges ordf\u00f6randeskap i OSSE<\/a><\/p>\n\n\n\n<p>25\/11 <a href=\"https:\/\/fn.se\/stockholm\/2021\/11\/12\/unga-internet-och-overgrepp\/\">&#8221;Unga, internet och \u00f6vergrepp&#8221; &#8211; En f\u00f6rel\u00e4sning med Novahuset om barn och ungas utsatthet p\u00e5 n\u00e4tet<\/a><\/p>\n\n\n\n<p>7\/12 <a href=\"https:\/\/fn.se\/stockholm\/2021\/12\/03\/panelsamtal-om-mans-vald-mot-kvinnor-i-nara-relationer-inledning-uppbrott-och-eftervald\/\">Panelsamtal om m\u00e4ns v\u00e5ld mot kvinnor i n\u00e4ra relationer: inledning, uppbrott och efterv\u00e5ld<\/a><\/p>\n\n\n\n<p>10\/12 <a href=\"https:\/\/fn.se\/stockholm\/2021\/12\/10\/utdelning-av-stockholms-fn-forenings-pris-inom-manskliga-rattigheter-ar-2021\/\">Utdelning av Stockholms FN-f\u00f6renings pris inom m\u00e4nskliga r\u00e4ttigheter<\/a><\/p>\n","protected":false},"excerpt":{"rendered":"<p>Arkiv f\u00f6r aktiviteter 2021. H\u00e4r kan du ta del av b\u00e5de tidigare aktiviteter och event som h\u00e4nt under 2021, men&hellip;<\/p>\n","protected":false},"author":86,"featured_media":0,"parent":0,"menu_order":0,"comment_status":"open","ping_status":"closed","template":"templates\/template-sub.php","meta":{"_acf_changed":false,"footnotes":"","_links_to":"","_links_to_target":""},"class_list":["post-2098","page","type-page","status-publish","hentry"],"acf":[],"_links":{"self":[{"href":"https:\/\/fn.se\/stockholm\/wp-json\/wp\/v2\/pages\/2098","targetHints":{"allow":["GET"]}}],"collection":[{"href":"https:\/\/fn.se\/stockholm\/wp-json\/wp\/v2\/pages"}],"about":[{"href":"https:\/\/fn.se\/stockholm\/wp-json\/wp\/v2\/types\/page"}],"author":[{"embeddable":true,"href":"https:\/\/fn.se\/stockholm\/wp-json\/wp\/v2\/users\/86"}],"replies":[{"embeddable":true,"href":"https:\/\/fn.se\/stockholm\/wp-json\/wp\/v2\/comments?post=2098"}],"version-history":[{"count":35,"href":"https:\/\/fn.se\/stockholm\/wp-json\/wp\/v2\/pages\/2098\/revisions"}],"predecessor-version":[{"id":2518,"href":"https:\/\/fn.se\/stockholm\/wp-json\/wp\/v2\/pages\/2098\/revisions\/2518"}],"wp:attachment":[{"href":"https:\/\/fn.se\/stockholm\/wp-json\/wp\/v2\/media?parent=2098"}],"curies":[{"name":"wp","href":"https:\/\/api.w.org\/{rel}","templated":true}]}}