{"id":206,"date":"2016-10-03T11:41:34","date_gmt":"2016-10-03T11:41:34","guid":{"rendered":"http:\/\/fn.se\/stockholm\/?page_id=206"},"modified":"2018-01-30T10:53:25","modified_gmt":"2018-01-30T10:53:25","slug":"75-kvinnor-som-aktorer-gor-skillnad","status":"publish","type":"page","link":"https:\/\/fn.se\/stockholm\/75-kvinnor-som-aktorer-gor-skillnad\/","title":{"rendered":"7\/5 Kvinnor som akt\u00f6rer g\u00f6r skillnad"},"content":{"rendered":"<h1>Kvinnor som akt\u00f6rer g\u00f6r skillnad<\/h1>\n<p class=\"intro\"><strong>I ett f\u00f6rsta seminarium av tre tar Stockholms FN-f\u00f6rening tag i kvinnans roll som akt\u00f6r i krig och konflikter. Lottan Elisabeth Schimann var p\u00e5 plats och ber\u00e4ttade om sina erfarenheter fr\u00e5n sin senaste mission i Sydsudan:<br \/>\n\u2013 Som kvinna och som kvinnlig polis blev jag en f\u00f6rebild f\u00f6r kvinnorna d\u00e4r nere, s\u00e4ger Elisabeth Schimann.\u00a0<\/strong><\/p>\n<p>Med avstamp i FN:s resolution 1325 vill Stockholms FN-f\u00f6rening lyfta fram kvinnans aktiva roll under fredsarbeten i konfliktdrabbade omr\u00e5den. Nora Weintraub, ordf\u00f6rande i f\u00f6reningen, var moderator under det f\u00f6rsta seminariet den 7 maj:<\/p>\n<p>\u2013 Tanken med temat \u00e4r att flytta fokus fr\u00e5n offerrollen och ist\u00e4llet diskutera hur kvinnor kan arbeta f\u00f6r fred och vilka roller kvinnan kan ha, s\u00e4ger Nora Weintraub.<\/p>\n<p>Resolution 1325, Kvinnor, fred och s\u00e4kerhet, antogs av FN:s s\u00e4kerhetsr\u00e5d i oktober 2000 och handlar om kvinnors roller och hur betydelsefullt det \u00e4r med deras medverkan vid fredsprocesser och konfliktl\u00f6sning.<\/p>\n<p>\u2013 Det g\u00e4ller att st\u00e4rka kvinnors situation, deras st\u00e4llning, och se till att de f\u00e5r tillg\u00e5ng till utbildning, s\u00e4ger Nora Weintraub.<\/p>\n<div id=\"attachment_207\" style=\"width: 502px\" class=\"wp-caption alignnone\"><img loading=\"lazy\" decoding=\"async\" aria-describedby=\"caption-attachment-207\" class=\"size-full wp-image-207\" src=\"https:\/\/fn.se\/stockholm\/wp-content\/uploads\/sites\/32\/2016\/10\/Sthlm-Elisabetth_o_Nora.jpeg\" alt=\"P\u00e5 bilden: Elisabeth Schimann, som ber\u00e4ttade om sina erfarenheter fr\u00e5n att vara kvinna p\u00e5 utlandsmission, och Nora Weintraub, ordf\u00f6rande Stockholms FN-f\u00f6rening. Fotograf: Andrej Weintraub\" width=\"492\" height=\"369\" \/><p id=\"caption-attachment-207\" class=\"wp-caption-text\">P\u00e5 bilden: Elisabeth Schimann, som ber\u00e4ttade om sina erfarenheter fr\u00e5n att vara kvinna p\u00e5 utlandsmission, och Nora Weintraub, ordf\u00f6rande Stockholms FN-f\u00f6rening. Fotograf: Andrej Weintraub<\/p><\/div>\n<p>Vid seminariet ber\u00e4ttade lottan och polisen Elisabeth Schimann om sina upplevelser fr\u00e5n senaste missionen i Sydsudan under 2014, hennes sj\u00e4tte i raden. I sitt uppdrag var det meningen att hon skulle \u00e5ka ner och utbilda andra poliser, men inb\u00f6rdeskriget ledde till andra arbetsuppgifter:<\/p>\n<p>&nbsp;<\/p>\n<p>\u2013 Vi fick ta hand om internflyktingar ist\u00e4llet. Och det blev v\u00e4ldigt stort fokus p\u00e5 oss som kvinnor som tj\u00e4nstgjorde som poliser. Vi ligger s\u00e5 l\u00e5ngt ifr\u00e5n varandra n\u00e4r det g\u00e4ller j\u00e4mlikhet och kvinnors r\u00e4tt, s\u00e4ger Elisabeth Schimann.<\/p>\n<p>Samtalet bland deltagarna under seminariet kom bland annat att kretsa kring de f\u00f6r\u00e4ndringar som kr\u00e4vs f\u00f6r att \u00f6ka antalet kvinnliga akt\u00f6rer i olika roller och runt f\u00f6rhandlingsbordet.<\/p>\n<p>\u2013 Jag tror att kvinnor m\u00e5ste involveras mer n\u00e4r man fattar beslut, att man tar h\u00e4nsyn till kvinnornas behov. Annars kommer man inte att lyckas f\u00e5 stabilitet eller varaktig fred, s\u00e4ger Elisabeth Schimann.<\/p>\n<p>Hon tror aldrig att det kommer att bli helt j\u00e4mst\u00e4llt n\u00e4r det g\u00e4ller k\u00f6n p\u00e5 de som \u00e5ker p\u00e5 missioner, det \u00e4r fortfarande oftast kvinnan som stannar hemma med barnen. D\u00e4rf\u00f6r \u00e4r det extra viktigt med de kvinnor som trots allt \u00e4r med vid olika fredsbevarande insatser, menar Elisabeth Schimann.<\/p>\n<p>\u2013 Det betyder j\u00e4ttemycket att man visar kvinnorna p\u00e5 plats att det finns m\u00f6jligheter f\u00f6r dem att vara chef, ta beslut och ha ett yrke, samtidigt som de kan vara mamma, s\u00e4ger hon.<\/p>\n<p>I h\u00f6st planerar Stockholms FN-f\u00f6rening ytterligare tv\u00e5 seminarier inom samma tema. Och f\u00f6reningen hoppas att det leder till att st\u00e4rka sj\u00e4lvbilden hos flickor och kvinnor, \u00e4ven i Sverige, och att det sprider en optimism.<\/p>\n<p>\u2013 Det viktiga \u00e4r att vi tror p\u00e5 att vi kan g\u00f6ra skillnad och att vi engagerar oss. Tillsammans kan kvinnor g\u00f6ra j\u00e4ttemycket, vi \u00e4r ju \u00e4nd\u00e5 h\u00e4lften av m\u00e4nskligheten, s\u00e4ger Nora Weintraub.<\/p>\n<p>Vill du som lotta \u00e5ka iv\u00e4g p\u00e5 mission och g\u00f6ra en insats? D\u00e5 \u00e4r tipsen fr\u00e5n Elisabeth Schimann att skaffa sig en h\u00f6g kunskapsniv\u00e5 inom sin befattning, ha en god engelska och en bra grundkondition. Flexibilitet, nyfikenhet och \u00e4ventyrslystnad \u00e4r bra egenskaper att ha. Och att ha en bra social trygghet p\u00e5 hemmaplan f\u00f6r uppbackning n\u00e4r man \u00e5ker ut \u00e4r ett m\u00e5ste.<\/p>\n<div id=\"attachment_208\" style=\"width: 502px\" class=\"wp-caption aligncenter\"><img loading=\"lazy\" decoding=\"async\" aria-describedby=\"caption-attachment-208\" class=\"wp-image-208 size-full\" src=\"https:\/\/fn.se\/stockholm\/wp-content\/uploads\/sites\/32\/2016\/10\/Sthlm-LindaN_SthlmFN7maj.jpeg\" alt=\"sthlm-lindan_sthlmfn7maj\" width=\"492\" height=\"369\" \/><p id=\"caption-attachment-208\" class=\"wp-caption-text\">Linda Nordin, generalsekreterare Svenska FN-f\u00f6rbundet<\/p><\/div>\n<p><em>Text: Malin Borning<\/em><\/p>\n","protected":false},"excerpt":{"rendered":"<p>Kvinnor som akt\u00f6rer g\u00f6r skillnad I ett f\u00f6rsta seminarium av tre tar Stockholms FN-f\u00f6rening tag i kvinnans roll som akt\u00f6r&hellip;<\/p>\n","protected":false},"author":17,"featured_media":0,"parent":0,"menu_order":0,"comment_status":"closed","ping_status":"closed","template":"","meta":{"_acf_changed":false,"footnotes":"","_links_to":"","_links_to_target":""},"class_list":["post-206","page","type-page","status-publish","hentry"],"acf":[],"_links":{"self":[{"href":"https:\/\/fn.se\/stockholm\/wp-json\/wp\/v2\/pages\/206","targetHints":{"allow":["GET"]}}],"collection":[{"href":"https:\/\/fn.se\/stockholm\/wp-json\/wp\/v2\/pages"}],"about":[{"href":"https:\/\/fn.se\/stockholm\/wp-json\/wp\/v2\/types\/page"}],"author":[{"embeddable":true,"href":"https:\/\/fn.se\/stockholm\/wp-json\/wp\/v2\/users\/17"}],"replies":[{"embeddable":true,"href":"https:\/\/fn.se\/stockholm\/wp-json\/wp\/v2\/comments?post=206"}],"version-history":[{"count":2,"href":"https:\/\/fn.se\/stockholm\/wp-json\/wp\/v2\/pages\/206\/revisions"}],"predecessor-version":[{"id":210,"href":"https:\/\/fn.se\/stockholm\/wp-json\/wp\/v2\/pages\/206\/revisions\/210"}],"wp:attachment":[{"href":"https:\/\/fn.se\/stockholm\/wp-json\/wp\/v2\/media?parent=206"}],"curies":[{"name":"wp","href":"https:\/\/api.w.org\/{rel}","templated":true}]}}