{"id":195,"date":"2016-10-03T11:19:17","date_gmt":"2016-10-03T11:19:17","guid":{"rendered":"http:\/\/fn.se\/stockholm\/?page_id=195"},"modified":"2018-01-30T10:53:20","modified_gmt":"2018-01-30T10:53:20","slug":"279-seminarium-om-empowerment-of-women-in-africa","status":"publish","type":"page","link":"https:\/\/fn.se\/stockholm\/279-seminarium-om-empowerment-of-women-in-africa\/","title":{"rendered":"27\/9 Seminarium om \u201cEmpowerment of women in Africa\u201d"},"content":{"rendered":"<h1>Seminarium om \u201cEmpowerment of women in Africa\u201d<\/h1>\n<p class=\"intro\"><strong>Den 27 september 2010 bes\u00f6kte den kenyanske juristen Mary Okioma Stockholms FN-f\u00f6rening p\u00e5 Klara S\u00f6dra Kyrkogata 20.<\/strong><\/p>\n<p>Efter den korta introduktionen av Stockholm FN-f\u00f6renings ordf\u00f6rande Gunvor Ngarambe ber\u00e4ttade Mary Okioma om afrikanska kvinnors framsteg. Hon \u00e4r verkst\u00e4llande direkt\u00f6r p\u00e5 Women for Justice in Africa (WOJA). Det \u00e4r en icke-statlig organisation bildat f\u00f6r att fr\u00e4mja kvinnors r\u00e4ttigheter. De ger r\u00e4ttshj\u00e4lp till v\u00e5ldsutsatta kvinnor. Program f\u00f6r ledarskap och supportgrupper finns till f\u00f6r att utbilda samfund om kvinnors, barns och funktionshindrades r\u00e4ttigheter.<\/p>\n<p><span lang=\"EN-US\">Okioma arbetar med<\/span> <span lang=\"EN-US\">The African Women&#8217;s Development and Communication Network (FEMNET).<\/span> FEMNET finns i 5 regioner, nord, syd, central, \u00f6st och V\u00e4stafrika. Det regionala n\u00e4tverket startades 1988 f\u00f6r att dela erfarenheter, information och strategier bland Afrikas icke-statliga kvinnoorganisationer genom opinionsbildning, utbildning och kommunikation f\u00f6r att f\u00f6ra fram afrikanska kvinnors m\u00e4nskliga r\u00e4ttigheter.<\/p>\n<p>Fokus ligger p\u00e5 HIV\/AIDS. Kvinnor blir inte bara infekterade. De har \u00e4ven det tunga ansvaret att ta hand om andra. FEMNET \u00e4r medlem i den internationella kampanjen &#8221;Women Won&#8217;t Wait&#8221;. Enligt Okioma kan spridningen av HIV inte kontrolleras utan ett stopp av v\u00e5ldet mot kvinnor.<\/p>\n<p>Hon visade sin entusiasm att kvinnor nu talar med en r\u00f6st genom sammanslagningen av fyra kvinnoavdelningar. Chiles tidigare president Michelle Bachelet \u00e4r chef f\u00f6r den nya avdelningen UN Women.<\/p>\n<p>Vidare pratade hon om att v\u00e5ldt\u00e4kter anv\u00e4nts i krig som ett medel att f\u00f6r\u00f6dmjuka fienden. Hon ber\u00f6rde \u00e4ven den nya konstitutionen i Kenya som ger kvinnor mer r\u00e4ttigheter inom b\u00e5de den offentliga och privata sf\u00e4ren.<\/p>\n<p>Stockholms FN-f\u00f6rening tackar Mary Okioma och alla medlemmar som deltog.<\/p>\n<p><em>Robert Tadjer &#8211; Stockholms FN-f\u00f6rening<\/em><\/p>\n","protected":false},"excerpt":{"rendered":"<p>Seminarium om \u201cEmpowerment of women in Africa\u201d Den 27 september 2010 bes\u00f6kte den kenyanske juristen Mary Okioma Stockholms FN-f\u00f6rening p\u00e5&hellip;<\/p>\n","protected":false},"author":17,"featured_media":0,"parent":0,"menu_order":0,"comment_status":"closed","ping_status":"closed","template":"","meta":{"_acf_changed":false,"footnotes":"","_links_to":"","_links_to_target":""},"class_list":["post-195","page","type-page","status-publish","hentry"],"acf":[],"_links":{"self":[{"href":"https:\/\/fn.se\/stockholm\/wp-json\/wp\/v2\/pages\/195","targetHints":{"allow":["GET"]}}],"collection":[{"href":"https:\/\/fn.se\/stockholm\/wp-json\/wp\/v2\/pages"}],"about":[{"href":"https:\/\/fn.se\/stockholm\/wp-json\/wp\/v2\/types\/page"}],"author":[{"embeddable":true,"href":"https:\/\/fn.se\/stockholm\/wp-json\/wp\/v2\/users\/17"}],"replies":[{"embeddable":true,"href":"https:\/\/fn.se\/stockholm\/wp-json\/wp\/v2\/comments?post=195"}],"version-history":[{"count":1,"href":"https:\/\/fn.se\/stockholm\/wp-json\/wp\/v2\/pages\/195\/revisions"}],"predecessor-version":[{"id":196,"href":"https:\/\/fn.se\/stockholm\/wp-json\/wp\/v2\/pages\/195\/revisions\/196"}],"wp:attachment":[{"href":"https:\/\/fn.se\/stockholm\/wp-json\/wp\/v2\/media?parent=195"}],"curies":[{"name":"wp","href":"https:\/\/api.w.org\/{rel}","templated":true}]}}