{"id":192,"date":"2016-10-03T11:17:04","date_gmt":"2016-10-03T11:17:04","guid":{"rendered":"http:\/\/fn.se\/stockholm\/?page_id=192"},"modified":"2018-01-30T10:53:15","modified_gmt":"2018-01-30T10:53:15","slug":"1012-2010-forsvarare-av-manskliga-rattigheter","status":"publish","type":"page","link":"https:\/\/fn.se\/stockholm\/1012-2010-forsvarare-av-manskliga-rattigheter\/","title":{"rendered":"10\/12 2010 F\u00f6rsvarare av M\u00e4nskliga R\u00e4ttigheter"},"content":{"rendered":"<h1>F\u00f6rsvarare av M\u00e4nskliga R\u00e4ttigheter<\/h1>\n<p>Stockholms FN-f\u00f6rening uts\u00e5g p\u00e5 MR Dagen den 10 december \u00e5rets mottagare av\u00a0&#8221;Diplom\u00a0f\u00f6r f\u00f6rsvar av M\u00e4nskliga R\u00e4ttigheter&#8221;<\/p>\n<p><strong>Felicia Margineanu<\/strong> -f\u00f6r hennes initiativ till en demonstration mot fr\u00e4mlingsfientlighet (Sergels Torg)<\/p>\n<p><strong>Ulf B Andersson<\/strong> &#8211; f\u00f6r m\u00e5ng\u00e5rig journalistisk kamp f\u00f6r m\u00e4nskliga r\u00e4ttigheter<\/p>\n<div id=\"attachment_193\" style=\"width: 1034px\" class=\"wp-caption alignleft\"><img loading=\"lazy\" decoding=\"async\" aria-describedby=\"caption-attachment-193\" class=\"size-large wp-image-193\" src=\"https:\/\/fn.se\/stockholm\/wp-content\/uploads\/sites\/32\/2016\/10\/Sthlm-MR-1024x768.jpg\" alt=\"Ulf B Andersson \" width=\"1024\" height=\"768\" srcset=\"https:\/\/fn.se\/stockholm\/wp-content\/uploads\/sites\/32\/2016\/10\/Sthlm-MR.jpg 1024w, https:\/\/fn.se\/stockholm\/wp-content\/uploads\/sites\/32\/2016\/10\/Sthlm-MR-300x225.jpg 300w, https:\/\/fn.se\/stockholm\/wp-content\/uploads\/sites\/32\/2016\/10\/Sthlm-MR-768x576.jpg 768w, https:\/\/fn.se\/stockholm\/wp-content\/uploads\/sites\/32\/2016\/10\/Sthlm-MR-427x320.jpg 427w, https:\/\/fn.se\/stockholm\/wp-content\/uploads\/sites\/32\/2016\/10\/Sthlm-MR-933x700.jpg 933w\" sizes=\"auto, (max-width: 1024px) 100vw, 1024px\" \/><p id=\"caption-attachment-193\" class=\"wp-caption-text\">Ulf B Andersson<\/p><\/div>\n","protected":false},"excerpt":{"rendered":"<p>F\u00f6rsvarare av M\u00e4nskliga R\u00e4ttigheter Stockholms FN-f\u00f6rening uts\u00e5g p\u00e5 MR Dagen den 10 december \u00e5rets mottagare av\u00a0&#8221;Diplom\u00a0f\u00f6r f\u00f6rsvar av M\u00e4nskliga R\u00e4ttigheter&#8221;&hellip;<\/p>\n","protected":false},"author":17,"featured_media":0,"parent":0,"menu_order":0,"comment_status":"closed","ping_status":"closed","template":"","meta":{"_acf_changed":false,"footnotes":"","_links_to":"","_links_to_target":""},"class_list":["post-192","page","type-page","status-publish","hentry"],"acf":[],"_links":{"self":[{"href":"https:\/\/fn.se\/stockholm\/wp-json\/wp\/v2\/pages\/192","targetHints":{"allow":["GET"]}}],"collection":[{"href":"https:\/\/fn.se\/stockholm\/wp-json\/wp\/v2\/pages"}],"about":[{"href":"https:\/\/fn.se\/stockholm\/wp-json\/wp\/v2\/types\/page"}],"author":[{"embeddable":true,"href":"https:\/\/fn.se\/stockholm\/wp-json\/wp\/v2\/users\/17"}],"replies":[{"embeddable":true,"href":"https:\/\/fn.se\/stockholm\/wp-json\/wp\/v2\/comments?post=192"}],"version-history":[{"count":1,"href":"https:\/\/fn.se\/stockholm\/wp-json\/wp\/v2\/pages\/192\/revisions"}],"predecessor-version":[{"id":194,"href":"https:\/\/fn.se\/stockholm\/wp-json\/wp\/v2\/pages\/192\/revisions\/194"}],"wp:attachment":[{"href":"https:\/\/fn.se\/stockholm\/wp-json\/wp\/v2\/media?parent=192"}],"curies":[{"name":"wp","href":"https:\/\/api.w.org\/{rel}","templated":true}]}}