{"id":190,"date":"2016-10-03T11:12:35","date_gmt":"2016-10-03T11:12:35","guid":{"rendered":"http:\/\/fn.se\/stockholm\/?page_id=190"},"modified":"2016-10-03T11:12:35","modified_gmt":"2016-10-03T11:12:35","slug":"studentsektionen-pa-sus-valkomstdagar","status":"publish","type":"page","link":"https:\/\/fn.se\/stockholm\/studentsektionen-pa-sus-valkomstdagar\/","title":{"rendered":"Studentsektionen p\u00e5 SU:s v\u00e4lkomstdagar"},"content":{"rendered":"<h1>Studentsektionen p\u00e5 SU:s v\u00e4lkomstdagar<\/h1>\n<p>Under V\u00e4lkomstdagarna p\u00e5 Stockholms universitet n\u00e4rvarade Stockholms FN-f\u00f6renings Studentsektion och informerade intresserade studenter om sektionens kommande aktiviteter och tidigare verksamhet!<\/p>\n<p>Tack till alla ni som kom f\u00f6rbi och st\u00e4llde fr\u00e5gor! Vi ser fram emot att se er p\u00e5 Studentsektionens kommande aktiviteter!<br \/>\nF\u00f6r mer info, se Studentsektionens Facebook-sida <a href=\"https:\/\/www.facebook.com\/UNAStockholmUniversity\/?hc_ref=SEARCH&amp;fref=nf\">h\u00e4r!<\/a><\/p>\n","protected":false},"excerpt":{"rendered":"<p>Studentsektionen p\u00e5 SU:s v\u00e4lkomstdagar Under V\u00e4lkomstdagarna p\u00e5 Stockholms universitet n\u00e4rvarade Stockholms FN-f\u00f6renings Studentsektion och informerade intresserade studenter om sektionens kommande&hellip;<\/p>\n","protected":false},"author":17,"featured_media":0,"parent":0,"menu_order":0,"comment_status":"closed","ping_status":"closed","template":"","meta":{"_acf_changed":false,"footnotes":"","_links_to":"","_links_to_target":""},"class_list":["post-190","page","type-page","status-publish","hentry"],"acf":[],"_links":{"self":[{"href":"https:\/\/fn.se\/stockholm\/wp-json\/wp\/v2\/pages\/190","targetHints":{"allow":["GET"]}}],"collection":[{"href":"https:\/\/fn.se\/stockholm\/wp-json\/wp\/v2\/pages"}],"about":[{"href":"https:\/\/fn.se\/stockholm\/wp-json\/wp\/v2\/types\/page"}],"author":[{"embeddable":true,"href":"https:\/\/fn.se\/stockholm\/wp-json\/wp\/v2\/users\/17"}],"replies":[{"embeddable":true,"href":"https:\/\/fn.se\/stockholm\/wp-json\/wp\/v2\/comments?post=190"}],"version-history":[{"count":1,"href":"https:\/\/fn.se\/stockholm\/wp-json\/wp\/v2\/pages\/190\/revisions"}],"predecessor-version":[{"id":191,"href":"https:\/\/fn.se\/stockholm\/wp-json\/wp\/v2\/pages\/190\/revisions\/191"}],"wp:attachment":[{"href":"https:\/\/fn.se\/stockholm\/wp-json\/wp\/v2\/media?parent=190"}],"curies":[{"name":"wp","href":"https:\/\/api.w.org\/{rel}","templated":true}]}}