{"id":19,"date":"2016-09-30T14:14:40","date_gmt":"2016-09-30T14:14:40","guid":{"rendered":"http:\/\/fn.se\/stockholm\/?page_id=19"},"modified":"2026-03-13T09:12:32","modified_gmt":"2026-03-13T09:12:32","slug":"studentsektionen","status":"publish","type":"page","link":"https:\/\/fn.se\/stockholm\/studentsektionen\/","title":{"rendered":"Studentsektionen"},"content":{"rendered":"\n<h1 class=\"wp-block-heading\"><strong>STUDENTSEKTIONEN<\/strong><\/h1>\n\n\n\n<p><\/p>\n\n\n\n<p>\u00c4r du student i Stockholm med ett intresse f\u00f6r internationella fr\u00e5gor som demokrati, fred, s\u00e4kerhet, internationellt samarbete och h\u00e5llbar utveckling? D\u00e5 vill vi p\u00e5 Stockholms FN-f\u00f6renings studentsektion h\u00e4lsa dig varmt v\u00e4lkommen att engagera dig hos oss! <\/p>\n\n\n\n<p>Hos studentsektionen f\u00e5r du chansen att skapa kontakter med andra studenter i Stockholm och aktivt bidra till v\u00e5r verksamhet. Varje termin anordnar vi sp\u00e4nnande f\u00f6rel\u00e4sningar om aktuella internationella fr\u00e5gor, karri\u00e4revent, workshops och andra roliga aktiviteter som du kan vara med och arrangera.<\/p>\n\n\n\n<p>Vill du engagera dig? Efter att du blivit medlem i Svenska FN-f\u00f6rbundet \u00e4r det bara att fylla i formul\u00e4ret <a href=\"https:\/\/docs.google.com\/forms\/d\/1VuDiLXmCDOy_ZNKxt_HxIOAH9yjyeIuiAY6OM4NljJw\/viewform?fbclid=PAZXh0bgNhZW0CMTEAAaaLx55JQs1iDiFbLTtoJoxa9Z2O2AGSDI8a7r6Xz1HVUCM3_NM-biRBnTQ_aem_C3jRWUKwBbXCQwukxs1DNA&amp;edit_requested=true\" data-type=\"link\" data-id=\"https:\/\/docs.google.com\/forms\/d\/1VuDiLXmCDOy_ZNKxt_HxIOAH9yjyeIuiAY6OM4NljJw\/viewform?fbclid=PAZXh0bgNhZW0CMTEAAaaLx55JQs1iDiFbLTtoJoxa9Z2O2AGSDI8a7r6Xz1HVUCM3_NM-biRBnTQ_aem_C3jRWUKwBbXCQwukxs1DNA&amp;edit_requested=true\">h\u00e4r!<\/a> <\/p>\n\n\n\n<p>F\u00f6r mer information om v\u00e5r verksamhet, f\u00f6lj oss p\u00e5 sociala medier:<\/p>\n\n\n\n<p><a href=\"https:\/\/www.facebook.com\/UNAStockholmStudent\">Facebook<\/a><\/p>\n\n\n\n<p><a href=\"https:\/\/www.instagram.com\/unastockholmstudent\">Instagram<\/a><\/p>\n\n\n\n<p><a href=\"https:\/\/www.linkedin.com\/company\/una-fn-studentsektionen\/\">Linkedin<\/a><\/p>\n\n\n\n<p><strong>STYRELSEN VT 2026:<\/strong><\/p>\n\n\n\n<figure class=\"wp-block-gallery has-nested-images columns-default is-cropped wp-block-gallery-1 is-layout-flex wp-block-gallery-is-layout-flex\">\n<figure class=\"wp-block-image size-large\"><img loading=\"lazy\" decoding=\"async\" width=\"819\" height=\"1024\" data-id=\"3947\" src=\"https:\/\/fn.se\/stockholm\/wp-content\/uploads\/sites\/32\/2026\/02\/Executives-VT26-819x1024.png\" alt=\"\" class=\"wp-image-3947\" srcset=\"https:\/\/fn.se\/stockholm\/wp-content\/uploads\/sites\/32\/2026\/02\/Executives-VT26-819x1024.png 819w, https:\/\/fn.se\/stockholm\/wp-content\/uploads\/sites\/32\/2026\/02\/Executives-VT26-240x300.png 240w, https:\/\/fn.se\/stockholm\/wp-content\/uploads\/sites\/32\/2026\/02\/Executives-VT26-768x960.png 768w, https:\/\/fn.se\/stockholm\/wp-content\/uploads\/sites\/32\/2026\/02\/Executives-VT26-650x813.png 650w, https:\/\/fn.se\/stockholm\/wp-content\/uploads\/sites\/32\/2026\/02\/Executives-VT26-1024x1280.png 1024w, https:\/\/fn.se\/stockholm\/wp-content\/uploads\/sites\/32\/2026\/02\/Executives-VT26.png 1080w\" sizes=\"auto, (max-width: 819px) 100vw, 819px\" \/><\/figure>\n\n\n\n<figure class=\"wp-block-image size-large\"><img loading=\"lazy\" decoding=\"async\" width=\"819\" height=\"1024\" data-id=\"3949\" src=\"https:\/\/fn.se\/stockholm\/wp-content\/uploads\/sites\/32\/2026\/02\/Activity-team-VT26-819x1024.png\" alt=\"\" class=\"wp-image-3949\" srcset=\"https:\/\/fn.se\/stockholm\/wp-content\/uploads\/sites\/32\/2026\/02\/Activity-team-VT26-819x1024.png 819w, https:\/\/fn.se\/stockholm\/wp-content\/uploads\/sites\/32\/2026\/02\/Activity-team-VT26-240x300.png 240w, https:\/\/fn.se\/stockholm\/wp-content\/uploads\/sites\/32\/2026\/02\/Activity-team-VT26-768x960.png 768w, https:\/\/fn.se\/stockholm\/wp-content\/uploads\/sites\/32\/2026\/02\/Activity-team-VT26-650x813.png 650w, https:\/\/fn.se\/stockholm\/wp-content\/uploads\/sites\/32\/2026\/02\/Activity-team-VT26-1024x1280.png 1024w, https:\/\/fn.se\/stockholm\/wp-content\/uploads\/sites\/32\/2026\/02\/Activity-team-VT26.png 1080w\" sizes=\"auto, (max-width: 819px) 100vw, 819px\" \/><\/figure>\n\n\n\n<figure class=\"wp-block-image size-large\"><img loading=\"lazy\" decoding=\"async\" width=\"819\" height=\"1024\" data-id=\"3950\" src=\"https:\/\/fn.se\/stockholm\/wp-content\/uploads\/sites\/32\/2026\/02\/Communication-team-819x1024.png\" alt=\"\" class=\"wp-image-3950\" srcset=\"https:\/\/fn.se\/stockholm\/wp-content\/uploads\/sites\/32\/2026\/02\/Communication-team-819x1024.png 819w, https:\/\/fn.se\/stockholm\/wp-content\/uploads\/sites\/32\/2026\/02\/Communication-team-240x300.png 240w, https:\/\/fn.se\/stockholm\/wp-content\/uploads\/sites\/32\/2026\/02\/Communication-team-768x960.png 768w, https:\/\/fn.se\/stockholm\/wp-content\/uploads\/sites\/32\/2026\/02\/Communication-team-650x813.png 650w, https:\/\/fn.se\/stockholm\/wp-content\/uploads\/sites\/32\/2026\/02\/Communication-team-1024x1280.png 1024w, https:\/\/fn.se\/stockholm\/wp-content\/uploads\/sites\/32\/2026\/02\/Communication-team.png 1080w\" sizes=\"auto, (max-width: 819px) 100vw, 819px\" \/><\/figure>\n<\/figure>\n\n\n\n<div class=\"wp-block-group is-layout-grid wp-container-core-group-is-layout-9649a0d9 wp-block-group-is-layout-grid\"><\/div>\n\n\n\n<figure class=\"wp-block-gallery has-nested-images columns-default is-cropped wp-block-gallery-2 is-layout-flex wp-block-gallery-is-layout-flex\">\n<figure class=\"wp-block-image size-large\"><img loading=\"lazy\" decoding=\"async\" width=\"1024\" height=\"684\" data-id=\"3353\" src=\"https:\/\/fn.se\/stockholm\/wp-content\/uploads\/sites\/32\/2024\/10\/Valkomsdagen-2024-p2-1024x684.jpg\" alt=\"\" class=\"wp-image-3353\" srcset=\"https:\/\/fn.se\/stockholm\/wp-content\/uploads\/sites\/32\/2024\/10\/Valkomsdagen-2024-p2-1024x684.jpg 1024w, https:\/\/fn.se\/stockholm\/wp-content\/uploads\/sites\/32\/2024\/10\/Valkomsdagen-2024-p2-300x200.jpg 300w, https:\/\/fn.se\/stockholm\/wp-content\/uploads\/sites\/32\/2024\/10\/Valkomsdagen-2024-p2-768x513.jpg 768w, https:\/\/fn.se\/stockholm\/wp-content\/uploads\/sites\/32\/2024\/10\/Valkomsdagen-2024-p2-1536x1027.jpg 1536w, https:\/\/fn.se\/stockholm\/wp-content\/uploads\/sites\/32\/2024\/10\/Valkomsdagen-2024-p2-650x434.jpg 650w, https:\/\/fn.se\/stockholm\/wp-content\/uploads\/sites\/32\/2024\/10\/Valkomsdagen-2024-p2.jpg 1616w\" sizes=\"auto, (max-width: 1024px) 100vw, 1024px\" \/><\/figure>\n\n\n\n<figure class=\"wp-block-image size-large\"><img loading=\"lazy\" decoding=\"async\" width=\"1024\" height=\"740\" data-id=\"3351\" src=\"https:\/\/fn.se\/stockholm\/wp-content\/uploads\/sites\/32\/2024\/10\/2024-ht-scaled-e1729257464156-1024x740.jpg\" alt=\"\" class=\"wp-image-3351\" srcset=\"https:\/\/fn.se\/stockholm\/wp-content\/uploads\/sites\/32\/2024\/10\/2024-ht-scaled-e1729257464156-1024x740.jpg 1024w, https:\/\/fn.se\/stockholm\/wp-content\/uploads\/sites\/32\/2024\/10\/2024-ht-scaled-e1729257464156-300x217.jpg 300w, https:\/\/fn.se\/stockholm\/wp-content\/uploads\/sites\/32\/2024\/10\/2024-ht-scaled-e1729257464156-768x555.jpg 768w, https:\/\/fn.se\/stockholm\/wp-content\/uploads\/sites\/32\/2024\/10\/2024-ht-scaled-e1729257464156-1536x1110.jpg 1536w, https:\/\/fn.se\/stockholm\/wp-content\/uploads\/sites\/32\/2024\/10\/2024-ht-scaled-e1729257464156-650x470.jpg 650w, https:\/\/fn.se\/stockholm\/wp-content\/uploads\/sites\/32\/2024\/10\/2024-ht-scaled-e1729257464156.jpg 1920w\" sizes=\"auto, (max-width: 1024px) 100vw, 1024px\" \/><\/figure>\n\n\n\n<figure class=\"wp-block-image size-large\"><img loading=\"lazy\" decoding=\"async\" width=\"1024\" height=\"684\" data-id=\"3352\" src=\"https:\/\/fn.se\/stockholm\/wp-content\/uploads\/sites\/32\/2024\/10\/Karriar-2023-1024x684.jpg\" alt=\"\" class=\"wp-image-3352\" srcset=\"https:\/\/fn.se\/stockholm\/wp-content\/uploads\/sites\/32\/2024\/10\/Karriar-2023-1024x684.jpg 1024w, https:\/\/fn.se\/stockholm\/wp-content\/uploads\/sites\/32\/2024\/10\/Karriar-2023-300x200.jpg 300w, https:\/\/fn.se\/stockholm\/wp-content\/uploads\/sites\/32\/2024\/10\/Karriar-2023-768x513.jpg 768w, https:\/\/fn.se\/stockholm\/wp-content\/uploads\/sites\/32\/2024\/10\/Karriar-2023-1536x1027.jpg 1536w, https:\/\/fn.se\/stockholm\/wp-content\/uploads\/sites\/32\/2024\/10\/Karriar-2023-650x434.jpg 650w, https:\/\/fn.se\/stockholm\/wp-content\/uploads\/sites\/32\/2024\/10\/Karriar-2023.jpg 1616w\" sizes=\"auto, (max-width: 1024px) 100vw, 1024px\" \/><\/figure>\n\n\n\n<figure class=\"wp-block-image size-large\"><img loading=\"lazy\" decoding=\"async\" width=\"1024\" height=\"684\" data-id=\"3354\" src=\"https:\/\/fn.se\/stockholm\/wp-content\/uploads\/sites\/32\/2024\/10\/Valkomstdagen-2024-1024x684.jpg\" alt=\"\" class=\"wp-image-3354\" srcset=\"https:\/\/fn.se\/stockholm\/wp-content\/uploads\/sites\/32\/2024\/10\/Valkomstdagen-2024-1024x684.jpg 1024w, https:\/\/fn.se\/stockholm\/wp-content\/uploads\/sites\/32\/2024\/10\/Valkomstdagen-2024-300x200.jpg 300w, https:\/\/fn.se\/stockholm\/wp-content\/uploads\/sites\/32\/2024\/10\/Valkomstdagen-2024-768x513.jpg 768w, https:\/\/fn.se\/stockholm\/wp-content\/uploads\/sites\/32\/2024\/10\/Valkomstdagen-2024-1536x1027.jpg 1536w, https:\/\/fn.se\/stockholm\/wp-content\/uploads\/sites\/32\/2024\/10\/Valkomstdagen-2024-650x434.jpg 650w, https:\/\/fn.se\/stockholm\/wp-content\/uploads\/sites\/32\/2024\/10\/Valkomstdagen-2024.jpg 1616w\" sizes=\"auto, (max-width: 1024px) 100vw, 1024px\" \/><\/figure>\n<\/figure>\n\n\n\n<p><\/p>\n\n\n\n<p>F\u00f6lj oss \u00e4ven p\u00e5 v\u00e5r blogg, d\u00e4r kommer vi publicera texter, analyser av omv\u00e4rlden och mycket annat. Du hittar den h\u00e4r: <a href=\"https:\/\/unastockholmstudent.wordpress.com\/\" target=\"_blank\" rel=\"noreferrer noopener\">https:\/\/unastockholmstudent.wordpress.com\/<\/a><\/p>\n","protected":false},"excerpt":{"rendered":"<p>STUDENTSEKTIONEN \u00c4r du student i Stockholm med ett intresse f\u00f6r internationella fr\u00e5gor som demokrati, fred, s\u00e4kerhet, internationellt samarbete och h\u00e5llbar&hellip;<\/p>\n","protected":false},"author":1,"featured_media":3156,"parent":0,"menu_order":0,"comment_status":"closed","ping_status":"closed","template":"templates\/template-sub.php","meta":{"_acf_changed":false,"footnotes":"","_links_to":"","_links_to_target":""},"class_list":["post-19","page","type-page","status-publish","has-post-thumbnail","hentry"],"acf":[],"_links":{"self":[{"href":"https:\/\/fn.se\/stockholm\/wp-json\/wp\/v2\/pages\/19","targetHints":{"allow":["GET"]}}],"collection":[{"href":"https:\/\/fn.se\/stockholm\/wp-json\/wp\/v2\/pages"}],"about":[{"href":"https:\/\/fn.se\/stockholm\/wp-json\/wp\/v2\/types\/page"}],"author":[{"embeddable":true,"href":"https:\/\/fn.se\/stockholm\/wp-json\/wp\/v2\/users\/1"}],"replies":[{"embeddable":true,"href":"https:\/\/fn.se\/stockholm\/wp-json\/wp\/v2\/comments?post=19"}],"version-history":[{"count":23,"href":"https:\/\/fn.se\/stockholm\/wp-json\/wp\/v2\/pages\/19\/revisions"}],"predecessor-version":[{"id":4313,"href":"https:\/\/fn.se\/stockholm\/wp-json\/wp\/v2\/pages\/19\/revisions\/4313"}],"wp:featuredmedia":[{"embeddable":true,"href":"https:\/\/fn.se\/stockholm\/wp-json\/wp\/v2\/media\/3156"}],"wp:attachment":[{"href":"https:\/\/fn.se\/stockholm\/wp-json\/wp\/v2\/media?parent=19"}],"curies":[{"name":"wp","href":"https:\/\/api.w.org\/{rel}","templated":true}]}}