{"id":187,"date":"2016-10-03T10:51:03","date_gmt":"2016-10-03T10:51:03","guid":{"rendered":"http:\/\/fn.se\/stockholm\/?page_id=187"},"modified":"2018-01-30T10:53:15","modified_gmt":"2018-01-30T10:53:15","slug":"172-internationell-praktik-genom-fn-forbundet","status":"publish","type":"page","link":"https:\/\/fn.se\/stockholm\/172-internationell-praktik-genom-fn-forbundet\/","title":{"rendered":"17\/2 Internationell praktik genom FN-f\u00f6rbundet"},"content":{"rendered":"<h1>Internationell praktik genom FN-f\u00f6rbundet<\/h1>\n<p>Den 17 februari anordnade <a href=\"https:\/\/www.facebook.com\/UNAYouthStockholm\">Stockholms FN-f\u00f6renings Ungdomssektion<\/a> i samarbete med <a href=\"https:\/\/www.facebook.com\/UNAStockholmUniversity\/?hc_ref=SEARCH&amp;fref=nf\">Stockholms FN-f\u00f6renings Studentsektion<\/a> ett seminarium med tv\u00e5 av FN-f\u00f6rbundets internationella praktikanter.<\/p>\n<p>Praktikanterna Per och Hasmik ber\u00e4ttade om sina <span class=\"text_exposed_show\">erfarenheter fr\u00e5n FN-f\u00f6rbundet i Armenien respektive Georgien, d\u00e4r de arbetat fyra m\u00e5nader i f\u00e4lt med ett konfliktf\u00f6rebyggande program inriktat p\u00e5 ungdomar.<\/span><\/p>\n<p>Tack till Hasmik och Per f\u00f6r att ni delade med er av era intressanta erfarenheter!<\/p>\n<p>Och ett stort tack till er som kom f\u00f6r att lyssna!<\/p>\n<p>G\u00e5 g\u00e4rna in p\u00e5 sektionernas Facebook-sidor f\u00f6r att l\u00e4sa mer om deras verksamheter och kommande aktiviteter!<\/p>\n","protected":false},"excerpt":{"rendered":"<p>Internationell praktik genom FN-f\u00f6rbundet Den 17 februari anordnade Stockholms FN-f\u00f6renings Ungdomssektion i samarbete med Stockholms FN-f\u00f6renings Studentsektion ett seminarium med&hellip;<\/p>\n","protected":false},"author":17,"featured_media":0,"parent":0,"menu_order":0,"comment_status":"closed","ping_status":"closed","template":"","meta":{"_acf_changed":false,"footnotes":"","_links_to":"","_links_to_target":""},"class_list":["post-187","page","type-page","status-publish","hentry"],"acf":[],"_links":{"self":[{"href":"https:\/\/fn.se\/stockholm\/wp-json\/wp\/v2\/pages\/187","targetHints":{"allow":["GET"]}}],"collection":[{"href":"https:\/\/fn.se\/stockholm\/wp-json\/wp\/v2\/pages"}],"about":[{"href":"https:\/\/fn.se\/stockholm\/wp-json\/wp\/v2\/types\/page"}],"author":[{"embeddable":true,"href":"https:\/\/fn.se\/stockholm\/wp-json\/wp\/v2\/users\/17"}],"replies":[{"embeddable":true,"href":"https:\/\/fn.se\/stockholm\/wp-json\/wp\/v2\/comments?post=187"}],"version-history":[{"count":1,"href":"https:\/\/fn.se\/stockholm\/wp-json\/wp\/v2\/pages\/187\/revisions"}],"predecessor-version":[{"id":188,"href":"https:\/\/fn.se\/stockholm\/wp-json\/wp\/v2\/pages\/187\/revisions\/188"}],"wp:attachment":[{"href":"https:\/\/fn.se\/stockholm\/wp-json\/wp\/v2\/media?parent=187"}],"curies":[{"name":"wp","href":"https:\/\/api.w.org\/{rel}","templated":true}]}}