{"id":181,"date":"2016-10-03T10:49:19","date_gmt":"2016-10-03T10:49:19","guid":{"rendered":"http:\/\/fn.se\/stockholm\/?page_id=181"},"modified":"2016-10-03T10:49:19","modified_gmt":"2016-10-03T10:49:19","slug":"manskliga-rattigheter-i-iran-bahaiernas-situation","status":"publish","type":"page","link":"https:\/\/fn.se\/stockholm\/manskliga-rattigheter-i-iran-bahaiernas-situation\/","title":{"rendered":"M\u00e4nskliga r\u00e4ttigheter i Iran: Bah\u00e1iernas situation"},"content":{"rendered":"<h1>M\u00e4nskliga r\u00e4ttigheter i Iran: Bah\u00e1iernas situation<\/h1>\n<p>Med anledning av FN:s beslut att kalla f\u00f6rsta veckan i februari f\u00f6r <strong>&#8221;UN World Interfaith Harmony Week&#8221;<\/strong>, beslutade Stockholms FN-f\u00f6rening att i samarbete med Bah\u00e1i&#8217;samfundet anordna ett seminarium om Bah\u00e1&#8217;\u00edernas situation i Iran.<\/p>\n<p>Tack till Studief\u00f6rbundet Sensus som bidrog med lokalen till detta v\u00e4lbes\u00f6kta seminarium!<\/p>\n<p>Och ytterligare ett stort tack till alla talare och g\u00e4ster som n\u00e4rvarade p\u00e5 seminariet!<img loading=\"lazy\" decoding=\"async\" class=\"alignleft size-large wp-image-182\" src=\"https:\/\/fn.se\/stockholm\/wp-content\/uploads\/sites\/32\/2016\/10\/Sthlm-Bahai-1-1024x686.jpg\" alt=\"sthlm-bahai-1\" width=\"1024\" height=\"686\" srcset=\"https:\/\/fn.se\/stockholm\/wp-content\/uploads\/sites\/32\/2016\/10\/Sthlm-Bahai-1-1024x686.jpg 1024w, https:\/\/fn.se\/stockholm\/wp-content\/uploads\/sites\/32\/2016\/10\/Sthlm-Bahai-1-300x201.jpg 300w, https:\/\/fn.se\/stockholm\/wp-content\/uploads\/sites\/32\/2016\/10\/Sthlm-Bahai-1-768x514.jpg 768w, https:\/\/fn.se\/stockholm\/wp-content\/uploads\/sites\/32\/2016\/10\/Sthlm-Bahai-1-450x301.jpg 450w, https:\/\/fn.se\/stockholm\/wp-content\/uploads\/sites\/32\/2016\/10\/Sthlm-Bahai-1.jpg 2048w\" sizes=\"auto, (max-width: 1024px) 100vw, 1024px\" \/> <img loading=\"lazy\" decoding=\"async\" class=\"alignleft size-large wp-image-183\" src=\"https:\/\/fn.se\/stockholm\/wp-content\/uploads\/sites\/32\/2016\/10\/Sthlm-Bahai-2-1024x686.jpg\" alt=\"sthlm-bahai-2\" width=\"1024\" height=\"686\" \/> <img loading=\"lazy\" decoding=\"async\" class=\"alignleft size-large wp-image-184\" src=\"https:\/\/fn.se\/stockholm\/wp-content\/uploads\/sites\/32\/2016\/10\/Sthlm-Bahai-3-1024x686.jpg\" alt=\"sthlm-bahai-3\" width=\"1024\" height=\"686\" \/> <img loading=\"lazy\" decoding=\"async\" class=\"alignleft size-large wp-image-185\" src=\"https:\/\/fn.se\/stockholm\/wp-content\/uploads\/sites\/32\/2016\/10\/Sthlm-Bahai-4-1024x686.jpg\" alt=\"sthlm-bahai-4\" width=\"1024\" height=\"686\" srcset=\"https:\/\/fn.se\/stockholm\/wp-content\/uploads\/sites\/32\/2016\/10\/Sthlm-Bahai-4-1024x686.jpg 1024w, https:\/\/fn.se\/stockholm\/wp-content\/uploads\/sites\/32\/2016\/10\/Sthlm-Bahai-4-300x201.jpg 300w, https:\/\/fn.se\/stockholm\/wp-content\/uploads\/sites\/32\/2016\/10\/Sthlm-Bahai-4-768x514.jpg 768w, https:\/\/fn.se\/stockholm\/wp-content\/uploads\/sites\/32\/2016\/10\/Sthlm-Bahai-4-450x301.jpg 450w, https:\/\/fn.se\/stockholm\/wp-content\/uploads\/sites\/32\/2016\/10\/Sthlm-Bahai-4.jpg 2048w\" sizes=\"auto, (max-width: 1024px) 100vw, 1024px\" \/><\/p>\n","protected":false},"excerpt":{"rendered":"<p>M\u00e4nskliga r\u00e4ttigheter i Iran: Bah\u00e1iernas situation Med anledning av FN:s beslut att kalla f\u00f6rsta veckan i februari f\u00f6r &#8221;UN World&hellip;<\/p>\n","protected":false},"author":17,"featured_media":182,"parent":0,"menu_order":0,"comment_status":"closed","ping_status":"closed","template":"","meta":{"_acf_changed":false,"footnotes":"","_links_to":"","_links_to_target":""},"class_list":["post-181","page","type-page","status-publish","has-post-thumbnail","hentry"],"acf":[],"_links":{"self":[{"href":"https:\/\/fn.se\/stockholm\/wp-json\/wp\/v2\/pages\/181","targetHints":{"allow":["GET"]}}],"collection":[{"href":"https:\/\/fn.se\/stockholm\/wp-json\/wp\/v2\/pages"}],"about":[{"href":"https:\/\/fn.se\/stockholm\/wp-json\/wp\/v2\/types\/page"}],"author":[{"embeddable":true,"href":"https:\/\/fn.se\/stockholm\/wp-json\/wp\/v2\/users\/17"}],"replies":[{"embeddable":true,"href":"https:\/\/fn.se\/stockholm\/wp-json\/wp\/v2\/comments?post=181"}],"version-history":[{"count":1,"href":"https:\/\/fn.se\/stockholm\/wp-json\/wp\/v2\/pages\/181\/revisions"}],"predecessor-version":[{"id":186,"href":"https:\/\/fn.se\/stockholm\/wp-json\/wp\/v2\/pages\/181\/revisions\/186"}],"wp:featuredmedia":[{"embeddable":true,"href":"https:\/\/fn.se\/stockholm\/wp-json\/wp\/v2\/media\/182"}],"wp:attachment":[{"href":"https:\/\/fn.se\/stockholm\/wp-json\/wp\/v2\/media?parent=181"}],"curies":[{"name":"wp","href":"https:\/\/api.w.org\/{rel}","templated":true}]}}