{"id":178,"date":"2016-10-03T10:44:31","date_gmt":"2016-10-03T10:44:31","guid":{"rendered":"http:\/\/fn.se\/stockholm\/?page_id=178"},"modified":"2018-01-30T10:53:21","modified_gmt":"2018-01-30T10:53:21","slug":"62-ungdomssektionen-pa-handelsdagarna","status":"publish","type":"page","link":"https:\/\/fn.se\/stockholm\/62-ungdomssektionen-pa-handelsdagarna\/","title":{"rendered":"6\/2 Ungdomssektionen p\u00e5 Handelsdagarna"},"content":{"rendered":"<h1>Ungdomssektionen p\u00e5 Handelsdagarna<\/h1>\n<p><span class=\"userContent\">Den 6 februari stod <a href=\"https:\/\/www.facebook.com\/UNAYouthStockholm?fref=ts\">Stockholms FN-f\u00f6renings Ungdomssektion<\/a> p\u00e5 Handelsdagarna f\u00f6r att informera om sektionens verksamhet.<\/span><\/p>\n<p><span class=\"userContent\">Intresset var stort och vi \u00e4r glada \u00f6ver att s\u00e5 m\u00e5nga studenter vid Handelsh\u00f6gskolan i Stockholm \u00e4r intresserade av att engagera sig!<\/span><\/p>\n<p><span class=\"userContent\">\u00c4r du ocks\u00e5 nyfiken p\u00e5 Ungdomssektionens kommande aktiviteter? G\u00e5 in p\u00e5 sektionens Facebook <a href=\"https:\/\/www.facebook.com\/UNAYouthStockholm?fref=ts\">h\u00e4r!<\/a><\/span><\/p>\n","protected":false},"excerpt":{"rendered":"<p>Ungdomssektionen p\u00e5 Handelsdagarna Den 6 februari stod Stockholms FN-f\u00f6renings Ungdomssektion p\u00e5 Handelsdagarna f\u00f6r att informera om sektionens verksamhet. Intresset var&hellip;<\/p>\n","protected":false},"author":17,"featured_media":0,"parent":0,"menu_order":0,"comment_status":"closed","ping_status":"closed","template":"","meta":{"_acf_changed":false,"footnotes":"","_links_to":"","_links_to_target":""},"class_list":["post-178","page","type-page","status-publish","hentry"],"acf":[],"_links":{"self":[{"href":"https:\/\/fn.se\/stockholm\/wp-json\/wp\/v2\/pages\/178","targetHints":{"allow":["GET"]}}],"collection":[{"href":"https:\/\/fn.se\/stockholm\/wp-json\/wp\/v2\/pages"}],"about":[{"href":"https:\/\/fn.se\/stockholm\/wp-json\/wp\/v2\/types\/page"}],"author":[{"embeddable":true,"href":"https:\/\/fn.se\/stockholm\/wp-json\/wp\/v2\/users\/17"}],"replies":[{"embeddable":true,"href":"https:\/\/fn.se\/stockholm\/wp-json\/wp\/v2\/comments?post=178"}],"version-history":[{"count":1,"href":"https:\/\/fn.se\/stockholm\/wp-json\/wp\/v2\/pages\/178\/revisions"}],"predecessor-version":[{"id":180,"href":"https:\/\/fn.se\/stockholm\/wp-json\/wp\/v2\/pages\/178\/revisions\/180"}],"wp:attachment":[{"href":"https:\/\/fn.se\/stockholm\/wp-json\/wp\/v2\/media?parent=178"}],"curies":[{"name":"wp","href":"https:\/\/api.w.org\/{rel}","templated":true}]}}