{"id":174,"date":"2016-10-03T10:43:16","date_gmt":"2016-10-03T10:43:16","guid":{"rendered":"http:\/\/fn.se\/stockholm\/?page_id=174"},"modified":"2018-01-30T10:53:15","modified_gmt":"2018-01-30T10:53:15","slug":"222-debatt-sexkopslagen-i-och-utanfor-sverige","status":"publish","type":"page","link":"https:\/\/fn.se\/stockholm\/222-debatt-sexkopslagen-i-och-utanfor-sverige\/","title":{"rendered":"22\/2 Debatt: Sexk\u00f6pslagen i och utanf\u00f6r Sverige"},"content":{"rendered":"<h1>Sexk\u00f6pslagen i och utanf\u00f6r Sverige<\/h1>\n<p>Stockholms FN-f\u00f6rening har, tillsammans med bl.a. Sveriges Kvinno- och Tjejjourers Riksf\u00f6rbund, skrivit under p\u00e5 en artikel som tar upp fr\u00e5gan om sexk\u00f6pslagen.<\/p>\n<p>Artikeln publicerades 22 februari 2014 i Dagens ETC och finns att l\u00e4sa <a title=\"h\u00e4r.\" href=\"http:\/\/www.etc.se\/debatt\/6-punkter-som-starker-arbetet-mot-sexkop\">h\u00e4r.<\/a><\/p>\n","protected":false},"excerpt":{"rendered":"<p>Sexk\u00f6pslagen i och utanf\u00f6r Sverige Stockholms FN-f\u00f6rening har, tillsammans med bl.a. Sveriges Kvinno- och Tjejjourers Riksf\u00f6rbund, skrivit under p\u00e5 en&hellip;<\/p>\n","protected":false},"author":17,"featured_media":175,"parent":0,"menu_order":0,"comment_status":"closed","ping_status":"closed","template":"","meta":{"_acf_changed":false,"footnotes":"","_links_to":"","_links_to_target":""},"class_list":["post-174","page","type-page","status-publish","has-post-thumbnail","hentry"],"acf":[],"_links":{"self":[{"href":"https:\/\/fn.se\/stockholm\/wp-json\/wp\/v2\/pages\/174","targetHints":{"allow":["GET"]}}],"collection":[{"href":"https:\/\/fn.se\/stockholm\/wp-json\/wp\/v2\/pages"}],"about":[{"href":"https:\/\/fn.se\/stockholm\/wp-json\/wp\/v2\/types\/page"}],"author":[{"embeddable":true,"href":"https:\/\/fn.se\/stockholm\/wp-json\/wp\/v2\/users\/17"}],"replies":[{"embeddable":true,"href":"https:\/\/fn.se\/stockholm\/wp-json\/wp\/v2\/comments?post=174"}],"version-history":[{"count":1,"href":"https:\/\/fn.se\/stockholm\/wp-json\/wp\/v2\/pages\/174\/revisions"}],"predecessor-version":[{"id":176,"href":"https:\/\/fn.se\/stockholm\/wp-json\/wp\/v2\/pages\/174\/revisions\/176"}],"wp:featuredmedia":[{"embeddable":true,"href":"https:\/\/fn.se\/stockholm\/wp-json\/wp\/v2\/media\/175"}],"wp:attachment":[{"href":"https:\/\/fn.se\/stockholm\/wp-json\/wp\/v2\/media?parent=174"}],"curies":[{"name":"wp","href":"https:\/\/api.w.org\/{rel}","templated":true}]}}