{"id":1708,"date":"2019-11-21T08:44:10","date_gmt":"2019-11-21T08:44:10","guid":{"rendered":"https:\/\/fn.se\/stockholm\/?page_id=1708"},"modified":"2021-01-29T15:14:59","modified_gmt":"2021-01-29T15:14:59","slug":"1708-2","status":"publish","type":"page","link":"https:\/\/fn.se\/stockholm\/1708-2\/","title":{"rendered":"Stockholms FN-f\u00f6rening tillsammans med Tensta kvinno- och tjejjour uppm\u00e4rksammar M\u00e4ns V\u00e5ld mot Kvinnor"},"content":{"rendered":"\n<p>Internationella dagen mot <strong>M\u00e4ns V\u00e5ld mot Kvinnor<\/strong> uppm\u00e4rksammar Stockholms FN-f\u00f6rening tillsammans med Tensta kvinno- och tjejjour! <br><br><strong>Datum: <\/strong>25\/11 klockan 12-14 <br><strong>Plats:<\/strong> Varmt v\u00e4lkomna till Caf\u00e9 Bl\u00e5, V\u00e4rsta all\u00e9 7 i Sp\u00e5nga <br><\/p>\n\n\n\n<p><strong>V\u00e5ldet som drabbar kvinnor!<\/strong><\/p>\n\n\n\n<p>\u201d\u00c5r\n2018 d\u00f6dades 22 kvinnor av sin partner, vilket \u00e4r en \u00f6kning (BR\u00c5 2019) och det\n\u00e4r oklart om hedersmord och balkongflickor ing\u00e5r i denna statistik. Antalet\nv\u00e5ldt\u00e4kter \u00f6kade och m\u00f6rkertalen \u00e4r stora f\u00f6r alla slags sexuella \u00f6vergrepp och\ntrakasserier. Det g\u00e4ller s\u00e4kert ocks\u00e5 i h\u00f6g grad hedersf\u00f6rtrycket. <\/p>\n\n\n\n<p>Kostnaderna\nf\u00f6r k\u00f6nsrelaterat v\u00e5ld ber\u00e4knades till n\u00e4ra 40 miljarder kronor 2012 av\nNationellt Centrum f\u00f6r Kvinnofrid (NCK), vilket \u00e4r en chockerande siffra &#8211; d\u00e4r\nhedersf\u00f6rtrycket inte \u00e4r medtaget som en s\u00e4rskild kategori. <\/p>\n\n\n\n<p>Hedersf\u00f6rtrycket\ndrabbar flera hundratusentals barn och ungdomar. I VHEKs senaste kartl\u00e4ggning\n1100 d\u00e4r mer \u00e4n 600 barn och unga mellan \u00e5ldrarna 12\u201318 fr\u00e5n Botkyrka\nmedverkade, anger \u00f6ver 78% av tjejerna att de \u00e4r kontrollerade av sina\nfamiljer. Friheten att sj\u00e4lva f\u00e5 v\u00e4lja sitt eget liv \u00e4r begr\u00e4nsad och\nm\u00f6rkertalen \u00e4r stora.\u201d<\/p>\n\n\n\n<p>Tensta kvinno- och tjejjour bjuder p\u00e5 en l\u00e4ttare vegansk lunch och till samtal om detta samh\u00e4llsproblem. Vi m\u00e5ste stoppa m\u00e4nnens v\u00e5ld och bli medvetna om v\u00e5ra r\u00e4ttigheter.<\/p>\n\n\n\n<p>Medverkar g\u00f6r <strong>Amineh Kakabaveh<\/strong> \u2013 ordf. VHEK och obunden socialist i riksdagen tillsammans med <strong>Gertrud \u00c5str\u00f6m<\/strong> \u2013 hedersdoktor i filosofi och teknologie och dessutom en av Sveriges fr\u00e4mst j\u00e4mst\u00e4lldhetsexperter. <br><\/p>\n\n\n\n<p>OBS! Fri Entr\u00e9. Mejla till <a href=\"mailto:fatisey@hotmail.com\">fatisey@hotmail.com<\/a> f\u00f6r att anm\u00e4la ert intresse!&nbsp;<\/p>\n\n\n\n<p><a href=\"http:\/\/www.spangablaband.nu\">www.spangablaband.nu<\/a>; 08-7958340; 070-7919198; <a href=\"mailto:info@blavagen.nu\">info@blavagen.nu<\/a><br> <br><\/p>\n\n\n\n<p><strong>Arr: Sp\u00e5nga Bl\u00e5band, VHEK,\nKvinnofrig\u00f6relse i f\u00f6rorten, Stockholms FN-f\u00f6rening, Tensta Kvinno- och\ntjejjour och studief\u00f6rbundet NBV<\/strong><\/p>\n\n\n\n<p><strong>Amineh Kakabaveh, ordf\u00f6rande Varken Hora eller Kuvad<\/strong><\/p>\n","protected":false},"excerpt":{"rendered":"<p>Internationella dagen mot M\u00e4ns V\u00e5ld mot Kvinnor uppm\u00e4rksammar Stockholms FN-f\u00f6rening tillsammans med Tensta kvinno- och tjejjour! Datum: 25\/11 klockan 12-14&hellip;<\/p>\n","protected":false},"author":86,"featured_media":0,"parent":0,"menu_order":0,"comment_status":"closed","ping_status":"closed","template":"","meta":{"_acf_changed":false,"footnotes":"","_links_to":"","_links_to_target":""},"class_list":["post-1708","page","type-page","status-publish","hentry"],"acf":[],"_links":{"self":[{"href":"https:\/\/fn.se\/stockholm\/wp-json\/wp\/v2\/pages\/1708","targetHints":{"allow":["GET"]}}],"collection":[{"href":"https:\/\/fn.se\/stockholm\/wp-json\/wp\/v2\/pages"}],"about":[{"href":"https:\/\/fn.se\/stockholm\/wp-json\/wp\/v2\/types\/page"}],"author":[{"embeddable":true,"href":"https:\/\/fn.se\/stockholm\/wp-json\/wp\/v2\/users\/86"}],"replies":[{"embeddable":true,"href":"https:\/\/fn.se\/stockholm\/wp-json\/wp\/v2\/comments?post=1708"}],"version-history":[{"count":2,"href":"https:\/\/fn.se\/stockholm\/wp-json\/wp\/v2\/pages\/1708\/revisions"}],"predecessor-version":[{"id":2139,"href":"https:\/\/fn.se\/stockholm\/wp-json\/wp\/v2\/pages\/1708\/revisions\/2139"}],"wp:attachment":[{"href":"https:\/\/fn.se\/stockholm\/wp-json\/wp\/v2\/media?parent=1708"}],"curies":[{"name":"wp","href":"https:\/\/api.w.org\/{rel}","templated":true}]}}