{"id":1704,"date":"2019-11-21T08:35:59","date_gmt":"2019-11-21T08:35:59","guid":{"rendered":"https:\/\/fn.se\/stockholm\/?page_id=1704"},"modified":"2019-11-21T08:35:59","modified_gmt":"2019-11-21T08:35:59","slug":"en-maltid-for-manskliga-rattigheter","status":"publish","type":"page","link":"https:\/\/fn.se\/stockholm\/en-maltid-for-manskliga-rattigheter\/","title":{"rendered":"En m\u00e5ltid f\u00f6r M\u00e4nskliga R\u00e4ttigheter"},"content":{"rendered":"\n<p><strong>Dag och tid:<\/strong> Tisdagen den 10 december kl. 18.00<br><strong>Plats:<\/strong> Caf\u00e9 T\u00e5rtan, Hornsgatan 32 (Hornsgatspuckeln)<br><strong>Kostnad:<\/strong> 150 kr f\u00f6r en vegetarisk buff\u00e9, m\u00e5ltidsdrycker tillkommer, vin till sj\u00e4lvkostnadspris<\/p>\n\n\n\n<p><strong>Anm\u00e4l <\/strong>er <a href=\"https:\/\/simplesignup.se\/event\/160077\">h\u00e4r<\/a> eller till\u00a0info@fnstockholm.se <strong>senast den 5 december<\/strong><\/p>\n\n\n\n<p>Stockholms FN-f\u00f6rening inbjuder till \u00e5rets \u201dAlternativa Nobelm\u00e5ltid\u201d eller som vi s\u00e4ger en m\u00e5ltid f\u00f6r att uppm\u00e4rksamma m\u00e4nskliga r\u00e4ttigheter.<\/p>\n\n\n\n<p>Som traditionen delar Stockholms FN-f\u00f6rening under denna MR-kv\u00e4ll ut priser till en person och en f\u00f6rening som p\u00e5 ett f\u00f6rtj\u00e4nstfullt vis har fr\u00e4mjat och skyddat m\u00e4nskliga r\u00e4ttigheter och forts\u00e4tter att g\u00f6ra det.<\/p>\n\n\n\n<p>Du \u00e4r varmt v\u00e4lkommen till FN-f\u00f6reningens m\u00e5ltid f\u00f6r m\u00e4nskliga r\u00e4ttigheter. F\u00f6rutom en god buff\u00e9 tr\u00e4ffar du andra MR-v\u00e4nner som liksom du delar FN-r\u00f6relsens vision om en b\u00e4ttre och mer j\u00e4mlik v\u00e4rld!<\/p>\n\n\n\n<p>Vi ses p\u00e5 MR-dagen den 10 december!<\/p>\n\n\n\n<figure class=\"wp-block-image size-large\"><img loading=\"lazy\" decoding=\"async\" width=\"724\" height=\"1024\" src=\"https:\/\/fn.se\/stockholm\/wp-content\/uploads\/sites\/32\/2019\/11\/Anm\u00e4lan-till-MR-dagen-1-724x1024.jpg\" alt=\"\" class=\"wp-image-1705\" srcset=\"https:\/\/fn.se\/stockholm\/wp-content\/uploads\/sites\/32\/2019\/11\/Anm\u00e4lan-till-MR-dagen-1-724x1024.jpg 724w, https:\/\/fn.se\/stockholm\/wp-content\/uploads\/sites\/32\/2019\/11\/Anm\u00e4lan-till-MR-dagen-1-212x300.jpg 212w, https:\/\/fn.se\/stockholm\/wp-content\/uploads\/sites\/32\/2019\/11\/Anm\u00e4lan-till-MR-dagen-1-768x1086.jpg 768w, https:\/\/fn.se\/stockholm\/wp-content\/uploads\/sites\/32\/2019\/11\/Anm\u00e4lan-till-MR-dagen-1-1086x1536.jpg 1086w, https:\/\/fn.se\/stockholm\/wp-content\/uploads\/sites\/32\/2019\/11\/Anm\u00e4lan-till-MR-dagen-1-650x919.jpg 650w, https:\/\/fn.se\/stockholm\/wp-content\/uploads\/sites\/32\/2019\/11\/Anm\u00e4lan-till-MR-dagen-1-1024x1448.jpg 1024w, https:\/\/fn.se\/stockholm\/wp-content\/uploads\/sites\/32\/2019\/11\/Anm\u00e4lan-till-MR-dagen-1.jpg 1414w\" sizes=\"auto, (max-width: 724px) 100vw, 724px\" \/><\/figure>\n","protected":false},"excerpt":{"rendered":"<p>Dag och tid: Tisdagen den 10 december kl. 18.00Plats: Caf\u00e9 T\u00e5rtan, Hornsgatan 32 (Hornsgatspuckeln)Kostnad: 150 kr f\u00f6r en vegetarisk buff\u00e9,&hellip;<\/p>\n","protected":false},"author":86,"featured_media":0,"parent":0,"menu_order":0,"comment_status":"closed","ping_status":"closed","template":"","meta":{"_acf_changed":false,"footnotes":"","_links_to":"","_links_to_target":""},"class_list":["post-1704","page","type-page","status-publish","hentry"],"acf":[],"_links":{"self":[{"href":"https:\/\/fn.se\/stockholm\/wp-json\/wp\/v2\/pages\/1704","targetHints":{"allow":["GET"]}}],"collection":[{"href":"https:\/\/fn.se\/stockholm\/wp-json\/wp\/v2\/pages"}],"about":[{"href":"https:\/\/fn.se\/stockholm\/wp-json\/wp\/v2\/types\/page"}],"author":[{"embeddable":true,"href":"https:\/\/fn.se\/stockholm\/wp-json\/wp\/v2\/users\/86"}],"replies":[{"embeddable":true,"href":"https:\/\/fn.se\/stockholm\/wp-json\/wp\/v2\/comments?post=1704"}],"version-history":[{"count":1,"href":"https:\/\/fn.se\/stockholm\/wp-json\/wp\/v2\/pages\/1704\/revisions"}],"predecessor-version":[{"id":1706,"href":"https:\/\/fn.se\/stockholm\/wp-json\/wp\/v2\/pages\/1704\/revisions\/1706"}],"wp:attachment":[{"href":"https:\/\/fn.se\/stockholm\/wp-json\/wp\/v2\/media?parent=1704"}],"curies":[{"name":"wp","href":"https:\/\/api.w.org\/{rel}","templated":true}]}}