{"id":1652,"date":"2019-10-03T10:43:29","date_gmt":"2019-10-03T10:43:29","guid":{"rendered":"https:\/\/fn.se\/stockholm\/?page_id=1652"},"modified":"2021-01-29T15:06:01","modified_gmt":"2021-01-29T15:06:01","slug":"1652-2","status":"publish","type":"page","link":"https:\/\/fn.se\/stockholm\/1652-2\/","title":{"rendered":"FN-dagen"},"content":{"rendered":"<p><strong>Datum:\u00a0<\/strong><span style=\"float: none;background-color: #ffffff;color: #333333;cursor: text;font-family: Georgia,'Times New Roman','Bitstream Charter',Times,serif;font-size: 16px;font-style: normal;font-variant: normal;font-weight: 400;letter-spacing: normal;text-align: left;text-decoration: none;text-indent: 0px\">24\u00a0oktober\u00a02019<br \/>\n<\/span><strong>Tid:<\/strong> kl\u00a018.00-19.45<br \/>\n<strong>Plats:<\/strong> ABF-huset,\u00a0Sveav\u00e4gen\u00a041\u00a0i\u00a0Stockholm<br \/>\n<strong>Entr\u00e9avgift:<\/strong> Stockholms FN-f\u00f6rening st\u00e5r f\u00f6re entr\u00e9avgiften p\u00e5 60\/90 kr f\u00f6r medlemmar som anm\u00e4ler sig. Anm\u00e4lningslista \u00f6ver medlemmar i Stockholms FN-f\u00f6rening beh\u00f6vs f\u00f6r v\u00e5r redovisning. Ange om du kommer fr\u00e5n en annan FN-f\u00f6rening i Stockholms FN-distrikt d\u00e5 detta event \u00e4r ett samarbete mellan oss.<\/p>\n<p>FN-dagen\u00a0har\u00a0firats\u00a0sedan\u00a01948.\u00a0D\u00e5\u00a0h\u00f6gtidligh\u00e5lls\u00a0att\u00a0FN stadgan\u00a0 tr\u00e4dde\u00a0 i\u00a0 kraft\u00a0 den\u00a0 24\u00a0 oktober\u00a0 1945\u00a0 sedan\u00a0 de\u00a0 fem\u00a0 permanenta\u00a0 medlemmarna\u00a0 i\u00a0 FN:s\u00a0 s\u00e4kerhetsr\u00e5d\u00a0 och\u00a0 en\u00a0 majoritet\u00a0 av\u00a0 medlemsstaterna hade ratificerat\u00a0FN-stadgan.\u00a0Syftet\u00a0med\u00a0FN-dagen\u00a0\u00e4r\u00a0att\u00a0fr\u00e4mja\u00a0FN:s\u00a0syften,\u00a0m\u00e5ls\u00e4ttningar\u00a0och\u00a0resultat.\u00a0Temat\u00a0i\u00a0\u00e5r\u00a0\u00e4r\u00a0Agenda\u00a02030 &#8211; global\u00a0 och\u00a0 lokal\u00a0 utveckling.\u00a0 F\u00f6rdjupning\u00a0 g\u00f6rs utifr\u00e5n\u00a0IPBES\u00a0rapport\u00a02019\u00a0 om\u00a0 biologisk\u00a0m\u00e5ngfald\u00a0och\u00a0ekosystemtj\u00e4nster\u00a0och\u00a0den\u00a0lokala\u00a0utvecklingen\u00a0i\u00a0Stockholm.<\/p>\n<p><strong>Dagens program: <\/strong><\/p>\n<p>Berith\u00a0Granath,\u00a0ordf\u00f6rande\u00a0i\u00a0Stockholms\u00a0FN-f\u00f6rening<br \/>\nJenny\u00a0Ohlsson,\u00a0Ambassad\u00f6r\u00a0f\u00f6r\u00a0Agenda\u00a02030,\u00a0UD<br \/>\nTorbj\u00f6rn\u00a0Ebenhard,\u00a0zooekolog\u00a0och\u00a0forskningsledare\u00a0vid\u00a0Centrum\u00a0f\u00f6r\u00a0biologisk\u00a0m\u00e5ngfald,\u00a0SLU<br \/>\nKatarina\u00a0Luhr,\u00a0milj\u00f6-\u00a0och\u00a0klimatborgarr\u00e5d\u00a0och\u00a0ansvarig\u00a0f\u00f6r\u00a0Stockholms\u00a0stads\u00a0arbete\u00a0med\u00a0Agenda\u00a02030\u00a0i\u00a0Stockholms\u00a0stad.<br \/>\nSamtalsledare:\u00a0Gertrud\u00a0\u00c5str\u00f6m,\u00a0styrelseledamot\u00a0i\u00a0Stockholms\u00a0FN-f\u00f6rening<\/p>\n<p>Seminariet\u00a0\u00e4r\u00a0ett\u00a0samarbete\u00a0mellan\u00a0ABF Stockholm,\u00a0Olof\u00a0Palme\u00a0Internationella\u00a0Center\u00a0och\u00a0Stockholms\u00a0FN-f\u00f6rening\u00a0i\u00a0samverkan\u00a0med\u00a0FN-f\u00f6reningen\u00a0i\u00a0Nacka\/V\u00e4rmd\u00f6\u00a0och\u00a0Stockholms\u00a0FN-distrikt.<\/p>\n<p>Anm\u00e4lan sker via<a href=\"https:\/\/simplesignup.se\/event\/157432\"> Simple signup<\/a> eller via mail: info@fnstockholm.se<\/p>\n<p><img loading=\"lazy\" decoding=\"async\" class=\"alignnone size-large wp-image-1682\" src=\"https:\/\/fn.se\/stockholm\/wp-content\/uploads\/sites\/32\/2019\/10\/FN-dagen-24-okt-1-1-724x1024.jpg\" alt=\"\" width=\"724\" height=\"1024\" srcset=\"https:\/\/fn.se\/stockholm\/wp-content\/uploads\/sites\/32\/2019\/10\/FN-dagen-24-okt-1-1-724x1024.jpg 724w, https:\/\/fn.se\/stockholm\/wp-content\/uploads\/sites\/32\/2019\/10\/FN-dagen-24-okt-1-1-212x300.jpg 212w, https:\/\/fn.se\/stockholm\/wp-content\/uploads\/sites\/32\/2019\/10\/FN-dagen-24-okt-1-1-768x1086.jpg 768w, https:\/\/fn.se\/stockholm\/wp-content\/uploads\/sites\/32\/2019\/10\/FN-dagen-24-okt-1-1-650x919.jpg 650w, https:\/\/fn.se\/stockholm\/wp-content\/uploads\/sites\/32\/2019\/10\/FN-dagen-24-okt-1-1.jpg 794w\" sizes=\"auto, (max-width: 724px) 100vw, 724px\" \/><\/p>\n","protected":false},"excerpt":{"rendered":"<p>Datum:\u00a024\u00a0oktober\u00a02019 Tid: kl\u00a018.00-19.45 Plats: ABF-huset,\u00a0Sveav\u00e4gen\u00a041\u00a0i\u00a0Stockholm Entr\u00e9avgift: Stockholms FN-f\u00f6rening st\u00e5r f\u00f6re entr\u00e9avgiften p\u00e5 60\/90 kr f\u00f6r medlemmar som anm\u00e4ler sig. Anm\u00e4lningslista&hellip;<\/p>\n","protected":false},"author":86,"featured_media":0,"parent":0,"menu_order":0,"comment_status":"closed","ping_status":"closed","template":"","meta":{"_acf_changed":false,"footnotes":"","_links_to":"","_links_to_target":""},"class_list":["post-1652","page","type-page","status-publish","hentry"],"acf":[],"_links":{"self":[{"href":"https:\/\/fn.se\/stockholm\/wp-json\/wp\/v2\/pages\/1652","targetHints":{"allow":["GET"]}}],"collection":[{"href":"https:\/\/fn.se\/stockholm\/wp-json\/wp\/v2\/pages"}],"about":[{"href":"https:\/\/fn.se\/stockholm\/wp-json\/wp\/v2\/types\/page"}],"author":[{"embeddable":true,"href":"https:\/\/fn.se\/stockholm\/wp-json\/wp\/v2\/users\/86"}],"replies":[{"embeddable":true,"href":"https:\/\/fn.se\/stockholm\/wp-json\/wp\/v2\/comments?post=1652"}],"version-history":[{"count":7,"href":"https:\/\/fn.se\/stockholm\/wp-json\/wp\/v2\/pages\/1652\/revisions"}],"predecessor-version":[{"id":2135,"href":"https:\/\/fn.se\/stockholm\/wp-json\/wp\/v2\/pages\/1652\/revisions\/2135"}],"wp:attachment":[{"href":"https:\/\/fn.se\/stockholm\/wp-json\/wp\/v2\/media?parent=1652"}],"curies":[{"name":"wp","href":"https:\/\/api.w.org\/{rel}","templated":true}]}}