{"id":1642,"date":"2019-09-23T14:26:38","date_gmt":"2019-09-23T14:26:38","guid":{"rendered":"https:\/\/fn.se\/stockholm\/?page_id=1642"},"modified":"2021-01-27T18:01:06","modified_gmt":"2021-01-27T18:01:06","slug":"1642-2","status":"publish","type":"page","link":"https:\/\/fn.se\/stockholm\/1642-2\/","title":{"rendered":"Internationella flickdagen"},"content":{"rendered":"<h2><strong>V\u00e4lkommen till f\u00f6rel\u00e4sningsf\u00f6rest\u00e4llning i samverkan med internationella flickadagen<\/strong><\/h2>\n<p><strong>N\u00e4r<\/strong>: Torsdag 10\/10<\/p>\n<p><strong>Tid:<\/strong> kl. 18.30.<\/p>\n<p><strong>Plats<\/strong>: Klara S\u00f6dra Kyrkogata 20<\/p>\n<p>P\u00e5 h\u00f6sten 2017 briserade Me Too. Tusentals kvinnor och flickor fr\u00e5n alla sektorer i samh\u00e4llet ber\u00e4ttade om sexuella \u00f6vergrepp och ofredanden. 167 \u00e5r f\u00f6re Me Too m\u00f6ter Sofie Sager, den f\u00f6rsta svenska kvinnan att f\u00e5 en man f\u00e4lld f\u00f6r misshandel och sexuellt v\u00e5ld, sin f\u00f6r\u00f6vare i r\u00e4tteg\u00e5ng. P\u00e5 1850-talet var kvinnor i Sverige omyndiga. En offentlig kvinna var liktydigt med en prostituerad. Livet d\u00e5 var v\u00e4ldigt annorlunda mot hur livet \u00e4r nu. Men \u00e4nd\u00e5, p\u00e5 m\u00e5nga s\u00e4tt, alltf\u00f6r likt. Trots detta skriver Sofie Sager f\u00f6rordet till sin r\u00e4tteg\u00e5ng och vinner \u2013 i den m\u00e5n en s\u00e5n historia kan vinnas. Ber\u00e4ttelsen om denna modiga kvinna \u00e4r v\u00e4rd att h\u00f6ras och en f\u00f6rebild att lyfta fram.<\/p>\n<p>Den 10\/10 bjuder vi in till f\u00f6rel\u00e4sningsf\u00f6rest\u00e4llning, d\u00e4r Eva Kartus gestaltar Sofie Sager tillsammans med Susanna Arbinge som producent. Vi bjuder in till teaterfika och diskussion.<\/p>\n<p>Anm\u00e4lan sker till info@fnstockholm.se<\/p>\n<p>Varmt v\u00e4lkommen!<\/p>\n<p><img loading=\"lazy\" decoding=\"async\" class=\"alignnone size-full wp-image-1650\" src=\"https:\/\/fn.se\/stockholm\/wp-content\/uploads\/sites\/32\/2019\/10\/Inbjudan-flickadagen-nr-2.jpg\" alt=\"\" width=\"800\" height=\"800\" srcset=\"https:\/\/fn.se\/stockholm\/wp-content\/uploads\/sites\/32\/2019\/10\/Inbjudan-flickadagen-nr-2.jpg 800w, https:\/\/fn.se\/stockholm\/wp-content\/uploads\/sites\/32\/2019\/10\/Inbjudan-flickadagen-nr-2-150x150.jpg 150w, https:\/\/fn.se\/stockholm\/wp-content\/uploads\/sites\/32\/2019\/10\/Inbjudan-flickadagen-nr-2-300x300.jpg 300w, https:\/\/fn.se\/stockholm\/wp-content\/uploads\/sites\/32\/2019\/10\/Inbjudan-flickadagen-nr-2-768x768.jpg 768w, https:\/\/fn.se\/stockholm\/wp-content\/uploads\/sites\/32\/2019\/10\/Inbjudan-flickadagen-nr-2-650x650.jpg 650w\" sizes=\"auto, (max-width: 800px) 100vw, 800px\" \/><\/p>\n","protected":false},"excerpt":{"rendered":"<p>V\u00e4lkommen till f\u00f6rel\u00e4sningsf\u00f6rest\u00e4llning i samverkan med internationella flickadagen N\u00e4r: Torsdag 10\/10 Tid: kl. 18.30. Plats: Klara S\u00f6dra Kyrkogata 20 P\u00e5&hellip;<\/p>\n","protected":false},"author":86,"featured_media":0,"parent":0,"menu_order":0,"comment_status":"closed","ping_status":"closed","template":"","meta":{"_acf_changed":false,"footnotes":"","_links_to":"","_links_to_target":""},"class_list":["post-1642","page","type-page","status-publish","hentry"],"acf":[],"_links":{"self":[{"href":"https:\/\/fn.se\/stockholm\/wp-json\/wp\/v2\/pages\/1642","targetHints":{"allow":["GET"]}}],"collection":[{"href":"https:\/\/fn.se\/stockholm\/wp-json\/wp\/v2\/pages"}],"about":[{"href":"https:\/\/fn.se\/stockholm\/wp-json\/wp\/v2\/types\/page"}],"author":[{"embeddable":true,"href":"https:\/\/fn.se\/stockholm\/wp-json\/wp\/v2\/users\/86"}],"replies":[{"embeddable":true,"href":"https:\/\/fn.se\/stockholm\/wp-json\/wp\/v2\/comments?post=1642"}],"version-history":[{"count":4,"href":"https:\/\/fn.se\/stockholm\/wp-json\/wp\/v2\/pages\/1642\/revisions"}],"predecessor-version":[{"id":2053,"href":"https:\/\/fn.se\/stockholm\/wp-json\/wp\/v2\/pages\/1642\/revisions\/2053"}],"wp:attachment":[{"href":"https:\/\/fn.se\/stockholm\/wp-json\/wp\/v2\/media?parent=1642"}],"curies":[{"name":"wp","href":"https:\/\/api.w.org\/{rel}","templated":true}]}}