{"id":162,"date":"2016-10-03T10:29:35","date_gmt":"2016-10-03T10:29:35","guid":{"rendered":"http:\/\/fn.se\/stockholm\/?page_id=162"},"modified":"2018-01-30T10:53:25","modified_gmt":"2018-01-30T10:53:25","slug":"73-jamstalldhetens-utmaningar-2014","status":"publish","type":"page","link":"https:\/\/fn.se\/stockholm\/73-jamstalldhetens-utmaningar-2014\/","title":{"rendered":"7\/3 J\u00e4mst\u00e4lldhetens utmaningar 2014"},"content":{"rendered":"<h1>J\u00e4mst\u00e4lldhetens utmaningar 2014<\/h1>\n<p>I samband med internationella kvinnodagen 8 mars, har Stockholms FN-f\u00f6rening tillsammans med bl.a. UN Women Nationell Kommitt\u00e9 Sverige, skrivit under p\u00e5 en i SVT debatt publicerad artikel som tar upp j\u00e4mst\u00e4lldhetsarbetet f\u00f6r 2014 och vilka krav som m\u00e5ste st\u00e4llas p\u00e5 Sverige och FN.<\/p>\n<p>Nu \u00e4r det DAGS F\u00d6R kvinnor och flickors m\u00e4nskliga r\u00e4ttigheter!<\/p>\n<p>&nbsp;<\/p>\n","protected":false},"excerpt":{"rendered":"<p>J\u00e4mst\u00e4lldhetens utmaningar 2014 I samband med internationella kvinnodagen 8 mars, har Stockholms FN-f\u00f6rening tillsammans med bl.a. UN Women Nationell Kommitt\u00e9&hellip;<\/p>\n","protected":false},"author":17,"featured_media":0,"parent":0,"menu_order":0,"comment_status":"closed","ping_status":"closed","template":"","meta":{"_acf_changed":false,"footnotes":"","_links_to":"","_links_to_target":""},"class_list":["post-162","page","type-page","status-publish","hentry"],"acf":[],"_links":{"self":[{"href":"https:\/\/fn.se\/stockholm\/wp-json\/wp\/v2\/pages\/162","targetHints":{"allow":["GET"]}}],"collection":[{"href":"https:\/\/fn.se\/stockholm\/wp-json\/wp\/v2\/pages"}],"about":[{"href":"https:\/\/fn.se\/stockholm\/wp-json\/wp\/v2\/types\/page"}],"author":[{"embeddable":true,"href":"https:\/\/fn.se\/stockholm\/wp-json\/wp\/v2\/users\/17"}],"replies":[{"embeddable":true,"href":"https:\/\/fn.se\/stockholm\/wp-json\/wp\/v2\/comments?post=162"}],"version-history":[{"count":1,"href":"https:\/\/fn.se\/stockholm\/wp-json\/wp\/v2\/pages\/162\/revisions"}],"predecessor-version":[{"id":164,"href":"https:\/\/fn.se\/stockholm\/wp-json\/wp\/v2\/pages\/162\/revisions\/164"}],"wp:attachment":[{"href":"https:\/\/fn.se\/stockholm\/wp-json\/wp\/v2\/media?parent=162"}],"curies":[{"name":"wp","href":"https:\/\/api.w.org\/{rel}","templated":true}]}}