{"id":16,"date":"2016-09-30T14:13:42","date_gmt":"2016-09-30T14:13:42","guid":{"rendered":"http:\/\/fn.se\/stockholm\/?page_id=16"},"modified":"2026-03-13T10:34:08","modified_gmt":"2026-03-13T10:34:08","slug":"ungdomssektionen","status":"publish","type":"page","link":"https:\/\/fn.se\/stockholm\/ungdomssektionen\/","title":{"rendered":"Ungdomssektionen"},"content":{"rendered":"\n<figure class=\"wp-block-image size-large\"><img loading=\"lazy\" decoding=\"async\" width=\"1024\" height=\"576\" src=\"https:\/\/fn.se\/stockholm\/wp-content\/uploads\/sites\/32\/2026\/03\/Ungdomssektionen-Hemsida-1024x576.png\" alt=\"\" class=\"wp-image-4205\" srcset=\"https:\/\/fn.se\/stockholm\/wp-content\/uploads\/sites\/32\/2026\/03\/Ungdomssektionen-Hemsida-1024x576.png 1024w, https:\/\/fn.se\/stockholm\/wp-content\/uploads\/sites\/32\/2026\/03\/Ungdomssektionen-Hemsida-300x169.png 300w, https:\/\/fn.se\/stockholm\/wp-content\/uploads\/sites\/32\/2026\/03\/Ungdomssektionen-Hemsida-768x432.png 768w, https:\/\/fn.se\/stockholm\/wp-content\/uploads\/sites\/32\/2026\/03\/Ungdomssektionen-Hemsida-650x365.png 650w, https:\/\/fn.se\/stockholm\/wp-content\/uploads\/sites\/32\/2026\/03\/Ungdomssektionen-Hemsida.png 1366w\" sizes=\"auto, (max-width: 1024px) 100vw, 1024px\" \/><\/figure>\n\n\n<h1><strong>UNGDOMSSEKTIONEN<\/strong><\/h1>\n<p>\u00c4r du under 26 \u00e5r och engagerad i fr\u00e5gor om fred, utveckling och m\u00e4nskliga r\u00e4ttigheter? D\u00e5<br \/>kan Stockholms FN-f\u00f6renings ungdomssektion vara n\u00e5got f\u00f6r dig!<\/p>\n<p>Ungdomssektionen \u00e4r en m\u00f6tesplats f\u00f6r unga som vill engagera sig i globala fr\u00e5gor och<br \/>tillsammans arbeta f\u00f6r en mer r\u00e4ttvis och h\u00e5llbar v\u00e4rld, i linje med v\u00e4rderingarna inom<br \/>F\u00f6renta nationerna. Genom v\u00e5ra aktiviteter vill vi skapa m\u00f6jligheter f\u00f6r l\u00e4rande, diskussion<br \/>och gemenskap kring aktuella internationella fr\u00e5gor.<\/p>\n<p>Varje \u00e5r arrangerar vi 4\u20136 st\u00f6rre evenemang med inspirerande panelister och f\u00f6rel\u00e4sare som<br \/>diskuterar teman som fred och s\u00e4kerhet, h\u00e5llbar utveckling och m\u00e4nskliga r\u00e4ttigheter. Ut\u00f6ver<br \/>detta anordnar vi \u00e4ven 7\u201310 medlemsaktiviteter, till exempel studiebes\u00f6k, ambassadbes\u00f6k och<br \/>mindre workshops d\u00e4r du f\u00e5r chansen att f\u00f6rdjupa dina kunskaper och tr\u00e4ffa andra engagerade<br \/>unga.<\/p>\n<p>\u00c4r du nyfiken p\u00e5 v\u00e5rt arbete och vill vara med och engagera dig? H\u00f6r g\u00e4rna av dig till oss via<br \/>v\u00e5ra kanaler:<\/p>\n<p><a href=\"https:\/\/www.facebook.com\/UNAYouthStockholm\">Facebook<\/a><\/p>\n<p><a href=\"https:\/\/www.instagram.com\/unayouthsthlm\/\">Instagram<\/a><\/p>\n<p><a href=\"https:\/\/www.linkedin.com\/company\/united-nations-youth-association-stockholm\/\">Linkedin<\/a><\/p>\n<p>Email: youth@unastockholm.se\u00a0<\/p>\n<h2><strong>V\u00e5rens aktiviteter, 2026<\/strong><\/h2>\n<p><strong>2 mars<\/strong>: Studiebes\u00f6k p\u00e5 Svenska Afghanistankommitt\u00e9n. Under bes\u00f6ket m\u00f6ter vi experter som ber\u00e4ttar om den aktuella situationen i Afghanistan och hur en NGO arbetar i praktiken.<\/p>\n<p><strong>25 mars<\/strong>: Panelsamtal om kvinnor p\u00e5 arbetsmarknaden. Vi samlar fyra experter fr\u00e5n FN-systemet, akademin, arbetsmarknadsekonomi och m\u00e4nniskor\u00e4ttsarbete f\u00f6r att diskutera kvinnors m\u00f6jligheter och utmaningar p\u00e5 arbetsmarknaden.<\/p>\n<p><strong>18 april<\/strong>: Kl\u00e4dbytardag i samarbete med \u00d6stermalms bibliotek och Naturskyddsf\u00f6reningen. F\u00f6rutom sj\u00e4lva kl\u00e4dbytet erbjuds \u00e4ven ett panelsamtal med fokus p\u00e5 h\u00e5llbarhet samt en kreativ workshop.<\/p>\n<p><strong>20 maj<\/strong>: Studiebes\u00f6k p\u00e5 Utrikespolitiska institutet. Detta \u00e4r ett tillf\u00e4lle att st\u00e4lla fr\u00e5gor, utbyta perspektiv och f\u00e5 en inblick i institutets arbete med forskning och analys inom utrikes- och s\u00e4kerhetspolitik.<\/p>\n<p>F\u00f6r mer information om tid och datum, s\u00e5 h\u00e4nvisar vi till ungdomssektionens sociala kanaler!<\/p>\n\n\n<h2 class=\"wp-block-heading\"><strong>Styrelsen 2026<\/strong><\/h2>\n\n\n\n<figure class=\"wp-block-gallery has-nested-images columns-default is-cropped wp-block-gallery-1 is-layout-flex wp-block-gallery-is-layout-flex\">\n<figure class=\"wp-block-image size-large is-style-default\"><img loading=\"lazy\" decoding=\"async\" width=\"1024\" height=\"1024\" data-id=\"4188\" src=\"https:\/\/fn.se\/stockholm\/wp-content\/uploads\/sites\/32\/2026\/03\/Styrelsen-2026-Linkedin-1024x1024.png\" alt=\"\" class=\"wp-image-4188\" srcset=\"https:\/\/fn.se\/stockholm\/wp-content\/uploads\/sites\/32\/2026\/03\/Styrelsen-2026-Linkedin-1024x1024.png 1024w, https:\/\/fn.se\/stockholm\/wp-content\/uploads\/sites\/32\/2026\/03\/Styrelsen-2026-Linkedin-300x300.png 300w, https:\/\/fn.se\/stockholm\/wp-content\/uploads\/sites\/32\/2026\/03\/Styrelsen-2026-Linkedin-150x150.png 150w, https:\/\/fn.se\/stockholm\/wp-content\/uploads\/sites\/32\/2026\/03\/Styrelsen-2026-Linkedin-768x768.png 768w, https:\/\/fn.se\/stockholm\/wp-content\/uploads\/sites\/32\/2026\/03\/Styrelsen-2026-Linkedin-650x650.png 650w, https:\/\/fn.se\/stockholm\/wp-content\/uploads\/sites\/32\/2026\/03\/Styrelsen-2026-Linkedin.png 1200w\" sizes=\"auto, (max-width: 1024px) 100vw, 1024px\" \/><\/figure>\n\n\n\n<figure class=\"wp-block-image size-large\"><img loading=\"lazy\" decoding=\"async\" width=\"1024\" height=\"1024\" data-id=\"4189\" src=\"https:\/\/fn.se\/stockholm\/wp-content\/uploads\/sites\/32\/2026\/03\/Styrelsen-2026-Linkedin-1-1024x1024.png\" alt=\"\" class=\"wp-image-4189\" srcset=\"https:\/\/fn.se\/stockholm\/wp-content\/uploads\/sites\/32\/2026\/03\/Styrelsen-2026-Linkedin-1-1024x1024.png 1024w, https:\/\/fn.se\/stockholm\/wp-content\/uploads\/sites\/32\/2026\/03\/Styrelsen-2026-Linkedin-1-300x300.png 300w, https:\/\/fn.se\/stockholm\/wp-content\/uploads\/sites\/32\/2026\/03\/Styrelsen-2026-Linkedin-1-150x150.png 150w, https:\/\/fn.se\/stockholm\/wp-content\/uploads\/sites\/32\/2026\/03\/Styrelsen-2026-Linkedin-1-768x768.png 768w, https:\/\/fn.se\/stockholm\/wp-content\/uploads\/sites\/32\/2026\/03\/Styrelsen-2026-Linkedin-1-650x650.png 650w, https:\/\/fn.se\/stockholm\/wp-content\/uploads\/sites\/32\/2026\/03\/Styrelsen-2026-Linkedin-1.png 1200w\" sizes=\"auto, (max-width: 1024px) 100vw, 1024px\" \/><\/figure>\n<\/figure>\n\n\n\n<figure class=\"wp-block-gallery has-nested-images columns-default is-cropped wp-block-gallery-2 is-layout-flex wp-block-gallery-is-layout-flex\">\n<figure class=\"wp-block-image size-large\"><img loading=\"lazy\" decoding=\"async\" width=\"1024\" height=\"1024\" data-id=\"4190\" src=\"https:\/\/fn.se\/stockholm\/wp-content\/uploads\/sites\/32\/2026\/03\/Styrelsen-2026-Linkedin-2-1024x1024.png\" alt=\"\" class=\"wp-image-4190\" srcset=\"https:\/\/fn.se\/stockholm\/wp-content\/uploads\/sites\/32\/2026\/03\/Styrelsen-2026-Linkedin-2-1024x1024.png 1024w, https:\/\/fn.se\/stockholm\/wp-content\/uploads\/sites\/32\/2026\/03\/Styrelsen-2026-Linkedin-2-300x300.png 300w, https:\/\/fn.se\/stockholm\/wp-content\/uploads\/sites\/32\/2026\/03\/Styrelsen-2026-Linkedin-2-150x150.png 150w, https:\/\/fn.se\/stockholm\/wp-content\/uploads\/sites\/32\/2026\/03\/Styrelsen-2026-Linkedin-2-768x768.png 768w, https:\/\/fn.se\/stockholm\/wp-content\/uploads\/sites\/32\/2026\/03\/Styrelsen-2026-Linkedin-2-650x650.png 650w, https:\/\/fn.se\/stockholm\/wp-content\/uploads\/sites\/32\/2026\/03\/Styrelsen-2026-Linkedin-2.png 1200w\" sizes=\"auto, (max-width: 1024px) 100vw, 1024px\" \/><\/figure>\n\n\n\n<figure class=\"wp-block-image size-large\"><img loading=\"lazy\" decoding=\"async\" width=\"1024\" height=\"1024\" data-id=\"4191\" src=\"https:\/\/fn.se\/stockholm\/wp-content\/uploads\/sites\/32\/2026\/03\/Styrelsen-2026-Linkedin-3-1024x1024.png\" alt=\"\" class=\"wp-image-4191\" srcset=\"https:\/\/fn.se\/stockholm\/wp-content\/uploads\/sites\/32\/2026\/03\/Styrelsen-2026-Linkedin-3-1024x1024.png 1024w, https:\/\/fn.se\/stockholm\/wp-content\/uploads\/sites\/32\/2026\/03\/Styrelsen-2026-Linkedin-3-300x300.png 300w, https:\/\/fn.se\/stockholm\/wp-content\/uploads\/sites\/32\/2026\/03\/Styrelsen-2026-Linkedin-3-150x150.png 150w, https:\/\/fn.se\/stockholm\/wp-content\/uploads\/sites\/32\/2026\/03\/Styrelsen-2026-Linkedin-3-768x768.png 768w, https:\/\/fn.se\/stockholm\/wp-content\/uploads\/sites\/32\/2026\/03\/Styrelsen-2026-Linkedin-3-650x650.png 650w, https:\/\/fn.se\/stockholm\/wp-content\/uploads\/sites\/32\/2026\/03\/Styrelsen-2026-Linkedin-3.png 1200w\" sizes=\"auto, (max-width: 1024px) 100vw, 1024px\" \/><\/figure>\n<\/figure>\n\n\n\n<figure class=\"wp-block-gallery has-nested-images columns-default is-cropped wp-block-gallery-3 is-layout-flex wp-block-gallery-is-layout-flex\">\n<figure class=\"wp-block-image size-large\"><img loading=\"lazy\" decoding=\"async\" width=\"1024\" height=\"1024\" data-id=\"4192\" src=\"https:\/\/fn.se\/stockholm\/wp-content\/uploads\/sites\/32\/2026\/03\/Styrelsen-2026-Linkedin-4-1024x1024.png\" alt=\"\" class=\"wp-image-4192\" srcset=\"https:\/\/fn.se\/stockholm\/wp-content\/uploads\/sites\/32\/2026\/03\/Styrelsen-2026-Linkedin-4-1024x1024.png 1024w, https:\/\/fn.se\/stockholm\/wp-content\/uploads\/sites\/32\/2026\/03\/Styrelsen-2026-Linkedin-4-300x300.png 300w, https:\/\/fn.se\/stockholm\/wp-content\/uploads\/sites\/32\/2026\/03\/Styrelsen-2026-Linkedin-4-150x150.png 150w, https:\/\/fn.se\/stockholm\/wp-content\/uploads\/sites\/32\/2026\/03\/Styrelsen-2026-Linkedin-4-768x768.png 768w, https:\/\/fn.se\/stockholm\/wp-content\/uploads\/sites\/32\/2026\/03\/Styrelsen-2026-Linkedin-4-650x650.png 650w, https:\/\/fn.se\/stockholm\/wp-content\/uploads\/sites\/32\/2026\/03\/Styrelsen-2026-Linkedin-4.png 1200w\" sizes=\"auto, (max-width: 1024px) 100vw, 1024px\" \/><\/figure>\n\n\n\n<figure class=\"wp-block-image size-large\"><img loading=\"lazy\" decoding=\"async\" width=\"1024\" height=\"1024\" data-id=\"4202\" src=\"https:\/\/fn.se\/stockholm\/wp-content\/uploads\/sites\/32\/2026\/03\/Styrelsen-2026-Linkedin-5-1024x1024.png\" alt=\"\" class=\"wp-image-4202\" srcset=\"https:\/\/fn.se\/stockholm\/wp-content\/uploads\/sites\/32\/2026\/03\/Styrelsen-2026-Linkedin-5-1024x1024.png 1024w, https:\/\/fn.se\/stockholm\/wp-content\/uploads\/sites\/32\/2026\/03\/Styrelsen-2026-Linkedin-5-300x300.png 300w, https:\/\/fn.se\/stockholm\/wp-content\/uploads\/sites\/32\/2026\/03\/Styrelsen-2026-Linkedin-5-150x150.png 150w, https:\/\/fn.se\/stockholm\/wp-content\/uploads\/sites\/32\/2026\/03\/Styrelsen-2026-Linkedin-5-768x768.png 768w, https:\/\/fn.se\/stockholm\/wp-content\/uploads\/sites\/32\/2026\/03\/Styrelsen-2026-Linkedin-5-650x650.png 650w, https:\/\/fn.se\/stockholm\/wp-content\/uploads\/sites\/32\/2026\/03\/Styrelsen-2026-Linkedin-5.png 1200w\" sizes=\"auto, (max-width: 1024px) 100vw, 1024px\" \/><\/figure>\n<\/figure>\n\n\n\n<figure class=\"wp-block-gallery has-nested-images columns-default is-cropped wp-block-gallery-4 is-layout-flex wp-block-gallery-is-layout-flex\">\n<figure class=\"wp-block-image size-large\"><img loading=\"lazy\" decoding=\"async\" width=\"1024\" height=\"1024\" data-id=\"4194\" src=\"https:\/\/fn.se\/stockholm\/wp-content\/uploads\/sites\/32\/2026\/03\/Styrelsen-2026-Linkedin-6-1024x1024.png\" alt=\"\" class=\"wp-image-4194\" srcset=\"https:\/\/fn.se\/stockholm\/wp-content\/uploads\/sites\/32\/2026\/03\/Styrelsen-2026-Linkedin-6-1024x1024.png 1024w, https:\/\/fn.se\/stockholm\/wp-content\/uploads\/sites\/32\/2026\/03\/Styrelsen-2026-Linkedin-6-300x300.png 300w, https:\/\/fn.se\/stockholm\/wp-content\/uploads\/sites\/32\/2026\/03\/Styrelsen-2026-Linkedin-6-150x150.png 150w, https:\/\/fn.se\/stockholm\/wp-content\/uploads\/sites\/32\/2026\/03\/Styrelsen-2026-Linkedin-6-768x768.png 768w, https:\/\/fn.se\/stockholm\/wp-content\/uploads\/sites\/32\/2026\/03\/Styrelsen-2026-Linkedin-6-650x650.png 650w, https:\/\/fn.se\/stockholm\/wp-content\/uploads\/sites\/32\/2026\/03\/Styrelsen-2026-Linkedin-6.png 1200w\" sizes=\"auto, (max-width: 1024px) 100vw, 1024px\" \/><\/figure>\n\n\n\n<figure class=\"wp-block-image size-large\"><img loading=\"lazy\" decoding=\"async\" width=\"1024\" height=\"1024\" data-id=\"4199\" src=\"https:\/\/fn.se\/stockholm\/wp-content\/uploads\/sites\/32\/2026\/03\/Styrelsen-2026-Linkedin-7-1024x1024.png\" alt=\"\" class=\"wp-image-4199\" srcset=\"https:\/\/fn.se\/stockholm\/wp-content\/uploads\/sites\/32\/2026\/03\/Styrelsen-2026-Linkedin-7-1024x1024.png 1024w, https:\/\/fn.se\/stockholm\/wp-content\/uploads\/sites\/32\/2026\/03\/Styrelsen-2026-Linkedin-7-300x300.png 300w, https:\/\/fn.se\/stockholm\/wp-content\/uploads\/sites\/32\/2026\/03\/Styrelsen-2026-Linkedin-7-150x150.png 150w, https:\/\/fn.se\/stockholm\/wp-content\/uploads\/sites\/32\/2026\/03\/Styrelsen-2026-Linkedin-7-768x768.png 768w, https:\/\/fn.se\/stockholm\/wp-content\/uploads\/sites\/32\/2026\/03\/Styrelsen-2026-Linkedin-7-650x650.png 650w, https:\/\/fn.se\/stockholm\/wp-content\/uploads\/sites\/32\/2026\/03\/Styrelsen-2026-Linkedin-7.png 1200w\" sizes=\"auto, (max-width: 1024px) 100vw, 1024px\" \/><\/figure>\n<\/figure>\n\n\n\n<figure class=\"wp-block-gallery has-nested-images columns-default is-cropped wp-block-gallery-5 is-layout-flex wp-block-gallery-is-layout-flex\">\n<figure class=\"wp-block-image size-large\"><img loading=\"lazy\" decoding=\"async\" width=\"1024\" height=\"1024\" data-id=\"4198\" src=\"https:\/\/fn.se\/stockholm\/wp-content\/uploads\/sites\/32\/2026\/03\/Styrelsen-2026-Linkedin-8-1024x1024.png\" alt=\"\" class=\"wp-image-4198\" srcset=\"https:\/\/fn.se\/stockholm\/wp-content\/uploads\/sites\/32\/2026\/03\/Styrelsen-2026-Linkedin-8-1024x1024.png 1024w, https:\/\/fn.se\/stockholm\/wp-content\/uploads\/sites\/32\/2026\/03\/Styrelsen-2026-Linkedin-8-300x300.png 300w, https:\/\/fn.se\/stockholm\/wp-content\/uploads\/sites\/32\/2026\/03\/Styrelsen-2026-Linkedin-8-150x150.png 150w, https:\/\/fn.se\/stockholm\/wp-content\/uploads\/sites\/32\/2026\/03\/Styrelsen-2026-Linkedin-8-768x768.png 768w, https:\/\/fn.se\/stockholm\/wp-content\/uploads\/sites\/32\/2026\/03\/Styrelsen-2026-Linkedin-8-650x650.png 650w, https:\/\/fn.se\/stockholm\/wp-content\/uploads\/sites\/32\/2026\/03\/Styrelsen-2026-Linkedin-8.png 1200w\" sizes=\"auto, (max-width: 1024px) 100vw, 1024px\" \/><\/figure>\n\n\n\n<figure class=\"wp-block-image size-large\"><img loading=\"lazy\" decoding=\"async\" width=\"1024\" height=\"1024\" data-id=\"4197\" src=\"https:\/\/fn.se\/stockholm\/wp-content\/uploads\/sites\/32\/2026\/03\/Styrelsen-2026-Linkedin-9-1024x1024.png\" alt=\"\" class=\"wp-image-4197\" srcset=\"https:\/\/fn.se\/stockholm\/wp-content\/uploads\/sites\/32\/2026\/03\/Styrelsen-2026-Linkedin-9-1024x1024.png 1024w, https:\/\/fn.se\/stockholm\/wp-content\/uploads\/sites\/32\/2026\/03\/Styrelsen-2026-Linkedin-9-300x300.png 300w, https:\/\/fn.se\/stockholm\/wp-content\/uploads\/sites\/32\/2026\/03\/Styrelsen-2026-Linkedin-9-150x150.png 150w, https:\/\/fn.se\/stockholm\/wp-content\/uploads\/sites\/32\/2026\/03\/Styrelsen-2026-Linkedin-9-768x768.png 768w, https:\/\/fn.se\/stockholm\/wp-content\/uploads\/sites\/32\/2026\/03\/Styrelsen-2026-Linkedin-9-650x650.png 650w, https:\/\/fn.se\/stockholm\/wp-content\/uploads\/sites\/32\/2026\/03\/Styrelsen-2026-Linkedin-9.png 1200w\" sizes=\"auto, (max-width: 1024px) 100vw, 1024px\" \/><\/figure>\n<\/figure>\n\n\n\n<figure class=\"wp-block-gallery has-nested-images columns-default is-cropped wp-block-gallery-6 is-layout-flex wp-block-gallery-is-layout-flex\">\n<figure class=\"wp-block-image size-large\"><img loading=\"lazy\" decoding=\"async\" width=\"1024\" height=\"1024\" data-id=\"4196\" src=\"https:\/\/fn.se\/stockholm\/wp-content\/uploads\/sites\/32\/2026\/03\/Styrelsen-2026-Linkedin-10-1024x1024.png\" alt=\"\" class=\"wp-image-4196\" srcset=\"https:\/\/fn.se\/stockholm\/wp-content\/uploads\/sites\/32\/2026\/03\/Styrelsen-2026-Linkedin-10-1024x1024.png 1024w, https:\/\/fn.se\/stockholm\/wp-content\/uploads\/sites\/32\/2026\/03\/Styrelsen-2026-Linkedin-10-300x300.png 300w, https:\/\/fn.se\/stockholm\/wp-content\/uploads\/sites\/32\/2026\/03\/Styrelsen-2026-Linkedin-10-150x150.png 150w, https:\/\/fn.se\/stockholm\/wp-content\/uploads\/sites\/32\/2026\/03\/Styrelsen-2026-Linkedin-10-768x768.png 768w, https:\/\/fn.se\/stockholm\/wp-content\/uploads\/sites\/32\/2026\/03\/Styrelsen-2026-Linkedin-10-650x650.png 650w, https:\/\/fn.se\/stockholm\/wp-content\/uploads\/sites\/32\/2026\/03\/Styrelsen-2026-Linkedin-10.png 1200w\" sizes=\"auto, (max-width: 1024px) 100vw, 1024px\" \/><\/figure>\n\n\n\n<figure class=\"wp-block-image size-large\"><img loading=\"lazy\" decoding=\"async\" width=\"1024\" height=\"1024\" data-id=\"4383\" src=\"https:\/\/fn.se\/stockholm\/wp-content\/uploads\/sites\/32\/2026\/03\/Styrelsen-2026-Linkedin-5-1-1024x1024.png\" alt=\"\" class=\"wp-image-4383\" srcset=\"https:\/\/fn.se\/stockholm\/wp-content\/uploads\/sites\/32\/2026\/03\/Styrelsen-2026-Linkedin-5-1-1024x1024.png 1024w, https:\/\/fn.se\/stockholm\/wp-content\/uploads\/sites\/32\/2026\/03\/Styrelsen-2026-Linkedin-5-1-300x300.png 300w, https:\/\/fn.se\/stockholm\/wp-content\/uploads\/sites\/32\/2026\/03\/Styrelsen-2026-Linkedin-5-1-150x150.png 150w, https:\/\/fn.se\/stockholm\/wp-content\/uploads\/sites\/32\/2026\/03\/Styrelsen-2026-Linkedin-5-1-768x768.png 768w, https:\/\/fn.se\/stockholm\/wp-content\/uploads\/sites\/32\/2026\/03\/Styrelsen-2026-Linkedin-5-1-650x650.png 650w, https:\/\/fn.se\/stockholm\/wp-content\/uploads\/sites\/32\/2026\/03\/Styrelsen-2026-Linkedin-5-1.png 1200w\" sizes=\"auto, (max-width: 1024px) 100vw, 1024px\" \/><\/figure>\n<\/figure>\n","protected":false},"excerpt":{"rendered":"<p>UNGDOMSSEKTIONEN \u00c4r du under 26 \u00e5r och engagerad i fr\u00e5gor om fred, utveckling och m\u00e4nskliga r\u00e4ttigheter? D\u00e5kan Stockholms FN-f\u00f6renings ungdomssektion&hellip;<\/p>\n","protected":false},"author":1,"featured_media":0,"parent":0,"menu_order":0,"comment_status":"closed","ping_status":"closed","template":"templates\/template-sub.php","meta":{"_acf_changed":false,"footnotes":"","_links_to":"","_links_to_target":""},"class_list":["post-16","page","type-page","status-publish","hentry"],"acf":[],"_links":{"self":[{"href":"https:\/\/fn.se\/stockholm\/wp-json\/wp\/v2\/pages\/16","targetHints":{"allow":["GET"]}}],"collection":[{"href":"https:\/\/fn.se\/stockholm\/wp-json\/wp\/v2\/pages"}],"about":[{"href":"https:\/\/fn.se\/stockholm\/wp-json\/wp\/v2\/types\/page"}],"author":[{"embeddable":true,"href":"https:\/\/fn.se\/stockholm\/wp-json\/wp\/v2\/users\/1"}],"replies":[{"embeddable":true,"href":"https:\/\/fn.se\/stockholm\/wp-json\/wp\/v2\/comments?post=16"}],"version-history":[{"count":49,"href":"https:\/\/fn.se\/stockholm\/wp-json\/wp\/v2\/pages\/16\/revisions"}],"predecessor-version":[{"id":4384,"href":"https:\/\/fn.se\/stockholm\/wp-json\/wp\/v2\/pages\/16\/revisions\/4384"}],"wp:attachment":[{"href":"https:\/\/fn.se\/stockholm\/wp-json\/wp\/v2\/media?parent=16"}],"curies":[{"name":"wp","href":"https:\/\/api.w.org\/{rel}","templated":true}]}}