{"id":152,"date":"2016-10-03T10:15:00","date_gmt":"2016-10-03T10:15:00","guid":{"rendered":"http:\/\/fn.se\/stockholm\/?page_id=152"},"modified":"2018-01-30T10:53:25","modified_gmt":"2018-01-30T10:53:25","slug":"83-internationella-kvinnodagen-pa-fryshuset","status":"publish","type":"page","link":"https:\/\/fn.se\/stockholm\/83-internationella-kvinnodagen-pa-fryshuset\/","title":{"rendered":"8\/3 Internationella kvinnodagen p\u00e5 Fryshuset"},"content":{"rendered":"<h1>Internationella kvinnodagen p\u00e5 Fryshuset<\/h1>\n<p>Internationella kvinnodagen, 8 mars, uppm\u00e4rksammade Stockholms FN-f\u00f6rening p\u00e5 Fryshuset tillsammans med \u00c5ttondemarsn\u00e4tverket och UN Women.<\/p>\n<p>Vi hade med oss millenniem\u00e5lsbollarna, som innebar att varje person fick l\u00e4gga en boll i det r\u00f6r som representerade det millenniem\u00e5l man tyckte var viktigast. De flesta tyckte det var oerh\u00f6rt sv\u00e5rt att r\u00f6sta p\u00e5 enbart ett m\u00e5l, men i slut\u00e4ndan fick vi \u00e4nd\u00e5 in 325 r\u00f6ster som f\u00f6rdelade sig som ni kan se nedan.<\/p>\n<p>Tack till alla ni intresserade som r\u00f6stade, kom och st\u00e4llde fr\u00e5gor och hyllade 8 mars med oss!<\/p>\n<p>H\u00e4r \u00e4r resultatet av era r\u00f6ster:<br \/>\nM\u00e5l 1 &#8211; Halvera jordens fattigdom och hunger: 30 %<br \/>\nM\u00e5l 2 &#8211; Se till att alla barn f\u00e5r g\u00e5 i grundskolan: 21 %<br \/>\nM\u00e5l 3\u00a0 <span class=\"text_exposed_show\">&#8211; \u00d6ka j\u00e4mst\u00e4lldheten mellan kvinnor och m\u00e4n: 20 %<br \/>\nM\u00e5l 4 &#8211; Minska barnad\u00f6dligheten: 6,5 %<br \/>\nM\u00e5l 5 &#8211; F\u00f6rb\u00e4ttra m\u00f6drah\u00e4lsan: 9,5 %<br \/>\nM\u00e5l 6 &#8211; Stoppa spridningen av HIV och aids: 3,7 %<br \/>\nM\u00e5l 7 &#8211; S\u00e4kra en h\u00e5llbar utveckling: 6,5 %<br \/>\nM\u00e5l 8 &#8211; \u00d6ka samarbetet kring bist\u00e5nd och handel: 2,8 %\u00a0<\/span><\/p>\n<p><img loading=\"lazy\" decoding=\"async\" class=\"alignleft size-large wp-image-153\" src=\"https:\/\/fn.se\/stockholm\/wp-content\/uploads\/sites\/32\/2016\/10\/Sthlm-kvinnodag-1-1024x768.jpg\" alt=\"sthlm-kvinnodag-1\" width=\"1024\" height=\"768\" \/> <img loading=\"lazy\" decoding=\"async\" class=\"alignleft size-large wp-image-154\" src=\"https:\/\/fn.se\/stockholm\/wp-content\/uploads\/sites\/32\/2016\/10\/Sthlm-kvinnodag-2-1024x768.jpg\" alt=\"sthlm-kvinnodag-2\" width=\"1024\" height=\"768\" \/><\/p>\n","protected":false},"excerpt":{"rendered":"<p>Internationella kvinnodagen p\u00e5 Fryshuset Internationella kvinnodagen, 8 mars, uppm\u00e4rksammade Stockholms FN-f\u00f6rening p\u00e5 Fryshuset tillsammans med \u00c5ttondemarsn\u00e4tverket och UN Women. Vi&hellip;<\/p>\n","protected":false},"author":17,"featured_media":0,"parent":0,"menu_order":0,"comment_status":"closed","ping_status":"closed","template":"","meta":{"_acf_changed":false,"footnotes":"","_links_to":"","_links_to_target":""},"class_list":["post-152","page","type-page","status-publish","hentry"],"acf":[],"_links":{"self":[{"href":"https:\/\/fn.se\/stockholm\/wp-json\/wp\/v2\/pages\/152","targetHints":{"allow":["GET"]}}],"collection":[{"href":"https:\/\/fn.se\/stockholm\/wp-json\/wp\/v2\/pages"}],"about":[{"href":"https:\/\/fn.se\/stockholm\/wp-json\/wp\/v2\/types\/page"}],"author":[{"embeddable":true,"href":"https:\/\/fn.se\/stockholm\/wp-json\/wp\/v2\/users\/17"}],"replies":[{"embeddable":true,"href":"https:\/\/fn.se\/stockholm\/wp-json\/wp\/v2\/comments?post=152"}],"version-history":[{"count":2,"href":"https:\/\/fn.se\/stockholm\/wp-json\/wp\/v2\/pages\/152\/revisions"}],"predecessor-version":[{"id":158,"href":"https:\/\/fn.se\/stockholm\/wp-json\/wp\/v2\/pages\/152\/revisions\/158"}],"wp:attachment":[{"href":"https:\/\/fn.se\/stockholm\/wp-json\/wp\/v2\/media?parent=152"}],"curies":[{"name":"wp","href":"https:\/\/api.w.org\/{rel}","templated":true}]}}