{"id":147,"date":"2016-10-03T10:11:29","date_gmt":"2016-10-03T10:11:29","guid":{"rendered":"http:\/\/fn.se\/stockholm\/?page_id=147"},"modified":"2018-01-30T10:53:15","modified_gmt":"2018-01-30T10:53:15","slug":"173-seminarium-med-afghanistanveteraner","status":"publish","type":"page","link":"https:\/\/fn.se\/stockholm\/173-seminarium-med-afghanistanveteraner\/","title":{"rendered":"17\/3 Seminarium med Afghanistanveteraner"},"content":{"rendered":"<h1>Seminarium med Afghanistanveteraner<\/h1>\n<p>Den 17 mars anordnade <a href=\"https:\/\/www.facebook.com\/UNAStockholmUniversity\/?hc_ref=SEARCH&amp;fref=nf\">Stockholms FN-f\u00f6renings Studentsektion<\/a> i samarbete med <a class=\"new-window\" href=\"https:\/\/www.facebook.com\/UNAYouthStockholm?fref=ts\" target=\"_blank\">Stockholms FN-f\u00f6renings Ungdomssektion<\/a> ett seminarium f\u00f6r att uppm\u00e4rksamma de fredsbevarande styrkornas upplevelser och utmaningar genom att bjuda in tv\u00e5 afghanistanveteraner till att f\u00f6rel\u00e4sa p\u00e5 Stockholms universitet.<\/p>\n<p>De f.d. soldaterna Aron Meszaros och Oscar Magnusson ber\u00e4ttade om deras perspektiv p\u00e5 fredsframtvingande operationer utifr\u00e5n deras egna erfarenheter som soldater p\u00e5 gr\u00e4srotsniv\u00e5. F\u00f6rel\u00e4sningen delgav m\u00e5nga personliga och intressanta infallsvinklar av de problem som soldater upplever under sina missioner i Afghanistan, men \u00e4ven i bland annat Liberia, Bosnien och Kosovo.<\/p>\n<p>Tack till alla ni som kom f\u00f6r att bes\u00f6ka sektionernas seminarium och \u00e5terigen ett stort tack till Aron och Oscar f\u00f6r deras intressanta f\u00f6rel\u00e4sning!<\/p>\n<p><img loading=\"lazy\" decoding=\"async\" class=\"alignleft size-large wp-image-148\" src=\"https:\/\/fn.se\/stockholm\/wp-content\/uploads\/sites\/32\/2016\/10\/Sthlm-Afghanistan-1-1024x579.jpg\" alt=\"sthlm-afghanistan-1\" width=\"1024\" height=\"579\" srcset=\"https:\/\/fn.se\/stockholm\/wp-content\/uploads\/sites\/32\/2016\/10\/Sthlm-Afghanistan-1-1024x579.jpg 1024w, https:\/\/fn.se\/stockholm\/wp-content\/uploads\/sites\/32\/2016\/10\/Sthlm-Afghanistan-1-300x170.jpg 300w, https:\/\/fn.se\/stockholm\/wp-content\/uploads\/sites\/32\/2016\/10\/Sthlm-Afghanistan-1-768x434.jpg 768w, https:\/\/fn.se\/stockholm\/wp-content\/uploads\/sites\/32\/2016\/10\/Sthlm-Afghanistan-1-450x254.jpg 450w, https:\/\/fn.se\/stockholm\/wp-content\/uploads\/sites\/32\/2016\/10\/Sthlm-Afghanistan-1.jpg 2048w\" sizes=\"auto, (max-width: 1024px) 100vw, 1024px\" \/> <img loading=\"lazy\" decoding=\"async\" class=\"alignleft size-large wp-image-149\" src=\"https:\/\/fn.se\/stockholm\/wp-content\/uploads\/sites\/32\/2016\/10\/Sthlm-Afghanistan-2-1024x591.jpg\" alt=\"sthlm-afghanistan-2\" width=\"1024\" height=\"591\" srcset=\"https:\/\/fn.se\/stockholm\/wp-content\/uploads\/sites\/32\/2016\/10\/Sthlm-Afghanistan-2-1024x591.jpg 1024w, https:\/\/fn.se\/stockholm\/wp-content\/uploads\/sites\/32\/2016\/10\/Sthlm-Afghanistan-2-300x173.jpg 300w, https:\/\/fn.se\/stockholm\/wp-content\/uploads\/sites\/32\/2016\/10\/Sthlm-Afghanistan-2-768x443.jpg 768w, https:\/\/fn.se\/stockholm\/wp-content\/uploads\/sites\/32\/2016\/10\/Sthlm-Afghanistan-2-450x260.jpg 450w, https:\/\/fn.se\/stockholm\/wp-content\/uploads\/sites\/32\/2016\/10\/Sthlm-Afghanistan-2.jpg 2048w\" sizes=\"auto, (max-width: 1024px) 100vw, 1024px\" \/><\/p>\n","protected":false},"excerpt":{"rendered":"<p>Seminarium med Afghanistanveteraner Den 17 mars anordnade Stockholms FN-f\u00f6renings Studentsektion i samarbete med Stockholms FN-f\u00f6renings Ungdomssektion ett seminarium f\u00f6r att&hellip;<\/p>\n","protected":false},"author":17,"featured_media":0,"parent":0,"menu_order":0,"comment_status":"closed","ping_status":"closed","template":"","meta":{"_acf_changed":false,"footnotes":"","_links_to":"","_links_to_target":""},"class_list":["post-147","page","type-page","status-publish","hentry"],"acf":[],"_links":{"self":[{"href":"https:\/\/fn.se\/stockholm\/wp-json\/wp\/v2\/pages\/147","targetHints":{"allow":["GET"]}}],"collection":[{"href":"https:\/\/fn.se\/stockholm\/wp-json\/wp\/v2\/pages"}],"about":[{"href":"https:\/\/fn.se\/stockholm\/wp-json\/wp\/v2\/types\/page"}],"author":[{"embeddable":true,"href":"https:\/\/fn.se\/stockholm\/wp-json\/wp\/v2\/users\/17"}],"replies":[{"embeddable":true,"href":"https:\/\/fn.se\/stockholm\/wp-json\/wp\/v2\/comments?post=147"}],"version-history":[{"count":1,"href":"https:\/\/fn.se\/stockholm\/wp-json\/wp\/v2\/pages\/147\/revisions"}],"predecessor-version":[{"id":151,"href":"https:\/\/fn.se\/stockholm\/wp-json\/wp\/v2\/pages\/147\/revisions\/151"}],"wp:attachment":[{"href":"https:\/\/fn.se\/stockholm\/wp-json\/wp\/v2\/media?parent=147"}],"curies":[{"name":"wp","href":"https:\/\/api.w.org\/{rel}","templated":true}]}}