{"id":144,"date":"2016-10-03T10:08:08","date_gmt":"2016-10-03T10:08:08","guid":{"rendered":"http:\/\/fn.se\/stockholm\/?page_id=144"},"modified":"2018-01-30T10:53:15","modified_gmt":"2018-01-30T10:53:15","slug":"183-studiebesok-pa-svenska-fn-forbundet","status":"publish","type":"page","link":"https:\/\/fn.se\/stockholm\/183-studiebesok-pa-svenska-fn-forbundet\/","title":{"rendered":"18\/3 Studiebes\u00f6k p\u00e5 Svenska FN-f\u00f6rbundet"},"content":{"rendered":"<h1>Studiebes\u00f6k p\u00e5 Svenska FN-f\u00f6rbundet<\/h1>\n<p>Den 18 mars bj\u00f6d <a href=\"https:\/\/www.facebook.com\/UNAYouthStockholm\">Stockholms FN-f\u00f6renings Ungdomssektion<\/a> in till studiebes\u00f6k p\u00e5 Svenska FN-f\u00f6rbundet, sj\u00e4lvaste k\u00e4rnan i den regionala FN-r\u00f6relsen!<\/p>\n<p>Tack till alla talare fr\u00e5n FN-f\u00f6rbundet som bidrog med sin kunskap kring m\u00e4nskliga r\u00e4ttigheter, internationella s\u00e4kerhetsfr\u00e5gor, fattigdomsbek\u00e4mpning, fredsarbete och mycket mer.<\/p>\n<p>Och ett stort tack till alla ni som deltog i Ungdomssektionens aktivitet och st\u00e4llde intressanta fr\u00e5gor!<\/p>\n<p>F\u00f6r att l\u00e4sa mer om Ungdomssektionens kommande aktiviteter och tidigare verksamhet, bes\u00f6k deras Facebook-sida <a href=\"https:\/\/www.facebook.com\/UNAYouthStockholm\">h\u00e4r!<\/a><\/p>\n","protected":false},"excerpt":{"rendered":"<p>Studiebes\u00f6k p\u00e5 Svenska FN-f\u00f6rbundet Den 18 mars bj\u00f6d Stockholms FN-f\u00f6renings Ungdomssektion in till studiebes\u00f6k p\u00e5 Svenska FN-f\u00f6rbundet, sj\u00e4lvaste k\u00e4rnan i&hellip;<\/p>\n","protected":false},"author":17,"featured_media":0,"parent":0,"menu_order":0,"comment_status":"closed","ping_status":"closed","template":"","meta":{"_acf_changed":false,"footnotes":"","_links_to":"","_links_to_target":""},"class_list":["post-144","page","type-page","status-publish","hentry"],"acf":[],"_links":{"self":[{"href":"https:\/\/fn.se\/stockholm\/wp-json\/wp\/v2\/pages\/144","targetHints":{"allow":["GET"]}}],"collection":[{"href":"https:\/\/fn.se\/stockholm\/wp-json\/wp\/v2\/pages"}],"about":[{"href":"https:\/\/fn.se\/stockholm\/wp-json\/wp\/v2\/types\/page"}],"author":[{"embeddable":true,"href":"https:\/\/fn.se\/stockholm\/wp-json\/wp\/v2\/users\/17"}],"replies":[{"embeddable":true,"href":"https:\/\/fn.se\/stockholm\/wp-json\/wp\/v2\/comments?post=144"}],"version-history":[{"count":1,"href":"https:\/\/fn.se\/stockholm\/wp-json\/wp\/v2\/pages\/144\/revisions"}],"predecessor-version":[{"id":146,"href":"https:\/\/fn.se\/stockholm\/wp-json\/wp\/v2\/pages\/144\/revisions\/146"}],"wp:attachment":[{"href":"https:\/\/fn.se\/stockholm\/wp-json\/wp\/v2\/media?parent=144"}],"curies":[{"name":"wp","href":"https:\/\/api.w.org\/{rel}","templated":true}]}}