{"id":1427,"date":"2019-04-16T13:36:58","date_gmt":"2019-04-16T13:36:58","guid":{"rendered":"https:\/\/fn.se\/stockholm\/?page_id=1427"},"modified":"2021-01-29T15:22:37","modified_gmt":"2021-01-29T15:22:37","slug":"1427-2","status":"publish","type":"page","link":"https:\/\/fn.se\/stockholm\/1427-2\/","title":{"rendered":"2019 Arkiv"},"content":{"rendered":"<h2>Verksamhets\u00e5r 2019<\/h2>\n<p><a href=\"https:\/\/fn.se\/stockholm\/wp-content\/uploads\/sites\/32\/2020\/03\/Verksamhetsber\u00e4ttelse-2019.pdf\">Verksamhetsber\u00e4ttelse 2019<\/a><\/p>\n<h4>Arkiv aktiviteter under h\u00f6stterminen 2019<\/h4>\n<p><strong>10\/12<\/strong> <strong>kl. 18.00<\/strong><span style=\"float: none;background-color: #ffffff;color: #191e23;cursor: text;font-family: 'Noto Serif';font-size: 16px;font-style: normal;font-variant: normal;font-weight: 400;letter-spacing: normal;text-align: left;text-decoration: none;text-indent: 0px;text-transform: none\">. <\/span><a href=\"https:\/\/fn.se\/stockholm\/en-maltid-for-manskliga-rattigheter\/\">M\u00e4nskliga r\u00e4ttighetsdagen<\/a><span style=\"float: none;background-color: #ffffff;color: #191e23;cursor: text;font-family: 'Noto Serif';font-size: 16px;font-style: normal;font-variant: normal;font-weight: 400;letter-spacing: normal;text-align: left;text-decoration: none;text-indent: 0px;text-transform: none\">. FN-f\u00f6reningens MR-pris delas traditionsenligt ut till en enskild f\u00f6rsvarare av m\u00e4nskliga r\u00e4ttigheter och en f\u00f6rening. Plats: Caf\u00e9 T\u00e5rtan<\/span><\/p>\n<p><strong>25\/11<\/strong> <a href=\"https:\/\/fn.se\/stockholm\/1708-2\/\">Internationella dagen f\u00f6r eliminering av allt v\u00e5ld mot kvinnor<\/a><span style=\"float: none;background-color: #ffffff;color: #191e23;cursor: text;font-family: 'Noto Serif';font-size: 16px;font-style: normal;font-variant: normal;font-weight: 400;letter-spacing: normal;text-align: left;text-decoration: none;text-indent: 0px;text-transform: none\">. Samarrangemang med Tensta Kvinno- och Tjejjour.<\/span><\/p>\n<p><b>18\/11<\/b><strong> kl. 18.30<\/strong><span style=\"float: none;background-color: #ffffff;color: #191e23;cursor: text;font-family: 'Noto Serif';font-size: 16px;font-style: normal;font-variant: normal;font-weight: 400;letter-spacing: normal;text-align: left;text-decoration: none;text-indent: 0px;text-transform: none\"> Filmvisning och samtal med journalist fr\u00e5n V\u00e4stsahara, p\u00e5 Zita Folkets bio. I Samarbete med Kommitt\u00e9n f\u00f6r V\u00e4stsaharas kvinnor. Mer info <\/span><a href=\"https:\/\/fn.se\/stockholm\/2019\/11\/04\/1689\/\">h\u00e4r<\/a><\/p>\n<p><b>STOCKHOLMS FN-F\u00d6RENING S\u00d6KER PRAKTIKANT TILL V\u00c5RTERMINEN 2020! <\/b>L\u00e4s mer om praktikplatsen<a href=\"https:\/\/fn.se\/stockholm\/2019\/09\/05\/stockholms-fn-forening-soker-praktikant-till-varterminen-2020\/\"> h\u00e4r\u00a0<\/a><\/p>\n<p><strong>24\/10 kl. 18-19.45<\/strong> <a href=\"https:\/\/fn.se\/stockholm\/1652-2\/\">FN-dagen<\/a><span style=\"float: none;background-color: #ffffff;color: #191e23;cursor: text;font-family: 'Noto Serif';font-size: 16px;font-style: normal;font-variant: normal;font-weight: 400;letter-spacing: normal;text-align: left;text-decoration: none;text-indent: 0px;text-transform: none\">. Tema: Agenda 2030. Samarrangemang med ABF Stockholm, Olof Palme Internationella Center och Stockholms FN-f\u00f6rening i samverkan med FN-f\u00f6reningen i Nacka\/V\u00e4rmd\u00f6 och Stockholms FN-distrikt..<\/span><\/p>\n<p><strong>10\/10 kl. 18.30<\/strong> <a href=\"https:\/\/fn.se\/stockholm\/1642-2\/\">Internationella Flickadagen.<\/a><span style=\"float: none;background-color: #ffffff;color: #191e23;cursor: text;font-family: 'Noto Serif';font-size: 16px;font-style: normal;font-variant: normal;font-weight: 400;letter-spacing: normal;text-align: left;text-decoration: none;text-indent: 0px;text-transform: none\"> Plats: Klara S\u00f6dra Kyrkogata 20<\/span><\/p>\n<p><strong>19\/9<\/strong> <a href=\"https:\/\/fn.se\/stockholm\/2019\/09\/05\/hogtidlighallande-av-internationella-fredsdagen\/\">Stockholms FN-f\u00f6renings Fredsseminarium<\/a>, ett samarbete med F\u00f6rsvarsh\u00f6gskolan<\/p>\n<p><span style=\"float: none;background-color: transparent;color: #333333;cursor: text;font-family: Georgia,'Times New Roman','Bitstream Charter',Times,serif;font-size: 16px;font-style: normal;font-variant: normal;font-weight: 400;letter-spacing: normal;text-align: left;text-decoration: none;text-indent: 0px\"><strong>16\/9<\/strong> <span style=\"float: none;background-color: transparent;color: #414040;font-family: 'Open Sans',sans-serif;font-size: 18px;font-style: normal;font-variant: normal;font-weight: 400;letter-spacing: normal;line-height: 28.8px;text-align: left;text-decoration: none;text-indent: 0px\"><a href=\"https:\/\/fn.se\/stockholm\/2019\/09\/04\/stockholms-fn-forenings-hostupptakt-2019\/\"> Stockholms FN-f\u00f6renings h\u00f6stupptakt.<\/a> <\/span><\/span><\/p>\n<h4>Arkiv aktiviteter under v\u00e5rterminen 2019<\/h4>\n<p>14-16\/6 <a href=\"https:\/\/fn.se\/stockholm\/?p=1556&amp;preview=true\">J\u00e4rvaveckan med\u00a0 Tensta kvinno- och tjejjour<\/a><\/p>\n<p>6\/6<a href=\"https:\/\/fn.se\/stockholm\/2019\/06\/05\/nationaldagsfirande-i-ralambshovsparken-med-stockholms-stad\/\"> Nationaldagsfirandet i R\u00e5lambshovsparken. <\/a><\/p>\n<p>18\/5 <a href=\"https:\/\/fn.se\/stockholm\/1392-2\/\">Agenda 2030 Open Stockholm\u00a0 i samarbete med Stockholms FN-distrikt. L\u00e4s mer om eventet \u00a0h\u00e4r<\/a><\/p>\n<p>20\/5 <a href=\"https:\/\/fn.se\/stockholm\/2019\/05\/14\/20-5-rekryterings-seminarium-till-fn\/\">Internationell karri\u00e4rseminarium med Unesco, Unicef och\u00a0 UNHCR. L\u00e4s mer om seminariet h\u00e4r<\/a><\/p>\n<p>31\/3<a href=\"https:\/\/fn.se\/stockholm\/?p=1418&amp;preview=true\"> Inspirationstr\u00e4ff i Eskilstuna med FN-f\u00f6rbundet<\/a><\/p>\n<p>12\/ 3 <a href=\"https:\/\/fn.se\/stockholm\/?p=1355&amp;preview=true\">Internationella kvinnodagen &#8211; Gunilla Berglund<\/a><\/p>\n<p>8\/ 3 <a href=\"https:\/\/fn.se\/stockholm\/2019\/03\/06\/internationella-kvinnodagen-8e-mars\/\">internationella kvinnodagen<\/a><\/p>\n<p>25\/2 -19 <a href=\"https:\/\/fn.se\/stockholm\/2018\/11\/05\/forsta-kallelsen-till-arsmote\/\">F\u00d6RSTA KALLELSEN TILL \u00c5RSM\u00d6TE &#8211; NOMINERA OCH MOTIONERA <\/a><\/p>\n<p>25\/2 <a href=\"https:\/\/fn.se\/stockholm\/2019\/02\/06\/valkomna-till-stockholms-fn-forenings-arsmote\/\">Stockholms FN-f\u00f6renings \u00e5rsm\u00f6te\u00a0<\/a><\/p>\n<p>18\/2 <a href=\"https:\/\/fn.se\/stockholm\/18-2-agenda-2030-seminarium-fairtrade-sverige\/\">Agenda 2030 seminarium-Fairtrade Sverige<\/a><\/p>\n","protected":false},"excerpt":{"rendered":"<p>Verksamhets\u00e5r 2019 Verksamhetsber\u00e4ttelse 2019 Arkiv aktiviteter under h\u00f6stterminen 2019 10\/12 kl. 18.00. M\u00e4nskliga r\u00e4ttighetsdagen. FN-f\u00f6reningens MR-pris delas traditionsenligt ut till&hellip;<\/p>\n","protected":false},"author":86,"featured_media":0,"parent":0,"menu_order":0,"comment_status":"closed","ping_status":"closed","template":"","meta":{"_acf_changed":false,"footnotes":"","_links_to":"","_links_to_target":""},"class_list":["post-1427","page","type-page","status-publish","hentry"],"acf":[],"_links":{"self":[{"href":"https:\/\/fn.se\/stockholm\/wp-json\/wp\/v2\/pages\/1427","targetHints":{"allow":["GET"]}}],"collection":[{"href":"https:\/\/fn.se\/stockholm\/wp-json\/wp\/v2\/pages"}],"about":[{"href":"https:\/\/fn.se\/stockholm\/wp-json\/wp\/v2\/types\/page"}],"author":[{"embeddable":true,"href":"https:\/\/fn.se\/stockholm\/wp-json\/wp\/v2\/users\/86"}],"replies":[{"embeddable":true,"href":"https:\/\/fn.se\/stockholm\/wp-json\/wp\/v2\/comments?post=1427"}],"version-history":[{"count":21,"href":"https:\/\/fn.se\/stockholm\/wp-json\/wp\/v2\/pages\/1427\/revisions"}],"predecessor-version":[{"id":2152,"href":"https:\/\/fn.se\/stockholm\/wp-json\/wp\/v2\/pages\/1427\/revisions\/2152"}],"wp:attachment":[{"href":"https:\/\/fn.se\/stockholm\/wp-json\/wp\/v2\/media?parent=1427"}],"curies":[{"name":"wp","href":"https:\/\/api.w.org\/{rel}","templated":true}]}}