{"id":141,"date":"2016-10-03T10:07:02","date_gmt":"2016-10-03T10:07:02","guid":{"rendered":"http:\/\/fn.se\/stockholm\/?page_id=141"},"modified":"2018-01-30T10:53:15","modified_gmt":"2018-01-30T10:53:15","slug":"193-fns-internationella-vattendag","status":"publish","type":"page","link":"https:\/\/fn.se\/stockholm\/193-fns-internationella-vattendag\/","title":{"rendered":"19\/3 FN:s internationella vattendag"},"content":{"rendered":"<h1>FN:s internationella vattendag<\/h1>\n<p>Den 19 mars bj\u00f6d <a href=\"https:\/\/www.facebook.com\/UNAYouthStockholm\">Stockholms FN-f\u00f6renings Ungdomssektion<\/a>, tillsammans med Utrikespolitiska F\u00f6reningen Stockholm, in till seminarium p\u00e5 Stockholms universitet f\u00f6r att belysa fr\u00e5gan kring vatten och sanitet i samband med FN:s internationella vattendag (den 22 mars).<\/p>\n<p>Tillsammans med talare fr\u00e5n WaterAid Sverige och Stockholm International Water Institute (SIWI) diskuterades fr\u00e5gor om v\u00e4rl<span class=\"text_exposed_show\">dens vattenf\u00f6rs\u00f6rjning och den problematik som \u00e4r f\u00f6rknippad med brist\u00e4llig sanitet, samt hur WaterAid och SIWI arbetar f\u00f6r att detta problem ska f\u00f6rsvinna.<br \/>\nI dag finns det \u00f6ver en halv miljard m\u00e4nniskor som inte har tillg\u00e5ng till hush\u00e5llsvatten och sanitet. FN-f\u00f6rbundet har i och med sitt projekt V\u00e4rldskoll och i sitt arbete med Millenniem\u00e5len och de kommande utvecklingsm\u00e5len Post-2015 arbetat mycket med vattenfr\u00e5gan.<\/span><\/p>\n<p><span class=\"text_exposed_show\">Tack till Jenny Fredby &#8211; Head of Policy &amp; Programmes, Wateraid, och Marianne Kjellner &#8211; Director of UNDP Water Governance Facility p\u00e5 Stockholm International Water Institute (SIWI) f\u00f6r era intressanta f\u00f6redrag!<\/span><\/p>\n<p>Och som vanligt, ett stort tack till er intresserade studenter och ungdomar som kom f\u00f6rbi f\u00f6r att l\u00e4ra er mer och st\u00e4lla t\u00e4nkv\u00e4rda fr\u00e5gor!<\/p>\n<p>F\u00f6r att l\u00e4sa mer om Ungdomssektionen, bes\u00f6k deras Facebook-sida <a href=\"https:\/\/www.facebook.com\/UNAYouthStockholm\">h\u00e4r!<\/a><\/p>\n","protected":false},"excerpt":{"rendered":"<p>FN:s internationella vattendag Den 19 mars bj\u00f6d Stockholms FN-f\u00f6renings Ungdomssektion, tillsammans med Utrikespolitiska F\u00f6reningen Stockholm, in till seminarium p\u00e5 Stockholms&hellip;<\/p>\n","protected":false},"author":17,"featured_media":0,"parent":0,"menu_order":0,"comment_status":"closed","ping_status":"closed","template":"","meta":{"_acf_changed":false,"footnotes":"","_links_to":"","_links_to_target":""},"class_list":["post-141","page","type-page","status-publish","hentry"],"acf":[],"_links":{"self":[{"href":"https:\/\/fn.se\/stockholm\/wp-json\/wp\/v2\/pages\/141","targetHints":{"allow":["GET"]}}],"collection":[{"href":"https:\/\/fn.se\/stockholm\/wp-json\/wp\/v2\/pages"}],"about":[{"href":"https:\/\/fn.se\/stockholm\/wp-json\/wp\/v2\/types\/page"}],"author":[{"embeddable":true,"href":"https:\/\/fn.se\/stockholm\/wp-json\/wp\/v2\/users\/17"}],"replies":[{"embeddable":true,"href":"https:\/\/fn.se\/stockholm\/wp-json\/wp\/v2\/comments?post=141"}],"version-history":[{"count":1,"href":"https:\/\/fn.se\/stockholm\/wp-json\/wp\/v2\/pages\/141\/revisions"}],"predecessor-version":[{"id":143,"href":"https:\/\/fn.se\/stockholm\/wp-json\/wp\/v2\/pages\/141\/revisions\/143"}],"wp:attachment":[{"href":"https:\/\/fn.se\/stockholm\/wp-json\/wp\/v2\/media?parent=141"}],"curies":[{"name":"wp","href":"https:\/\/api.w.org\/{rel}","templated":true}]}}