{"id":1392,"date":"2019-03-19T11:25:52","date_gmt":"2019-03-19T11:25:52","guid":{"rendered":"https:\/\/fn.se\/stockholm\/?page_id=1392"},"modified":"2019-05-31T08:45:16","modified_gmt":"2019-05-31T08:45:16","slug":"1392-2","status":"publish","type":"page","link":"https:\/\/fn.se\/stockholm\/1392-2\/","title":{"rendered":"Agenda 2030 Open Stockholm"},"content":{"rendered":"<p><img loading=\"lazy\" decoding=\"async\" class=\"img\" src=\"https:\/\/scontent-arn2-1.xx.fbcdn.net\/v\/t1.15752-9\/61730700_2511645745731582_8870830985076277248_n.jpg?_nc_cat=101&amp;_nc_ht=scontent-arn2-1.xx&amp;oh=fc1c127453c02c21409433a81477279b&amp;oe=5D5A5E6A\" alt=\"\" width=\"339\" height=\"274\" \/><img loading=\"lazy\" decoding=\"async\" class=\"img\" src=\"https:\/\/scontent-arn2-1.xx.fbcdn.net\/v\/t1.15752-9\/61628654_419807505523084_3717921783899226112_n.jpg?_nc_cat=108&amp;_nc_ht=scontent-arn2-1.xx&amp;oh=ae8daaefe9ac51ae77ded267d7a9c4b5&amp;oe=5D89411B\" alt=\"\" width=\"182\" height=\"278\" \/><img loading=\"lazy\" decoding=\"async\" class=\"img\" src=\"https:\/\/scontent-arn2-1.xx.fbcdn.net\/v\/t1.15752-9\/61986381_2426544507431209_1936671539122405376_n.jpg?_nc_cat=108&amp;_nc_ht=scontent-arn2-1.xx&amp;oh=3fed8b0cf545cdc8c4bb91ce2a39d9a3&amp;oe=5D980553\" alt=\"\" width=\"192\" height=\"283\" \/><a id=\"set-post-thumbnail\" class=\"thickbox\" href=\"https:\/\/fn.se\/stockholm\/wp-admin\/media-upload.php?post_id=1392&amp;type=image&amp;TB_iframe=1\"><\/a><\/p>\n<p>FN-f\u00f6reningarna i Stockholms l\u00e4n har antagit utmaningen att mota hoppl\u00f6sheten och gemensamt hitta handlingar som leder oss till den v\u00e4rld vi vill ha. H\u00e5llbara samh\u00e4llen skapas inte av n\u00e5gra f\u00e5 p\u00e5 vissa st\u00e4llen utan av oss alla. FN-r\u00f6relsen i Stockholm vill vara navet i v\u00e5r stads arbete f\u00f6r Agenda 2030.\u00a0 Den 18 maj genomf\u00f6rdes eventet Agenda 2030 Open \u2013 Stockholm. M\u00e5let med eventet var att 170 personer skulle samlas f\u00f6r att hitta konkreta v\u00e4gar till en b\u00e4ttre v\u00e4rld i linje med FNs Agenda 2030 \u2013 de globala m\u00e5len f\u00f6r h\u00e5llbar utveckling. De 170 personerna blev alla en 2030-Agent som beslutade att genomf\u00f6ra n\u00e5gra av de minst 170 id\u00e9er som eventet resulterade i.<\/p>\n<div class=\"pos-top pos-center align_left column_parent col-lg-6 single-internal-gutter\">\n<div class=\"uncol style-light\">\n<div class=\"uncoltable\">\n<div class=\"uncell no-block-padding\">\n<div class=\"uncont\">\n<div class=\"uncode_text_column\">\n<p>Dagen inleddes med ett Engagemangsmingel och fortsatte med inspirerande f\u00f6rel\u00e4sningar om h\u00e5llbar utveckling. Efter lunch jobbade vi tillsammans med de 17 m\u00e5len i FNs Agenda 2030 d\u00e4r id\u00e9erna blir till handling. Dagen avslutades med promovering av \u00e5rets 2030 Agenter och vernissage med alla genererade id\u00e9er.<\/p>\n<\/div>\n<\/div>\n<\/div>\n<\/div>\n<\/div>\n<\/div>\n<p>&nbsp;<\/p>\n","protected":false},"excerpt":{"rendered":"<p>FN-f\u00f6reningarna i Stockholms l\u00e4n har antagit utmaningen att mota hoppl\u00f6sheten och gemensamt hitta handlingar som leder oss till den v\u00e4rld&hellip;<\/p>\n","protected":false},"author":86,"featured_media":0,"parent":0,"menu_order":0,"comment_status":"closed","ping_status":"closed","template":"","meta":{"_acf_changed":false,"footnotes":"","_links_to":"","_links_to_target":""},"class_list":["post-1392","page","type-page","status-publish","hentry"],"acf":[],"_links":{"self":[{"href":"https:\/\/fn.se\/stockholm\/wp-json\/wp\/v2\/pages\/1392","targetHints":{"allow":["GET"]}}],"collection":[{"href":"https:\/\/fn.se\/stockholm\/wp-json\/wp\/v2\/pages"}],"about":[{"href":"https:\/\/fn.se\/stockholm\/wp-json\/wp\/v2\/types\/page"}],"author":[{"embeddable":true,"href":"https:\/\/fn.se\/stockholm\/wp-json\/wp\/v2\/users\/86"}],"replies":[{"embeddable":true,"href":"https:\/\/fn.se\/stockholm\/wp-json\/wp\/v2\/comments?post=1392"}],"version-history":[{"count":7,"href":"https:\/\/fn.se\/stockholm\/wp-json\/wp\/v2\/pages\/1392\/revisions"}],"predecessor-version":[{"id":1511,"href":"https:\/\/fn.se\/stockholm\/wp-json\/wp\/v2\/pages\/1392\/revisions\/1511"}],"wp:attachment":[{"href":"https:\/\/fn.se\/stockholm\/wp-json\/wp\/v2\/media?parent=1392"}],"curies":[{"name":"wp","href":"https:\/\/api.w.org\/{rel}","templated":true}]}}