{"id":132,"date":"2016-10-03T09:34:03","date_gmt":"2016-10-03T09:34:03","guid":{"rendered":"http:\/\/fn.se\/stockholm\/?page_id=132"},"modified":"2018-01-30T10:53:20","modified_gmt":"2018-01-30T10:53:20","slug":"313-millenniemalen-och-post-2015","status":"publish","type":"page","link":"https:\/\/fn.se\/stockholm\/313-millenniemalen-och-post-2015\/","title":{"rendered":"31\/3 Millenniem\u00e5len och Post-2015"},"content":{"rendered":"<h1>Millenniem\u00e5len och Post-2015<\/h1>\n<p>Den 31 mars anordnade Stockholms FN-f\u00f6rening ett seminarium med titeln &#8221;Blir v\u00e4rlden b\u00e4ttre?&#8221;, f\u00f6r att belysa hur det hittills g\u00e5tt med de millenniem\u00e5l som FN satte \u00e5r 2000, som skulle vara uppfyllda 2015, samt hur den kommande post 2015-agendan kan komma att se ut.<\/p>\n<p>Kv\u00e4llens talare var:<br \/>\n<strong>Caroline Nordvall<\/strong> och <strong>Lovisa Palm\u00e9r<\/strong>, tv\u00e5 av Svenska FN-f\u00f6rbundets millenniem\u00e5lsambassad\u00f6rer, som ber\u00e4ttade om de olika m\u00e5len och delm\u00e5len, hur l\u00e5ngt man har kommit och hur bra det har g\u00e5tt.<\/p>\n<p><strong>Johanna Lindgren-Garcia<\/strong> fr\u00e5n UD:s enhet f\u00f6r multilateralt utvecklingsarbete som ber\u00e4ttade om regeringens arbete inom FN:s olika processer, inklusive Post-2015 och Rio +20-processerna, samt hur Sverige agerar inom och genom EU:s institutioner<\/p>\n<p><strong>Hanna Hansson<\/strong>, nationell samordnare f\u00f6r kampanjen Beyond 2015 i Sverige, som ber\u00e4ttade om civilsamh\u00e4llets engagemang i processen.<\/p>\n<p>Ett stort tack till kv\u00e4llens talare, moderator <strong>Anders Sylwan<\/strong> fr\u00e5n Svenska FN-f\u00f6rbundet, och till alla ni intresserade medlemmar som kom f\u00f6r att lyssna!<\/p>\n<p>F\u00f6r dig som \u00e4r intresserad av att l\u00e4ra dig mer om millenniem\u00e5len, <a href=\"http:\/\/www.fn.se\/fn-info\/vad-gor-fn\/utveckling-och-fattigdomsbekampning\/millenniemalen\/\">bes\u00f6k denna sida!<\/a><\/p>\n<p>F\u00f6r dig som \u00e4r intresserad av att l\u00e4ra dig mer om Post-2015, <a href=\"http:\/\/www.fn.se\/press\/nyheter\/sverige-en-brobryggare-i-post-2015-processen\/\">l\u00e4s mer h\u00e4r!<\/a><\/p>\n<p>Vill du g\u00f6ra din r\u00f6st h\u00f6rd? G\u00e5 in p\u00e5 <a href=\"http:\/\/www.myworld2015.org\/\">http:\/\/www.myworld2015.org\/<\/a> och r\u00f6sta!<br \/>\nSe sedan hur majoriteten av Sverige har r\u00f6stat och j\u00e4mf\u00f6r med resten av v\u00e4rlden!<\/p>\n<p><img loading=\"lazy\" decoding=\"async\" class=\"alignright wp-image-133 size-large\" src=\"https:\/\/fn.se\/stockholm\/wp-content\/uploads\/sites\/32\/2016\/10\/Sthlm-milenniem\u00e5len-1-1024x767.jpg\" alt=\"sthlm-milenniemalen-1\" width=\"1024\" height=\"767\" \/> <img loading=\"lazy\" decoding=\"async\" class=\"alignright size-medium wp-image-134\" src=\"https:\/\/fn.se\/stockholm\/wp-content\/uploads\/sites\/32\/2016\/10\/Sthlm-milenniem\u00e5len-2-300x225.jpg\" alt=\"sthlm-milenniemalen-2\" width=\"300\" height=\"225\" \/> <img loading=\"lazy\" decoding=\"async\" class=\"alignleft wp-image-135 size-medium\" src=\"https:\/\/fn.se\/stockholm\/wp-content\/uploads\/sites\/32\/2016\/10\/Sthlm-milenniem\u00e5len-3-300x225.jpg\" alt=\"sthlm-milenniemalen-3\" width=\"300\" height=\"225\" \/> <img loading=\"lazy\" decoding=\"async\" class=\"alignleft size-large wp-image-136\" src=\"https:\/\/fn.se\/stockholm\/wp-content\/uploads\/sites\/32\/2016\/10\/Sthlm-milenniem\u00e5len-4-1024x756.jpg\" alt=\"sthlm-milenniemalen-4\" width=\"1024\" height=\"756\" \/><\/p>\n","protected":false},"excerpt":{"rendered":"<p>Millenniem\u00e5len och Post-2015 Den 31 mars anordnade Stockholms FN-f\u00f6rening ett seminarium med titeln &#8221;Blir v\u00e4rlden b\u00e4ttre?&#8221;, f\u00f6r att belysa hur&hellip;<\/p>\n","protected":false},"author":17,"featured_media":137,"parent":0,"menu_order":0,"comment_status":"closed","ping_status":"closed","template":"","meta":{"_acf_changed":false,"footnotes":"","_links_to":"","_links_to_target":""},"class_list":["post-132","page","type-page","status-publish","has-post-thumbnail","hentry"],"acf":[],"_links":{"self":[{"href":"https:\/\/fn.se\/stockholm\/wp-json\/wp\/v2\/pages\/132","targetHints":{"allow":["GET"]}}],"collection":[{"href":"https:\/\/fn.se\/stockholm\/wp-json\/wp\/v2\/pages"}],"about":[{"href":"https:\/\/fn.se\/stockholm\/wp-json\/wp\/v2\/types\/page"}],"author":[{"embeddable":true,"href":"https:\/\/fn.se\/stockholm\/wp-json\/wp\/v2\/users\/17"}],"replies":[{"embeddable":true,"href":"https:\/\/fn.se\/stockholm\/wp-json\/wp\/v2\/comments?post=132"}],"version-history":[{"count":1,"href":"https:\/\/fn.se\/stockholm\/wp-json\/wp\/v2\/pages\/132\/revisions"}],"predecessor-version":[{"id":138,"href":"https:\/\/fn.se\/stockholm\/wp-json\/wp\/v2\/pages\/132\/revisions\/138"}],"wp:featuredmedia":[{"embeddable":true,"href":"https:\/\/fn.se\/stockholm\/wp-json\/wp\/v2\/media\/137"}],"wp:attachment":[{"href":"https:\/\/fn.se\/stockholm\/wp-json\/wp\/v2\/media?parent=132"}],"curies":[{"name":"wp","href":"https:\/\/api.w.org\/{rel}","templated":true}]}}