{"id":126,"date":"2016-10-03T09:26:49","date_gmt":"2016-10-03T09:26:49","guid":{"rendered":"http:\/\/fn.se\/stockholm\/?page_id=126"},"modified":"2018-01-30T10:53:25","modified_gmt":"2018-01-30T10:53:25","slug":"84-koll-pa-ungdomssektionen","status":"publish","type":"page","link":"https:\/\/fn.se\/stockholm\/84-koll-pa-ungdomssektionen\/","title":{"rendered":"8\/4 Koll p\u00e5: Ungdomssektionen"},"content":{"rendered":"<h1>Koll p\u00e5: Ungdomssektionen<\/h1>\n<p>Den 8 april publicerades en artikel om <a href=\"https:\/\/www.facebook.com\/UNAYouthStockholm?ref=ts&amp;fref=ts\"><strong>Stockholms FN-f\u00f6renings Ungdomssektion<\/strong><\/a> i <strong>UNg-bloggen<\/strong>, som skrivs av Svenska FN-f\u00f6rbundets Ungdomssekreterare Martin Holmberg.<\/p>\n<p>Intervjun \u00e4r med Ungdomssektionens eminenta ordf\u00f6rande <strong>Andrea Ivarsson<\/strong>, d\u00e4r Andrea ber\u00e4ttar om sitt personliga engagemang s\u00e5v\u00e4l som om sektionens verksamhet.<\/p>\n<h3><strong>Artikeln hittar ni <a href=\"http:\/\/www.ungbloggen.se\/inlagg-skrivna-av\/martin-holmberg\/koll-pa-stockholm-fn-forenings-ungdomssektion\/\">h\u00e4r!<\/a>\u00a0<\/strong><\/h3>\n","protected":false},"excerpt":{"rendered":"<p>Koll p\u00e5: Ungdomssektionen Den 8 april publicerades en artikel om Stockholms FN-f\u00f6renings Ungdomssektion i UNg-bloggen, som skrivs av Svenska FN-f\u00f6rbundets&hellip;<\/p>\n","protected":false},"author":17,"featured_media":0,"parent":0,"menu_order":0,"comment_status":"closed","ping_status":"closed","template":"","meta":{"_acf_changed":false,"footnotes":"","_links_to":"","_links_to_target":""},"class_list":["post-126","page","type-page","status-publish","hentry"],"acf":[],"_links":{"self":[{"href":"https:\/\/fn.se\/stockholm\/wp-json\/wp\/v2\/pages\/126","targetHints":{"allow":["GET"]}}],"collection":[{"href":"https:\/\/fn.se\/stockholm\/wp-json\/wp\/v2\/pages"}],"about":[{"href":"https:\/\/fn.se\/stockholm\/wp-json\/wp\/v2\/types\/page"}],"author":[{"embeddable":true,"href":"https:\/\/fn.se\/stockholm\/wp-json\/wp\/v2\/users\/17"}],"replies":[{"embeddable":true,"href":"https:\/\/fn.se\/stockholm\/wp-json\/wp\/v2\/comments?post=126"}],"version-history":[{"count":1,"href":"https:\/\/fn.se\/stockholm\/wp-json\/wp\/v2\/pages\/126\/revisions"}],"predecessor-version":[{"id":128,"href":"https:\/\/fn.se\/stockholm\/wp-json\/wp\/v2\/pages\/126\/revisions\/128"}],"wp:attachment":[{"href":"https:\/\/fn.se\/stockholm\/wp-json\/wp\/v2\/media?parent=126"}],"curies":[{"name":"wp","href":"https:\/\/api.w.org\/{rel}","templated":true}]}}