{"id":123,"date":"2016-10-03T09:24:38","date_gmt":"2016-10-03T09:24:38","guid":{"rendered":"http:\/\/fn.se\/stockholm\/?page_id=123"},"modified":"2018-01-30T10:53:25","modified_gmt":"2018-01-30T10:53:25","slug":"94-jamstalldhetsforum-pa-su","status":"publish","type":"page","link":"https:\/\/fn.se\/stockholm\/94-jamstalldhetsforum-pa-su\/","title":{"rendered":"9\/4 J\u00e4mst\u00e4lldhetsforum p\u00e5 SU"},"content":{"rendered":"<h1>J\u00e4mst\u00e4lldhetsforum p\u00e5 SU<\/h1>\n<p>Den 9 april bj\u00f6d <strong><a href=\"https:\/\/www.facebook.com\/UNAYouthStockholm\">Stockholms FN- f\u00f6renings Ungdomssektion<\/a><\/strong> &amp; <strong><a href=\"https:\/\/www.facebook.com\/UNAStockholmUniversity\/?hc_ref=SEARCH&amp;fref=nf\">Stockholms FN-f\u00f6renings Studentsektion<\/a><\/strong> in till ett diskussionsforum p\u00e5 Stockholms universitet med tema j\u00e4mst\u00e4lldhet!<\/p>\n<p>Ett stort tack till <strong>Louise Lindfors<\/strong>, ordf\u00f6rande p\u00e5 Fredrika Bremer-f\u00f6rbundet, som kom f\u00f6r att samtala om j\u00e4mst\u00e4lldhet och svara p\u00e5 era t\u00e4nkv\u00e4rda fr\u00e5gor om detta st\u00e4ndigt aktuella \u00e4mne!<\/p>\n<p>Och som vanligt ett stort tack till alla ni som kom och deltog i detta interaktiva seminarium!<\/p>\n<p>Vi hoppas att f\u00e5 se er \u00e4ven p\u00e5 kommande evenemang!<\/p>\n","protected":false},"excerpt":{"rendered":"<p>J\u00e4mst\u00e4lldhetsforum p\u00e5 SU Den 9 april bj\u00f6d Stockholms FN- f\u00f6renings Ungdomssektion &amp; Stockholms FN-f\u00f6renings Studentsektion in till ett diskussionsforum p\u00e5&hellip;<\/p>\n","protected":false},"author":17,"featured_media":0,"parent":0,"menu_order":0,"comment_status":"closed","ping_status":"closed","template":"","meta":{"_acf_changed":false,"footnotes":"","_links_to":"","_links_to_target":""},"class_list":["post-123","page","type-page","status-publish","hentry"],"acf":[],"_links":{"self":[{"href":"https:\/\/fn.se\/stockholm\/wp-json\/wp\/v2\/pages\/123","targetHints":{"allow":["GET"]}}],"collection":[{"href":"https:\/\/fn.se\/stockholm\/wp-json\/wp\/v2\/pages"}],"about":[{"href":"https:\/\/fn.se\/stockholm\/wp-json\/wp\/v2\/types\/page"}],"author":[{"embeddable":true,"href":"https:\/\/fn.se\/stockholm\/wp-json\/wp\/v2\/users\/17"}],"replies":[{"embeddable":true,"href":"https:\/\/fn.se\/stockholm\/wp-json\/wp\/v2\/comments?post=123"}],"version-history":[{"count":1,"href":"https:\/\/fn.se\/stockholm\/wp-json\/wp\/v2\/pages\/123\/revisions"}],"predecessor-version":[{"id":125,"href":"https:\/\/fn.se\/stockholm\/wp-json\/wp\/v2\/pages\/123\/revisions\/125"}],"wp:attachment":[{"href":"https:\/\/fn.se\/stockholm\/wp-json\/wp\/v2\/media?parent=123"}],"curies":[{"name":"wp","href":"https:\/\/api.w.org\/{rel}","templated":true}]}}