{"id":120,"date":"2016-10-03T09:23:08","date_gmt":"2016-10-03T09:23:08","guid":{"rendered":"http:\/\/fn.se\/stockholm\/?page_id=120"},"modified":"2018-01-30T10:53:15","modified_gmt":"2018-01-30T10:53:15","slug":"104-filmvisning-av-the-act-of-killing","status":"publish","type":"page","link":"https:\/\/fn.se\/stockholm\/104-filmvisning-av-the-act-of-killing\/","title":{"rendered":"10\/4 Filmvisning av &#8221;The Act of Killing&#8221;"},"content":{"rendered":"<h1>Filmvisning av &#8221;The Act of Killing&#8221;<\/h1>\n<p>Den 10 april visade <strong><a href=\"https:\/\/www.facebook.com\/UNAYouthStockholm?fref=photo\">Stockholms FN-f\u00f6renings Ungdomssektion<\/a><\/strong> den Oscarsnominerade dokument\u00e4rfilmen <strong>&#8221;The Act of Killing&#8221;<\/strong>.<\/p>\n<p>I samband med filmvisningen h\u00f6lls \u00e4ven en paneldiskussion d\u00e4r kv\u00e4llens moderator var <strong>Gabriel Jonsson<\/strong>, ordf\u00f6rande i \u00d6sttimorkommitt\u00e9n. Panelen bestod av <strong>Dewa Made Juniarta Sastrawa<\/strong>, Indonesiens ambassad\u00f6r f\u00f6r Sverige, <strong>Ulf B. Andersson<\/strong>, redakt\u00f6r f\u00f6r Amnesty Press Sweden och<strong>Muhammad Daud,<\/strong> m\u00e4nniskor\u00e4ttsaktivist fr\u00e5n den indonesiska organisationen Kontras.<\/p>\n<p>&#8221;The Act of Killing&#8221; handlar om folkmordet p\u00e5 kommunister i Indonesien p\u00e5 60-talet. En miljon m\u00e4nniskor utrotades med regimens goda minne. Efter statskuppen i Indonesien 1965 rekryterades <strong>Anwar Congo<\/strong> och hans g\u00e4ng av arm\u00e9n f\u00f6r sin f\u00f6rk\u00e4rlek f\u00f6r grovt v\u00e5ld och sitt hat mot kommunister. N\u00e4stan 50 \u00e5r senare tr\u00e4ffar filmaren Joshua Oppenheimer n\u00e5gra av krigets b\u00f6dlar som med stolthet ber\u00e4ttar om sina g\u00e4rningar under kriget. F\u00f6r att b\u00e4ttre f\u00f6rst\u00e5 dem ber Oppenheimer m\u00e4nnen att dramatisera sina upplevelser. &#8221;The act of killing&#8221; \u00e4r filmen d\u00e4r m\u00f6rdarna b\u00e5de skriver manus och spelar sig sj\u00e4lva &#8211; och sina offer. Se hur en regim som byggts p\u00e5 brott mot m\u00e4nskligheten, st\u00e5r f\u00f6r sin egen historieskrivning. <em>(K\u00e4lla:<\/em> <em>SVT)<\/em><\/p>\n<p>Som vanligt ett stort tack till kv\u00e4llens panel och ett stort tack till alla ni som kom f\u00f6r att fr\u00e5ga, titta och lyssna! Vi hoppas att f\u00e5 se er igen inom en snar framtid!<\/p>\n<p>\u00c4r du intresserad av filmen s\u00e5 kan du se trailern <strong><a href=\"http:\/\/www.youtube.com\/watch?v=tQhIRBxbchU\">h\u00e4r!<\/a>\u00a0<\/strong><\/p>\n","protected":false},"excerpt":{"rendered":"<p>Filmvisning av &#8221;The Act of Killing&#8221; Den 10 april visade Stockholms FN-f\u00f6renings Ungdomssektion den Oscarsnominerade dokument\u00e4rfilmen &#8221;The Act of Killing&#8221;.&hellip;<\/p>\n","protected":false},"author":17,"featured_media":0,"parent":0,"menu_order":0,"comment_status":"closed","ping_status":"closed","template":"","meta":{"_acf_changed":false,"footnotes":"","_links_to":"","_links_to_target":""},"class_list":["post-120","page","type-page","status-publish","hentry"],"acf":[],"_links":{"self":[{"href":"https:\/\/fn.se\/stockholm\/wp-json\/wp\/v2\/pages\/120","targetHints":{"allow":["GET"]}}],"collection":[{"href":"https:\/\/fn.se\/stockholm\/wp-json\/wp\/v2\/pages"}],"about":[{"href":"https:\/\/fn.se\/stockholm\/wp-json\/wp\/v2\/types\/page"}],"author":[{"embeddable":true,"href":"https:\/\/fn.se\/stockholm\/wp-json\/wp\/v2\/users\/17"}],"replies":[{"embeddable":true,"href":"https:\/\/fn.se\/stockholm\/wp-json\/wp\/v2\/comments?post=120"}],"version-history":[{"count":1,"href":"https:\/\/fn.se\/stockholm\/wp-json\/wp\/v2\/pages\/120\/revisions"}],"predecessor-version":[{"id":122,"href":"https:\/\/fn.se\/stockholm\/wp-json\/wp\/v2\/pages\/120\/revisions\/122"}],"wp:attachment":[{"href":"https:\/\/fn.se\/stockholm\/wp-json\/wp\/v2\/media?parent=120"}],"curies":[{"name":"wp","href":"https:\/\/api.w.org\/{rel}","templated":true}]}}