{"id":117,"date":"2016-10-03T09:20:21","date_gmt":"2016-10-03T09:20:21","guid":{"rendered":"http:\/\/fn.se\/stockholm\/?page_id=117"},"modified":"2018-01-30T10:53:15","modified_gmt":"2018-01-30T10:53:15","slug":"224-kvinnors-situation-i-kongo","status":"publish","type":"page","link":"https:\/\/fn.se\/stockholm\/224-kvinnors-situation-i-kongo\/","title":{"rendered":"22\/4 Kvinnors situation i Kongo"},"content":{"rendered":"<h1>Kvinnors situation i Kongo<\/h1>\n<p>Den 22 april anordnade <a href=\"https:\/\/www.facebook.com\/StockholmsFNforening?ref=hl\">Stockholms FN-f\u00f6rening<\/a> i samarbete med\u00a0<a href=\"https:\/\/www.facebook.com\/Sensusstudieforbund\">Sensus studief\u00f6rbund<\/a>\u00a0ett seminarium f\u00f6r att belysa kvinnors r\u00e4ttigheter och sexuellt v\u00e5ld i Kongo<\/p>\n<p>Kv\u00e4llens talare var <strong>Maria St\u00e5lgren<\/strong>, fr\u00e5n <strong><a href=\"https:\/\/www.facebook.com\/PMUfb\">PMU InterLife<\/a><\/strong> (Pingstmissionens Utvecklingssamarbete), som sedan 2012 \u00e4r samordnare f\u00f6r projektet Medical and Psychosocial Assistance to Survivors of Sexual Violence and Women in Need of Specialised Gynecological Care in Eastern DRC (SSV project).<\/p>\n<p><span class=\"text_exposed_show\">Maria ber\u00e4ttade om sina erfarenheter fr\u00e5n projektet och sina erfarenheter fr\u00e5n arbetet p\u00e5 <strong>Panzisjukhuset<\/strong> i \u00f6stra Kongo. Projektet har letts av PMU i samarbete med Panzisjukhuset sedan 2004, fr\u00e4mst med st\u00f6d fr\u00e5n EU och delvis av Sida.<br \/>\n<\/span><\/p>\n<p>Ett stort tack till Maria St\u00e5lgren, f\u00f6r en l\u00e4rorik och intressant f\u00f6rel\u00e4sning!<\/p>\n<p>Och ytterligare ett stort tack till alla ni som kom f\u00f6r att lyssna och som bidrog med t\u00e4nkv\u00e4rda fr\u00e5gor!<\/p>\n<p>Vi hoppas att f\u00e5 se er snart igen p\u00e5 kommande aktiviteter!<\/p>\n","protected":false},"excerpt":{"rendered":"<p>Kvinnors situation i Kongo Den 22 april anordnade Stockholms FN-f\u00f6rening i samarbete med\u00a0Sensus studief\u00f6rbund\u00a0ett seminarium f\u00f6r att belysa kvinnors r\u00e4ttigheter&hellip;<\/p>\n","protected":false},"author":17,"featured_media":0,"parent":0,"menu_order":0,"comment_status":"closed","ping_status":"closed","template":"","meta":{"_acf_changed":false,"footnotes":"","_links_to":"","_links_to_target":""},"class_list":["post-117","page","type-page","status-publish","hentry"],"acf":[],"_links":{"self":[{"href":"https:\/\/fn.se\/stockholm\/wp-json\/wp\/v2\/pages\/117","targetHints":{"allow":["GET"]}}],"collection":[{"href":"https:\/\/fn.se\/stockholm\/wp-json\/wp\/v2\/pages"}],"about":[{"href":"https:\/\/fn.se\/stockholm\/wp-json\/wp\/v2\/types\/page"}],"author":[{"embeddable":true,"href":"https:\/\/fn.se\/stockholm\/wp-json\/wp\/v2\/users\/17"}],"replies":[{"embeddable":true,"href":"https:\/\/fn.se\/stockholm\/wp-json\/wp\/v2\/comments?post=117"}],"version-history":[{"count":1,"href":"https:\/\/fn.se\/stockholm\/wp-json\/wp\/v2\/pages\/117\/revisions"}],"predecessor-version":[{"id":119,"href":"https:\/\/fn.se\/stockholm\/wp-json\/wp\/v2\/pages\/117\/revisions\/119"}],"wp:attachment":[{"href":"https:\/\/fn.se\/stockholm\/wp-json\/wp\/v2\/media?parent=117"}],"curies":[{"name":"wp","href":"https:\/\/api.w.org\/{rel}","templated":true}]}}