{"id":1051,"date":"2018-09-19T14:40:51","date_gmt":"2018-09-19T14:40:51","guid":{"rendered":"https:\/\/fn.se\/stockholm\/?page_id=1051"},"modified":"2018-09-20T10:42:32","modified_gmt":"2018-09-20T10:42:32","slug":"hostupptakt-med-stockholms-fn-forening-och-unesco","status":"publish","type":"page","link":"https:\/\/fn.se\/stockholm\/hostupptakt-med-stockholms-fn-forening-och-unesco\/","title":{"rendered":"H\u00f6stupptakt med Stockholms FN-f\u00f6rening och Unesco"},"content":{"rendered":"<p><a href=\"https:\/\/fn.se\/stockholm\/wp-content\/uploads\/sites\/32\/2018\/09\/IMG_5884.jpg\"><img loading=\"lazy\" decoding=\"async\" class=\"wp-image-1057 alignleft\" src=\"https:\/\/fn.se\/stockholm\/wp-content\/uploads\/sites\/32\/2018\/09\/IMG_5884.jpg\" alt=\"\" width=\"411\" height=\"728\" srcset=\"https:\/\/fn.se\/stockholm\/wp-content\/uploads\/sites\/32\/2018\/09\/IMG_5884.jpg 1120w, https:\/\/fn.se\/stockholm\/wp-content\/uploads\/sites\/32\/2018\/09\/IMG_5884-169x300.jpg 169w, https:\/\/fn.se\/stockholm\/wp-content\/uploads\/sites\/32\/2018\/09\/IMG_5884-768x1360.jpg 768w, https:\/\/fn.se\/stockholm\/wp-content\/uploads\/sites\/32\/2018\/09\/IMG_5884-578x1024.jpg 578w, https:\/\/fn.se\/stockholm\/wp-content\/uploads\/sites\/32\/2018\/09\/IMG_5884-650x1151.jpg 650w, https:\/\/fn.se\/stockholm\/wp-content\/uploads\/sites\/32\/2018\/09\/IMG_5884-1024x1814.jpg 1024w\" sizes=\"auto, (max-width: 411px) 100vw, 411px\" \/><\/a><\/p>\n<h1><strong>H\u00f6stupptakt med Stockholms FN-f\u00f6rening och Unesco<a href=\"https:\/\/fn.se\/stockholm\/wp-content\/uploads\/sites\/32\/2018\/09\/IMG_5885.jpg\"><img loading=\"lazy\" decoding=\"async\" class=\"wp-image-1058 alignright\" src=\"https:\/\/fn.se\/stockholm\/wp-content\/uploads\/sites\/32\/2018\/09\/IMG_5885.jpg\" alt=\"\" width=\"314\" height=\"556\" srcset=\"https:\/\/fn.se\/stockholm\/wp-content\/uploads\/sites\/32\/2018\/09\/IMG_5885.jpg 1120w, https:\/\/fn.se\/stockholm\/wp-content\/uploads\/sites\/32\/2018\/09\/IMG_5885-169x300.jpg 169w, https:\/\/fn.se\/stockholm\/wp-content\/uploads\/sites\/32\/2018\/09\/IMG_5885-768x1360.jpg 768w, https:\/\/fn.se\/stockholm\/wp-content\/uploads\/sites\/32\/2018\/09\/IMG_5885-578x1024.jpg 578w, https:\/\/fn.se\/stockholm\/wp-content\/uploads\/sites\/32\/2018\/09\/IMG_5885-650x1151.jpg 650w, https:\/\/fn.se\/stockholm\/wp-content\/uploads\/sites\/32\/2018\/09\/IMG_5885-1024x1814.jpg 1024w\" sizes=\"auto, (max-width: 314px) 100vw, 314px\" \/><\/a><\/strong><\/h1>\n<p>H\u00e4r p\u00e5 Stockholms FN-f\u00f6rening vill st\u00e4ndigt \u00f6ka kunskapen om FNs arbete och samverkan inom FNs systemet. Till \u00e5rets h\u00f6stupptakt hade vi bjudit in UNESCO &#8211;\u00a0United Nations Educational, Scientific and Cultural Organization!\u00a0<span class=\"notranslate\">UNESCO \u00e4r FN: s utbildnings-, vetenskapliga och kulturella organisation.<\/span>\u00a0 Inom FN-systemet har man till exempel ett s\u00e4rskilt ansvarig f\u00f6r kvalitets utbildning till alla flickor och pojkar, f\u00f6r insatser till f\u00f6rsvar f\u00f6r yttrandefrihet, journalisters- och kulturarbetares s\u00e4kerhet samt Tsunamivarningssystemet.\u00a0<span class=\"notranslate\">Det str\u00e4var efter att skapa fred genom internationellt samarbete inom utbildning, vetenskap och kultur.<\/span>\u00a0<span class=\"notranslate\">UNESCO: s program bidrar till att uppn\u00e5 m\u00e5len f\u00f6r h\u00e5llbar utveckling som fastst\u00e4lls i Agenda 2030.<\/span><\/p>\n<p>P\u00e5 plats hade vi <strong>Kerstin Lundman<\/strong>,\u00a0\u00a0s\u00e4rskild r\u00e5dgivare p\u00e5 Svenska Unescor\u00e5det som bj\u00f6d p\u00e5 ett informativt seminarium. V\u00e5ra medlemmar fick inblick p\u00e5 vad Unesco g\u00f6r, deras aktuella fr\u00e5gor f\u00f6r tillf\u00e4llet, hur samarbetar Sverige med Unesco och vilka fr\u00e5gor driver Sverige d\u00e4r. Dessa inblick ledde till intressanta diskussioner under kv\u00e4llens g\u00e5ng.<\/p>\n<p>Under h\u00f6stupptakten ber\u00e4ttade vi \u00e4ven om h\u00f6stens kommande aktiviteter, n\u00e4st p\u00e5 tur \u00e4r v\u00e5r\u00a0konferens om<strong> Sveriges r\u00f6st i s\u00e4kerhetsr\u00e5det<\/strong>. Ni finner mer information <a href=\"https:\/\/fn.se\/stockholm\/2018\/09\/03\/konferens-sveriges-rost-i-sakerhetsradet-en-rost-i-varlden\/\">h\u00e4r<\/a>.<\/p>\n<p><a href=\"http:\/\/H\u00e4r\">PP-om-Unesco-och-Svenska-Unescor\u00e5det-uppdat-oktober-2017<\/a><\/p>\n","protected":false},"excerpt":{"rendered":"<p>H\u00f6stupptakt med Stockholms FN-f\u00f6rening och Unesco H\u00e4r p\u00e5 Stockholms FN-f\u00f6rening vill st\u00e4ndigt \u00f6ka kunskapen om FNs arbete och samverkan inom&hellip;<\/p>\n","protected":false},"author":86,"featured_media":0,"parent":0,"menu_order":0,"comment_status":"closed","ping_status":"closed","template":"","meta":{"_acf_changed":false,"footnotes":"","_links_to":"","_links_to_target":""},"class_list":["post-1051","page","type-page","status-publish","hentry"],"acf":[],"_links":{"self":[{"href":"https:\/\/fn.se\/stockholm\/wp-json\/wp\/v2\/pages\/1051","targetHints":{"allow":["GET"]}}],"collection":[{"href":"https:\/\/fn.se\/stockholm\/wp-json\/wp\/v2\/pages"}],"about":[{"href":"https:\/\/fn.se\/stockholm\/wp-json\/wp\/v2\/types\/page"}],"author":[{"embeddable":true,"href":"https:\/\/fn.se\/stockholm\/wp-json\/wp\/v2\/users\/86"}],"replies":[{"embeddable":true,"href":"https:\/\/fn.se\/stockholm\/wp-json\/wp\/v2\/comments?post=1051"}],"version-history":[{"count":15,"href":"https:\/\/fn.se\/stockholm\/wp-json\/wp\/v2\/pages\/1051\/revisions"}],"predecessor-version":[{"id":1073,"href":"https:\/\/fn.se\/stockholm\/wp-json\/wp\/v2\/pages\/1051\/revisions\/1073"}],"wp:attachment":[{"href":"https:\/\/fn.se\/stockholm\/wp-json\/wp\/v2\/media?parent=1051"}],"curies":[{"name":"wp","href":"https:\/\/api.w.org\/{rel}","templated":true}]}}