{"id":104,"date":"2016-10-03T07:52:09","date_gmt":"2016-10-03T07:52:09","guid":{"rendered":"http:\/\/fn.se\/stockholm\/?page_id=104"},"modified":"2018-01-30T10:53:25","modified_gmt":"2018-01-30T10:53:25","slug":"95-paneldebatt-prostitution-och-trafficking-inom-eu","status":"publish","type":"page","link":"https:\/\/fn.se\/stockholm\/95-paneldebatt-prostitution-och-trafficking-inom-eu\/","title":{"rendered":"9\/5 Paneldebatt: Prostitution och trafficking inom EU"},"content":{"rendered":"<h1>Prostitution och trafficking inom EU<\/h1>\n<h3>Den 9 maj anordnade Stockholms FN-f\u00f6rening , i samarbete med ABF, en paneldebatt best\u00e5ende av EU-kandidater f\u00f6r att h\u00f6ra hur de st\u00e4ller sig i fr\u00e5gan om prostitution och trafficking inom EU.<\/h3>\n<p>Med FN:s m\u00e4nniskohandelskonvention och kvinnokonvention som bas arrangerade Stockholms FN-f\u00f6rening en paneldebatt om prostitution och trafficking f\u00f6r att upplysa om befintliga regelverk, politikers m\u00f6jlighet att p\u00e5verka nationellt och regionalt och praktiska insatser som g\u00f6rs f\u00f6r att hj\u00e4lpa de som drabbas av prostitution<span class=\"text_exposed_show\">.<\/span><\/p>\n<p><span class=\"text_exposed_show\">Kv\u00e4llens p<\/span>anel diskuterade bl.a. om den svenska modellen ska g\u00e4lla i EU eller om det beh\u00f6vs en b\u00e4ttre lagstiftning. Kv\u00e4llens moderator var <strong>Gertrud \u00c5str\u00f6m<\/strong>, ordf\u00f6rande f\u00f6r Sveriges Kvinnolobby och styrelseledamot i Stockholms FN-f\u00f6rening.<\/p>\n<p>Panelen bestod av f\u00f6ljande EU-kandidater:<\/p>\n<p><strong>Jelena Drenjanin<\/strong> (M)<\/p>\n<p><strong>Mikael Gustafsson<\/strong> (V)<\/p>\n<p><strong>D\u00e9sir\u00e9e Pethrus<\/strong> (KD)<\/p>\n<p><strong>Stina Svensson<\/strong> (FI)<\/p>\n<p><strong>Nina Wahlin<\/strong> (C)<\/p>\n<p><strong>Jenny Sonesson<\/strong> (FP)<\/p>\n<p>Ett stort tack till kv\u00e4llens panel som diskuterade denna viktiga fr\u00e5ga med oss!<\/p>\n<p>Och ytterligare ett stort tack till er som kom f\u00f6r att lyssna och st\u00e4lla t\u00e4nkv\u00e4rda fr\u00e5gor till panelen!<\/p>\n","protected":false},"excerpt":{"rendered":"<p>Prostitution och trafficking inom EU Den 9 maj anordnade Stockholms FN-f\u00f6rening , i samarbete med ABF, en paneldebatt best\u00e5ende av&hellip;<\/p>\n","protected":false},"author":17,"featured_media":0,"parent":0,"menu_order":0,"comment_status":"closed","ping_status":"closed","template":"","meta":{"_acf_changed":false,"footnotes":"","_links_to":"","_links_to_target":""},"class_list":["post-104","page","type-page","status-publish","hentry"],"acf":[],"_links":{"self":[{"href":"https:\/\/fn.se\/stockholm\/wp-json\/wp\/v2\/pages\/104","targetHints":{"allow":["GET"]}}],"collection":[{"href":"https:\/\/fn.se\/stockholm\/wp-json\/wp\/v2\/pages"}],"about":[{"href":"https:\/\/fn.se\/stockholm\/wp-json\/wp\/v2\/types\/page"}],"author":[{"embeddable":true,"href":"https:\/\/fn.se\/stockholm\/wp-json\/wp\/v2\/users\/17"}],"replies":[{"embeddable":true,"href":"https:\/\/fn.se\/stockholm\/wp-json\/wp\/v2\/comments?post=104"}],"version-history":[{"count":1,"href":"https:\/\/fn.se\/stockholm\/wp-json\/wp\/v2\/pages\/104\/revisions"}],"predecessor-version":[{"id":106,"href":"https:\/\/fn.se\/stockholm\/wp-json\/wp\/v2\/pages\/104\/revisions\/106"}],"wp:attachment":[{"href":"https:\/\/fn.se\/stockholm\/wp-json\/wp\/v2\/media?parent=104"}],"curies":[{"name":"wp","href":"https:\/\/api.w.org\/{rel}","templated":true}]}}