{"id":101,"date":"2016-10-03T07:50:33","date_gmt":"2016-10-03T07:50:33","guid":{"rendered":"http:\/\/fn.se\/stockholm\/?page_id=101"},"modified":"2018-01-30T10:53:15","modified_gmt":"2018-01-30T10:53:15","slug":"10-115-fn-forum-2014","status":"publish","type":"page","link":"https:\/\/fn.se\/stockholm\/10-115-fn-forum-2014\/","title":{"rendered":"10-11\/5 FN-forum 2014"},"content":{"rendered":"<h1>FN-forum 2014<\/h1>\n<p><strong>FN-forum \u00e4r Svenska FN-f\u00f6rbundets nationella m\u00f6tesplats f\u00f6r diskussion om aktuella FN-fr\u00e5gor. FN-forum 2014 arrangerades den 10-11 maj i Finlandshuset, Stockholm.<\/strong><\/p>\n<p>Den 10 maj samlades 200 aktiva fr\u00e5n hela Sverige f\u00f6r att diskutera FN:s utvecklingsagenda efter 2015, den s\u00e5 kallade post-2015-processen. Representanter f\u00f6r FN-f\u00f6reningar, FN-distrikt och anslutna riksorganisationer deltog n\u00e4r bist\u00e5ndsminister <strong>Hillevi Engstr\u00f6m<\/strong> inledningstalade. Dessutom deltog<strong>Anna Brandt,<\/strong> Sveriges ambassad\u00f6r f\u00f6r post-2015, per videol\u00e4nk. FN-f\u00f6rbundets goodwill-ambassad\u00f6r <strong>Carolina Kl\u00fcft<\/strong> talade om inspiration i utvecklingsarbetet.<\/p>\n<p>Den 11 maj \u00e4gnades \u00e5t diskussioner om l\u00e4get i konflikth\u00e4rdar som Syrien, Centralafrikanska republiken och Sydsudan samt m\u00e4nskliga r\u00e4ttigheter. Bland annat fick deltagarna ta del av en paneldebatt med<span id=\"fbPhotoSnowliftCaption\" class=\"fbPhotosPhotoCaption\"><span class=\"hasCaption\"><strong>Emma Skeppstr\u00f6m<\/strong>(Totalf\u00f6rsvarets forskningsinstitut), <strong>Aleksander Gabelic<\/strong> (Svenska FN-f\u00f6rbundet) och <strong>Peter Larsson<\/strong> (fd FN-officer). Under FN-forums andra dag h\u00f6lls \u00e4ven ett mycket inspirerande anf\u00f6rande av <strong>Milad Mohammadi,<\/strong> som ber\u00e4ttade om sitt engagemang, vairfr\u00e5n han h\u00e4mtat sin kraft och hur han satt sina m\u00e5l.<\/span><\/span><\/p>\n<p><a id=\"js_2\" href=\"https:\/\/www.facebook.com\/StockholmsFNforening?ref=hl\">Stockholms FN-f\u00f6rening<\/a> vill tacka <a href=\"https:\/\/www.facebook.com\/FNforbundet\">Svenska FN-f\u00f6rbundet<\/a> f\u00f6r ett otroligt givande FN-forum, med m\u00e5nga intressanta f\u00f6rel\u00e4sare, workshops och givetvis intressanta m\u00f6ten med andra aktiva inom den svenska FN-r\u00f6relsen!<\/p>\n","protected":false},"excerpt":{"rendered":"<p>FN-forum 2014 FN-forum \u00e4r Svenska FN-f\u00f6rbundets nationella m\u00f6tesplats f\u00f6r diskussion om aktuella FN-fr\u00e5gor. FN-forum 2014 arrangerades den 10-11 maj i&hellip;<\/p>\n","protected":false},"author":17,"featured_media":0,"parent":0,"menu_order":0,"comment_status":"closed","ping_status":"closed","template":"","meta":{"_acf_changed":false,"footnotes":"","_links_to":"","_links_to_target":""},"class_list":["post-101","page","type-page","status-publish","hentry"],"acf":[],"_links":{"self":[{"href":"https:\/\/fn.se\/stockholm\/wp-json\/wp\/v2\/pages\/101","targetHints":{"allow":["GET"]}}],"collection":[{"href":"https:\/\/fn.se\/stockholm\/wp-json\/wp\/v2\/pages"}],"about":[{"href":"https:\/\/fn.se\/stockholm\/wp-json\/wp\/v2\/types\/page"}],"author":[{"embeddable":true,"href":"https:\/\/fn.se\/stockholm\/wp-json\/wp\/v2\/users\/17"}],"replies":[{"embeddable":true,"href":"https:\/\/fn.se\/stockholm\/wp-json\/wp\/v2\/comments?post=101"}],"version-history":[{"count":1,"href":"https:\/\/fn.se\/stockholm\/wp-json\/wp\/v2\/pages\/101\/revisions"}],"predecessor-version":[{"id":103,"href":"https:\/\/fn.se\/stockholm\/wp-json\/wp\/v2\/pages\/101\/revisions\/103"}],"wp:attachment":[{"href":"https:\/\/fn.se\/stockholm\/wp-json\/wp\/v2\/media?parent=101"}],"curies":[{"name":"wp","href":"https:\/\/api.w.org\/{rel}","templated":true}]}}