{"id":622,"date":"2020-08-24T15:45:16","date_gmt":"2020-08-24T15:45:16","guid":{"rendered":"https:\/\/fn.se\/stenungsund-tjorn-och-orust\/?page_id=622"},"modified":"2020-08-24T15:46:09","modified_gmt":"2020-08-24T15:46:09","slug":"global-demokrati-ar-en-mansklig-rattighet","status":"publish","type":"page","link":"https:\/\/fn.se\/stenungsund-tjorn-och-orust\/global-demokrati-ar-en-mansklig-rattighet\/","title":{"rendered":"Global demokrati \u00e4r en m\u00e4nsklig r\u00e4ttighet"},"content":{"rendered":"\n<h2 class=\"wp-block-heading\">Global demokrati \u00e4r en m\u00e4nsklig r\u00e4ttighet<\/h2>\n\n\n\n<p>Den allm\u00e4nna f\u00f6rklaringen om de m\u00e4nskliga r\u00e4ttigheterna antogs av F\u00f6renta Nationerna den 10 december 1948. I dokumentet lyfts bland annat grundl\u00e4ggande demokratiska r\u00e4ttigheter. I artikel 21 st\u00e5r det:<br><br><em>Folkets vilja skall utg\u00f6ra grundvalen f\u00f6r statsmakternas myndighet. Folkviljan skall uttryckas i periodiska och verkliga val, som skall genomf\u00f6ras med till\u00e4mpning av allm\u00e4n och lika r\u00f6str\u00e4tt och hemlig r\u00f6stning eller ett likv\u00e4rdigt fritt r\u00f6stf\u00f6rfarande.<\/em><\/p>\n\n\n\n<p>Demokratins principer och metoder bekr\u00e4ftas i de m\u00e4nskliga r\u00e4ttigheternas till\u00e4ggskonvention fr\u00e5n 1976 om medborgerliga och politiska r\u00e4ttigheter. I artikel 25 st\u00e5r det:<br><br><em>Varje medborgare skall ha r\u00e4tt och m\u00f6jlighet att\u2026delta i sk\u00f6tseln av allm\u00e4nna angel\u00e4genheter, direkt eller genom fritt valda ombud, (att) r\u00f6sta och bli vald vid periodiska och reella val, som f\u00f6rr\u00e4ttas p\u00e5 grundval av allm\u00e4n och lika r\u00f6str\u00e4tt och hemlig r\u00f6stning\u2026<\/em><br><br>Om man till\u00e4mpar dessa demokratiska r\u00e4ttigheter i Sverige s\u00e5 inneb\u00e4r de att det svenska folkets vilja ska utg\u00f6ra grundval f\u00f6r den svenska statsmakten och att varje svensk medborgare ska ha r\u00e4tt att delta i sk\u00f6tseln av gemensamma svenska angel\u00e4genheter. Det mest centrala verktyget f\u00f6r att kunna \u00e5stadkomma detta \u00e4r det svenska parlamentet, Riksdagen.&nbsp;<\/p>\n\n\n\n<p>Men de m\u00e4nskliga r\u00e4ttigheterna \u00e4r universella och kan inte begr\u00e4nsas endast till den nationella samh\u00e4llsniv\u00e5n. Samma \u00e5r som till\u00e4ggskonventionen 1976 antogs Europeiska Unionens valakt, vilket innebar att den tidigare r\u00e5dgivande parlamentariska f\u00f6rsamlingen i EU utvecklades till ett direktvalt Europaparlament med ut\u00f6kade befogenheter i granskningen och styrningen av EU. F\u00f6r att tala med de m\u00e4nskliga r\u00e4ttigheternas spr\u00e5kbruk s\u00e5 var tanken att den europeiska befolkningens vilja &#8211; kanaliserad genom EU-medborgarnas direkta val till Europaparlamentet &#8211; skulle utg\u00f6ra grundval f\u00f6r den europeiska statsmaktens myndighet. Genom Europaparlamentet kunde EU:s medborgare ges st\u00f6rre m\u00f6jligheter att delta i sk\u00f6tseln av EU:s angel\u00e4genheter. F\u00f6rsta valet till Europaparlamentet h\u00f6lls 1979.<\/p>\n\n\n\n<p>Om demokrati \u00e4r en m\u00e4nsklig r\u00e4ttighet, borde denna r\u00e4tt g\u00e4lla \u00e4ven i den globala styrningen. V\u00e4rldsbefolkningens vilja b\u00f6r utg\u00f6ra grundval f\u00f6r FN, och genom ett FN-parlament b\u00f6r v\u00e4rldsmedborgarna ges m\u00f6jlighet att delta i sk\u00f6tseln av gemensamma globala angel\u00e4genheter. <\/p>\n\n\n\n<p>Att de demokratiska r\u00e4ttigheterna b\u00f6r g\u00e4lla \u00e4ven f\u00f6r styrningen av FN antyds redan i den allm\u00e4nna deklarationen fr\u00e5n 1948. I artikel 28 st\u00e5r det att \u201cvar och en har r\u00e4tt till ett socialt och <em>internationellt<\/em> system d\u00e4r de r\u00e4ttigheter och friheter som behandlas i denna f\u00f6rklaring till fullo kan f\u00f6rverkligas.\u201d (kursivering tillagd) Denna tolkning tycks ha f\u00e5tt allt st\u00f6rre genomslag p\u00e5 senare tid, \u00e4ven inom FN. I ett antal resolutioner som har antagits i Generalf\u00f6rsamlingen sedan 2004 \u00e5terkommer denna formulering:<\/p>\n\n\n\n<p><em>En demokratisk och r\u00e4ttvis internationell ordning kr\u00e4ver\u2026fr\u00e4mjandet och st\u00e4rkandet av transparenta, r\u00e4ttvisa och ansvariga internationella institutioner\u2026(och) allas r\u00e4tt till ett likv\u00e4rdigt deltagande, utan n\u00e5gon diskriminering, i inhemskt och i globalt beslutsfattande.<\/em> (A\/RES\/71\/190)<\/p>\n","protected":false},"excerpt":{"rendered":"<p>Global demokrati \u00e4r en m\u00e4nsklig r\u00e4ttighet Den allm\u00e4nna f\u00f6rklaringen om de m\u00e4nskliga r\u00e4ttigheterna antogs av F\u00f6renta Nationerna den 10 december&hellip;<\/p>\n","protected":false},"author":85,"featured_media":0,"parent":0,"menu_order":0,"comment_status":"closed","ping_status":"closed","template":"","meta":{"_acf_changed":false,"footnotes":"","_links_to":"","_links_to_target":""},"class_list":["post-622","page","type-page","status-publish","hentry"],"acf":[],"_links":{"self":[{"href":"https:\/\/fn.se\/stenungsund-tjorn-och-orust\/wp-json\/wp\/v2\/pages\/622","targetHints":{"allow":["GET"]}}],"collection":[{"href":"https:\/\/fn.se\/stenungsund-tjorn-och-orust\/wp-json\/wp\/v2\/pages"}],"about":[{"href":"https:\/\/fn.se\/stenungsund-tjorn-och-orust\/wp-json\/wp\/v2\/types\/page"}],"author":[{"embeddable":true,"href":"https:\/\/fn.se\/stenungsund-tjorn-och-orust\/wp-json\/wp\/v2\/users\/85"}],"replies":[{"embeddable":true,"href":"https:\/\/fn.se\/stenungsund-tjorn-och-orust\/wp-json\/wp\/v2\/comments?post=622"}],"version-history":[{"count":2,"href":"https:\/\/fn.se\/stenungsund-tjorn-och-orust\/wp-json\/wp\/v2\/pages\/622\/revisions"}],"predecessor-version":[{"id":625,"href":"https:\/\/fn.se\/stenungsund-tjorn-och-orust\/wp-json\/wp\/v2\/pages\/622\/revisions\/625"}],"wp:attachment":[{"href":"https:\/\/fn.se\/stenungsund-tjorn-och-orust\/wp-json\/wp\/v2\/media?parent=622"}],"curies":[{"name":"wp","href":"https:\/\/api.w.org\/{rel}","templated":true}]}}