{"id":614,"date":"2020-08-19T19:40:35","date_gmt":"2020-08-19T19:40:35","guid":{"rendered":"https:\/\/fn.se\/stenungsund-tjorn-och-orust\/?page_id=614"},"modified":"2020-08-19T20:11:45","modified_gmt":"2020-08-19T20:11:45","slug":"unpa-och-agenda-2030","status":"publish","type":"page","link":"https:\/\/fn.se\/stenungsund-tjorn-och-orust\/for-ett-demokratiskt-fn\/unpa-och-agenda-2030\/","title":{"rendered":"UNPA och Agenda 2030"},"content":{"rendered":"\n<h2 class=\"wp-block-heading\">UNPA och Agenda 2030<\/h2>\n\n\n\n<blockquote class=\"wp-block-quote is-layout-flow wp-block-quote-is-layout-flow\"><p><em>[Europaparlamentet rekommenderar r\u00e5det] att f\u00f6respr\u00e5ka att det inom FN-systemet uppr\u00e4ttas en parlamentarisk f\u00f6rsamling i syfte att g\u00f6ra de globala styrelseformerna mer demokratiska till sin karakt\u00e4r, \u00f6ka deras demokratiska ansvarsskyldighet och \u00f6ppenhet och g\u00f6ra det m\u00f6jligt att \u00f6ka medborgarnas deltagande i FN:s verksamhet och i synnerhet att bidra till <strong>det framg\u00e5ngsrika genomf\u00f6randet av FN:s agenda 2030 och m\u00e5len f\u00f6r h\u00e5llbar utveckling<\/strong>.<\/em><\/p><cite>Utdrag ur resolution antagen av Europaparlamentet 5 juli 2018<\/cite><\/blockquote>\n\n\n\n<p>En UNPA skulle kunna fungera som ett politiskt nav f\u00f6r genomf\u00f6randet av Agenda 2030 och f\u00f6r det globala utvecklingsarbetet \u00e4ven bortom \u00e5r 2030. Genom att erbjuda en plattform f\u00f6r demokratiska processer utifr\u00e5n globala perspektiv och intressen skulle en UNPA kunna kanalisera s\u00e5v\u00e4l politikens som det globala civilsamh\u00e4llets r\u00f6ster in i omst\u00e4llningsarbetet f\u00f6r en mer h\u00e5llbar v\u00e4rld.<\/p>\n\n\n\n<p>Men en UNPA skulle inte bara vara ett verktyg f\u00f6r ett mer framg\u00e5ngsrikt genomf\u00f6rande av Agenda 2030. Delm\u00e5l 16.6 och 16.7 b\u00f6r tolkas som att en UNPA ocks\u00e5 skulle vara ett m\u00e5l i sig. D\u00e4r st\u00e4lls krav p\u00e5 v\u00e4rldssamh\u00e4llet att \u201cbygga upp effektiva och transparenta institutioner med ansvarsutkr\u00e4vande&nbsp;<em>p\u00e5 alla niv\u00e5er<\/em>\u201d (delm\u00e5l 16.6, kursivering tillagd) samt att \u201cs\u00e4kerst\u00e4lla ett lyh\u00f6rt, inkluderande, deltagandebaserat och representativt beslutsfattande&nbsp;<em>p\u00e5 alla niv\u00e5er<\/em>\u201d (delm\u00e5l 16.7). Sj\u00e4lva ordet &#8221;demokrati&#8221; n\u00e4mns inte, men i ljuset av de m\u00e4nskliga r\u00e4ttigheternas dokument och FN:s st\u00e4llningstagande f\u00f6r demokratin i andra sammanhang, b\u00f6r tolkningen rimligen vara att dessa delm\u00e5l syftar p\u00e5 uppbyggandet av demokratiska institutioner, fr\u00e5n lokal till global niv\u00e5. I dagsl\u00e4get saknas demokratiska institutioner p\u00e5 global niv\u00e5. Uppr\u00e4ttandet av en UNPA skulle r\u00e5da bot p\u00e5 detta.<\/p>\n","protected":false},"excerpt":{"rendered":"<p>UNPA och Agenda 2030 [Europaparlamentet rekommenderar r\u00e5det] att f\u00f6respr\u00e5ka att det inom FN-systemet uppr\u00e4ttas en parlamentarisk f\u00f6rsamling i syfte att&hellip;<\/p>\n","protected":false},"author":85,"featured_media":0,"parent":26,"menu_order":-1,"comment_status":"closed","ping_status":"closed","template":"templates\/template-sub.php","meta":{"_acf_changed":false,"footnotes":"","_links_to":"","_links_to_target":""},"class_list":["post-614","page","type-page","status-publish","hentry"],"acf":[],"_links":{"self":[{"href":"https:\/\/fn.se\/stenungsund-tjorn-och-orust\/wp-json\/wp\/v2\/pages\/614","targetHints":{"allow":["GET"]}}],"collection":[{"href":"https:\/\/fn.se\/stenungsund-tjorn-och-orust\/wp-json\/wp\/v2\/pages"}],"about":[{"href":"https:\/\/fn.se\/stenungsund-tjorn-och-orust\/wp-json\/wp\/v2\/types\/page"}],"author":[{"embeddable":true,"href":"https:\/\/fn.se\/stenungsund-tjorn-och-orust\/wp-json\/wp\/v2\/users\/85"}],"replies":[{"embeddable":true,"href":"https:\/\/fn.se\/stenungsund-tjorn-och-orust\/wp-json\/wp\/v2\/comments?post=614"}],"version-history":[{"count":6,"href":"https:\/\/fn.se\/stenungsund-tjorn-och-orust\/wp-json\/wp\/v2\/pages\/614\/revisions"}],"predecessor-version":[{"id":621,"href":"https:\/\/fn.se\/stenungsund-tjorn-och-orust\/wp-json\/wp\/v2\/pages\/614\/revisions\/621"}],"up":[{"embeddable":true,"href":"https:\/\/fn.se\/stenungsund-tjorn-och-orust\/wp-json\/wp\/v2\/pages\/26"}],"wp:attachment":[{"href":"https:\/\/fn.se\/stenungsund-tjorn-och-orust\/wp-json\/wp\/v2\/media?parent=614"}],"curies":[{"name":"wp","href":"https:\/\/api.w.org\/{rel}","templated":true}]}}