{"id":37,"date":"2016-10-26T13:27:56","date_gmt":"2016-10-26T13:27:56","guid":{"rendered":"http:\/\/fn.se\/stenungsund-tjorn-och-orust\/?page_id=37"},"modified":"2023-01-30T15:20:41","modified_gmt":"2023-01-30T15:20:41","slug":"dokument-protokoll","status":"publish","type":"page","link":"https:\/\/fn.se\/stenungsund-tjorn-och-orust\/styrelsen\/dokument-protokoll\/","title":{"rendered":"Dokument och protokoll"},"content":{"rendered":"\n<h2 class=\"wp-block-heading\">Dokument och protokoll<\/h2>\n\n\n\n<p>H\u00e4r hittar du ett urval av m\u00f6tesprotokoll, m\u00f6teshandlingar och \u00f6vriga dokument.<\/p>\n\n\n\n<p><strong>2023<\/strong><\/p>\n\n\n\n<ul class=\"wp-block-list\">\n<li><a href=\"https:\/\/fn.se\/stenungsund-tjorn-och-orust\/wp-content\/uploads\/sites\/48\/2023\/01\/StoFN230112StyPr.docx.pdf\" target=\"_blank\" rel=\"noreferrer noopener\">Styrelsem\u00f6te 12 januari 2023<\/a><\/li>\n<\/ul>\n\n\n\n<p><strong>2022<\/strong><\/p>\n\n\n\n<ul class=\"wp-block-list\">\n<li><a href=\"https:\/\/fn.se\/stenungsund-tjorn-och-orust\/wp-content\/uploads\/sites\/48\/2023\/01\/StoFN221214StyPr.docx.pdf\" target=\"_blank\" rel=\"noreferrer noopener\">Styrelsem\u00f6te 14 december 2022<\/a><\/li>\n\n\n\n<li><a href=\"https:\/\/fn.se\/stenungsund-tjorn-och-orust\/wp-content\/uploads\/sites\/48\/2023\/01\/StoFN221019StyPr.docx.pdf\" target=\"_blank\" rel=\"noreferrer noopener\">Styrelsem\u00f6te 19 oktober 2022<\/a><\/li>\n\n\n\n<li><a href=\"https:\/\/fn.se\/stenungsund-tjorn-och-orust\/wp-content\/uploads\/sites\/48\/2023\/01\/StoFN220404StyPr.docx.pdf\" target=\"_blank\" rel=\"noreferrer noopener\">Styrelsem\u00f6te 4 april 2022<\/a><\/li>\n\n\n\n<li><a href=\"https:\/\/fn.se\/stenungsund-tjorn-och-orust\/wp-content\/uploads\/sites\/48\/2023\/01\/StoFN220110StyPr.docx.pdf\" target=\"_blank\" rel=\"noreferrer noopener\">Styrelsem\u00f6te 10 januari 2022<\/a><\/li>\n<\/ul>\n\n\n\n<ul class=\"wp-block-list\">\n<li><a href=\"https:\/\/fn.se\/stenungsund-tjorn-och-orust\/wp-content\/uploads\/sites\/48\/2023\/01\/StoFn220223KonstPr.pdf\" target=\"_blank\" rel=\"noreferrer noopener\">Konstituerande styrelsem\u00f6te 23 februari 2022<\/a><\/li>\n\n\n\n<li><a href=\"https:\/\/fn.se\/stenungsund-tjorn-och-orust\/wp-content\/uploads\/sites\/48\/2023\/01\/StoFn220223ArsmPr.pdf\" target=\"_blank\" rel=\"noreferrer noopener\">\u00c5rsm\u00f6tesprotokoll 23 februari 2022<\/a><\/li>\n<\/ul>\n\n\n\n<p><strong>2021<\/strong><\/p>\n\n\n\n<ul class=\"wp-block-list\">\n<li><a rel=\"noreferrer noopener\" href=\"https:\/\/fn.se\/stenungsund-tjorn-och-orust\/wp-content\/uploads\/sites\/48\/2022\/01\/StoFN211115StyPr.pdf\" data-type=\"URL\" data-id=\"https:\/\/fn.se\/stenungsund-tjorn-och-orust\/wp-content\/uploads\/sites\/48\/2022\/01\/StoFN211115StyPr.pdf\" target=\"_blank\">Styrelsem\u00f6te 11 november 2021<\/a><\/li>\n\n\n\n<li><a rel=\"noreferrer noopener\" href=\"https:\/\/fn.se\/stenungsund-tjorn-och-orust\/wp-content\/uploads\/sites\/48\/2022\/01\/StoFN211004StyPr.pdf\" target=\"_blank\">Styrelsem\u00f6te 4 oktober 2021<\/a><\/li>\n\n\n\n<li><a rel=\"noreferrer noopener\" href=\"https:\/\/fn.se\/stenungsund-tjorn-och-orust\/wp-content\/uploads\/sites\/48\/2022\/01\/StoFN210906StyPr.pdf\" data-type=\"URL\" data-id=\"https:\/\/fn.se\/stenungsund-tjorn-och-orust\/wp-content\/uploads\/sites\/48\/2022\/01\/StoFN210906StyPr.pdf\" target=\"_blank\">Styrelsem\u00f6te 6 september 2021<\/a><\/li>\n\n\n\n<li><a rel=\"noreferrer noopener\" href=\"https:\/\/fn.se\/stenungsund-tjorn-och-orust\/wp-content\/uploads\/sites\/48\/2022\/01\/StoFN210607StyPr.pdf\" data-type=\"URL\" data-id=\"https:\/\/fn.se\/stenungsund-tjorn-och-orust\/wp-content\/uploads\/sites\/48\/2022\/01\/StoFN210607StyPr.pdf\" target=\"_blank\">Styrelsem\u00f6te 7 juni 2021<\/a><\/li>\n\n\n\n<li><a rel=\"noreferrer noopener\" href=\"https:\/\/fn.se\/stenungsund-tjorn-och-orust\/wp-content\/uploads\/sites\/48\/2022\/01\/StoFN210308StyPr.pdf\" data-type=\"URL\" data-id=\"https:\/\/fn.se\/stenungsund-tjorn-och-orust\/wp-content\/uploads\/sites\/48\/2022\/01\/StoFN210308StyPr.pdf\" target=\"_blank\">Styrelsem\u00f6te 8 mars 2021<\/a><\/li>\n\n\n\n<li><a href=\"https:\/\/fn.se\/stenungsund-tjorn-och-orust\/wp-content\/uploads\/sites\/48\/2022\/01\/StoFN210209StyPr.pdf\" data-type=\"URL\" data-id=\"https:\/\/fn.se\/stenungsund-tjorn-och-orust\/wp-content\/uploads\/sites\/48\/2022\/01\/StoFN210209StyPr.pdf\" target=\"_blank\" rel=\"noreferrer noopener\">Styrelsem\u00f6te 9 februari 2021<\/a><\/li>\n<\/ul>\n\n\n\n<ul class=\"wp-block-list\">\n<li><a href=\"https:\/\/fn.se\/stenungsund-tjorn-och-orust\/wp-content\/uploads\/sites\/48\/2022\/01\/StoFn210308KonstPr-signed-1.pdf\" data-type=\"URL\" data-id=\"https:\/\/fn.se\/stenungsund-tjorn-och-orust\/wp-content\/uploads\/sites\/48\/2022\/01\/StoFn210308KonstPr-signed-1.pdf\">Konstituerande styrelsem\u00f6te 8 mars 2021<\/a><\/li>\n\n\n\n<li><a href=\"https:\/\/fn.se\/stenungsund-tjorn-och-orust\/wp-content\/uploads\/sites\/48\/2022\/01\/StoFN210224ArsmPr.pdf\" data-type=\"URL\" data-id=\"https:\/\/fn.se\/stenungsund-tjorn-och-orust\/wp-content\/uploads\/sites\/48\/2022\/01\/StoFN210224ArsmPr.pdf\" target=\"_blank\" rel=\"noreferrer noopener\">\u00c5rsm\u00f6tesprotokoll 24 februari 2021<\/a><\/li>\n<\/ul>\n\n\n\n<h4 class=\"wp-block-heading\">2020<\/h4>\n\n\n\n<ul class=\"wp-block-list\">\n<li><a href=\"https:\/\/fn.se\/stenungsund-tjorn-och-orust\/wp-content\/uploads\/sites\/48\/2020\/12\/StoFn201126StyPr.pdf\">Styrelsem\u00f6te 26 november 2020<\/a><\/li>\n\n\n\n<li><a href=\"https:\/\/fn.se\/stenungsund-tjorn-och-orust\/wp-content\/uploads\/sites\/48\/2020\/12\/StoFn201029StyPr.pdf\">Styrelsem\u00f6te 29 oktober 2020<\/a><\/li>\n\n\n\n<li><a href=\"https:\/\/fn.se\/stenungsund-tjorn-och-orust\/wp-content\/uploads\/sites\/48\/2020\/12\/StoFn200928StyPr.pdf\">Styrelsem\u00f6te 28 september 2020<\/a><\/li>\n\n\n\n<li><a href=\"https:\/\/fn.se\/stenungsund-tjorn-och-orust\/wp-content\/uploads\/sites\/48\/2020\/12\/StoFn200825StyPr.pdf\">Styrelsem\u00f6te 25 augusti 2020<\/a><\/li>\n\n\n\n<li><a href=\"https:\/\/fn.se\/stenungsund-tjorn-och-orust\/wp-content\/uploads\/sites\/48\/2020\/12\/StoFn200720StyPr.pdf\">Styrelsem\u00f6te 20 juli 2020<\/a><\/li>\n\n\n\n<li><a href=\"https:\/\/fn.se\/stenungsund-tjorn-och-orust\/wp-content\/uploads\/sites\/48\/2020\/12\/StoFn200528StyPr.pdf\">Styrelsem\u00f6te 28 maj 2020<\/a><\/li>\n\n\n\n<li><a href=\"https:\/\/fn.se\/stenungsund-tjorn-och-orust\/wp-content\/uploads\/sites\/48\/2020\/02\/StoFn200203StyPr.pdf\">Styrelsem\u00f6te 3 februari 2020<\/a><\/li>\n\n\n\n<li><a href=\"https:\/\/fn.se\/stenungsund-tjorn-och-orust\/wp-content\/uploads\/sites\/48\/2020\/02\/StoFn200109StyPr.pdf\">Styrelsem\u00f6te 9 januari 2020<\/a><\/li>\n<\/ul>\n\n\n\n<h4 class=\"wp-block-heading\">2019<\/h4>\n\n\n\n<ul class=\"wp-block-list\">\n<li><a href=\"https:\/\/fn.se\/stenungsund-tjorn-och-orust\/wp-content\/uploads\/sites\/48\/2020\/02\/StoFn191205StyPr.pdf\">Styrelsem\u00f6te 5 december 2019<\/a>  <\/li>\n\n\n\n<li><a href=\"https:\/\/fn.se\/stenungsund-tjorn-och-orust\/wp-content\/uploads\/sites\/48\/2020\/02\/StoFn191111StyPr.pdf\">Styrelsem\u00f6te 11 november 2019 <\/a> <\/li>\n\n\n\n<li><a href=\"https:\/\/fn.se\/stenungsund-tjorn-och-orust\/wp-content\/uploads\/sites\/48\/2020\/02\/StoFn191003StyPr.pdf\">Styrelsem\u00f6te 3 oktober 2019<\/a>  <\/li>\n\n\n\n<li><a href=\"https:\/\/fn.se\/stenungsund-tjorn-och-orust\/wp-content\/uploads\/sites\/48\/2020\/02\/StoFn190916StyPr.pdf\">Styrelsem\u00f6te 16 september 2019<\/a> <\/li>\n\n\n\n<li> <a href=\"https:\/\/fn.se\/stenungsund-tjorn-och-orust\/wp-content\/uploads\/sites\/48\/2020\/02\/StoFn190603StyPr.pdf\">Styrelsem\u00f6te 3 juni 2019<\/a> <\/li>\n\n\n\n<li> <a href=\"https:\/\/fn.se\/stenungsund-tjorn-och-orust\/wp-content\/uploads\/sites\/48\/2019\/06\/StoFn190502StyPr.pdf\">Styrelsem\u00f6te 2 maj 2019<\/a> <\/li>\n\n\n\n<li> <a href=\"https:\/\/fn.se\/stenungsund-tjorn-och-orust\/wp-content\/uploads\/sites\/48\/2019\/06\/StoFn190502StyPr.pdf\">Styrelsem\u00f6te 3 april 2019<\/a> <\/li>\n\n\n\n<li> <a href=\"https:\/\/fn.se\/stenungsund-tjorn-och-orust\/wp-content\/uploads\/sites\/48\/2019\/02\/StoFn190204StyPr.pdf\">Styrelsem\u00f6te 4 februari 2019<\/a> <\/li>\n\n\n\n<li> <a href=\"https:\/\/fn.se\/stenungsund-tjorn-och-orust\/wp-content\/uploads\/sites\/48\/2019\/02\/StoFn190109StyPr.pdf\">Styrelsem\u00f6te 9 januari 2019<\/a> <\/li>\n<\/ul>\n\n\n\n<h4 class=\"wp-block-heading\">2018<\/h4>\n\n\n\n<p><a href=\"https:\/\/fn.se\/stenungsund-tjorn-och-orust\/wp-content\/uploads\/sites\/48\/2019\/01\/StoFn181206StyPr.pdf\">Styrelsem\u00f6te 6 december 2018<\/a><br><a href=\"https:\/\/fn.se\/stenungsund-tjorn-och-orust\/wp-content\/uploads\/sites\/48\/2019\/01\/StoFn181108StyPr.pdf\">Styrelsem\u00f6te 8 november 2018<\/a><br><a href=\"https:\/\/fn.se\/stenungsund-tjorn-och-orust\/wp-content\/uploads\/sites\/48\/2019\/01\/StoFn181018StyPr.pdf\">Styrelsem\u00f6te 18 oktober 2018<\/a><br><a href=\"https:\/\/fn.se\/stenungsund-tjorn-och-orust\/wp-content\/uploads\/sites\/48\/2019\/01\/StoFn180920StyPr.pdf\">Styrelsem\u00f6te 20 september 2018<\/a><br><a href=\"https:\/\/fn.se\/stenungsund-tjorn-och-orust\/wp-content\/uploads\/sites\/48\/2019\/01\/StoFn180827StyPr-1.pdf\">Styrelsem\u00f6te 27 augusti 2018<\/a><br><a href=\"https:\/\/fn.se\/stenungsund-tjorn-och-orust\/wp-content\/uploads\/sites\/48\/2018\/08\/StoFn180531StyPr.pdf\">Styrelsem\u00f6te 31 maj 2018<\/a><br><a href=\"https:\/\/fn.se\/stenungsund-tjorn-och-orust\/wp-content\/uploads\/sites\/48\/2019\/01\/StoFn180426StyPr.pdf\">Styrelsem\u00f6te 26 april 2018<\/a><br><a href=\"https:\/\/fn.se\/stenungsund-tjorn-och-orust\/wp-content\/uploads\/sites\/48\/2019\/01\/StoFn180314StyPr.pdf\">Styrelsem\u00f6te 14 mars 2018<\/a><br><a href=\"https:\/\/fn.se\/stenungsund-tjorn-och-orust\/wp-content\/uploads\/sites\/48\/2018\/03\/StoFn180222StyPr.pdf\">Styrelsem\u00f6te 22 februari 2018<\/a><br><a href=\"https:\/\/fn.se\/stenungsund-tjorn-och-orust\/wp-content\/uploads\/sites\/48\/2019\/02\/STO-FN-konstituerande-styrelseprotokoll-2018.pdf\">Konstituerande styrelsem\u00f6te 6 februari 2018<\/a><br><a href=\"https:\/\/fn.se\/stenungsund-tjorn-och-orust\/wp-content\/uploads\/sites\/48\/2019\/02\/\u00c5rsm\u00f6tesprotokoll-2018_-STO-FN-f\u00f6rening.pdf\">\u00c5rsm\u00f6tesprotokoll 6 februari 2018<\/a><br><a href=\"https:\/\/fn.se\/stenungsund-tjorn-och-orust\/wp-content\/uploads\/sites\/48\/2018\/02\/StoFn180118StyPr.pdf\">Styrelsem\u00f6te 18 januari 2018<\/a><\/p>\n\n\n\n<h4 class=\"wp-block-heading\">2017<\/h4>\n\n\n\n<p><a href=\"https:\/\/fn.se\/stenungsund-tjorn-och-orust\/wp-content\/uploads\/sites\/48\/2017\/12\/StoFn171109StyPr.pdf\">Styrelsem\u00f6te 9 november 2017<\/a><br><a href=\"https:\/\/fn.se\/stenungsund-tjorn-och-orust\/wp-content\/uploads\/sites\/48\/2016\/10\/StoFn171012StyPr.pdf\">Styrelsem\u00f6te 12 oktober 2017<\/a><br><a href=\"https:\/\/fn.se\/stenungsund-tjorn-och-orust\/wp-content\/uploads\/sites\/48\/2016\/10\/StoFn170911StyPr.pdf\">Styrelsem\u00f6te 11 september 2017<\/a><br><a href=\"https:\/\/fn.se\/stenungsund-tjorn-och-orust\/wp-content\/uploads\/sites\/48\/2016\/10\/StoFn170612StyPr.pdf\">Styrelsem\u00f6te 12 juni 2017<\/a><br><a href=\"https:\/\/fn.se\/stenungsund-tjorn-och-orust\/wp-content\/uploads\/sites\/48\/2016\/10\/StoFn170504StyPr.pdf\">Styrelsem\u00f6te 4 maj 2017<\/a><br><a href=\"https:\/\/fn.se\/stenungsund-tjorn-och-orust\/wp-content\/uploads\/sites\/48\/2016\/10\/StoFn170406StyPr.pdf\">Styrelsem\u00f6te 6 april 2017<\/a><br><a href=\"https:\/\/fn.se\/stenungsund-tjorn-och-orust\/wp-content\/uploads\/sites\/48\/2016\/10\/StoFn170301StyPr.pdf\">Styrelsem\u00f6te 1 mars 2017<\/a><br><a href=\"https:\/\/fn.se\/stenungsund-tjorn-och-orust\/wp-content\/uploads\/sites\/48\/2016\/10\/StoFn170209KonstPr.pdf\">Konstituerande styrelsem\u00f6te 9 februari 2017<\/a><br><a href=\"https:\/\/fn.se\/stenungsund-tjorn-och-orust\/wp-content\/uploads\/sites\/48\/2016\/10\/Verksamhetsplan2017.pdf\">Verksamhetsplan 2017<\/a><br><a href=\"https:\/\/fn.se\/stenungsund-tjorn-och-orust\/wp-content\/uploads\/sites\/48\/2016\/10\/Verksamhetsber\u00e4ttelse-2016.pdf\">Verksamhetsber\u00e4ttelse 2016<\/a><br><a href=\"https:\/\/fn.se\/stenungsund-tjorn-och-orust\/wp-content\/uploads\/sites\/48\/2016\/10\/\u00c5rsmPrStoFN2017.pdf\">\u00c5rsm\u00f6tesprotokoll 2017<\/a><br><a href=\"https:\/\/fn.se\/stenungsund-tjorn-och-orust\/wp-content\/uploads\/sites\/48\/2016\/10\/StoFn170118StyPr.pdf\">Styrelsem\u00f6te 18 januari 2017<\/a><\/p>\n\n\n\n<h4 class=\"wp-block-heading\">2016<\/h4>\n\n\n\n<p><a href=\"https:\/\/fn.se\/stenungsund-tjorn-och-orust\/wp-content\/uploads\/sites\/48\/2016\/10\/StoFn161205StyPr.pdf\">Styrelsem\u00f6te 5 december 2016<\/a><br><a href=\"https:\/\/fn.se\/stenungsund-tjorn-och-orust\/wp-content\/uploads\/sites\/48\/2016\/12\/StoFn161116StyPr.pdf\">Styrelsem\u00f6te 16 november 2016<\/a><br><a href=\"https:\/\/fn.se\/stenungsund-tjorn-och-orust\/wp-content\/uploads\/sites\/48\/2016\/12\/StoFn161013StyPr.pdf\">Styrelsem\u00f6te 13 oktober 2016<\/a><br><a href=\"https:\/\/fn.se\/stenungsund-tjorn-och-orust\/wp-content\/uploads\/sites\/48\/2016\/12\/StoFn160912StyPr.pdf\">Styrelsem\u00f6te 12 september 2016<\/a><br><a href=\"https:\/\/fn.se\/stenungsund-tjorn-och-orust\/wp-content\/uploads\/sites\/48\/2016\/12\/StoFn160823StyPr.pdf\">Styrelsem\u00f6te 23 augusti 2016<\/a><br><a href=\"https:\/\/fn.se\/stenungsund-tjorn-och-orust\/wp-content\/uploads\/sites\/48\/2016\/12\/StoFn160621StyPr.pdf\">Styrelsem\u00f6te 21 juni&nbsp;2016<\/a><br><a href=\"https:\/\/fn.se\/stenungsund-tjorn-och-orust\/wp-content\/uploads\/sites\/48\/2016\/10\/StoFn160531StyPr.pdf\">Styrelsem\u00f6te 31 maj 2016<\/a><br><a href=\"https:\/\/fn.se\/stenungsund-tjorn-och-orust\/wp-content\/uploads\/sites\/48\/2016\/10\/Styrelsem\u00f6te-5-april-2016.pdf\">Styrelsem\u00f6te 5 april 2016<\/a><br><a href=\"https:\/\/fn.se\/stenungsund-tjorn-och-orust\/wp-content\/uploads\/sites\/48\/2016\/10\/Verksamhetsplan-2016.pdf\">Verksamhetsplan 2016<\/a><br><a href=\"https:\/\/fn.se\/stenungsund-tjorn-och-orust\/wp-content\/uploads\/sites\/48\/2016\/10\/\u00c5rsm\u00f6te-2016.pdf\">\u00c5rsm\u00f6tesprotokoll 2016<\/a><br><a href=\"https:\/\/fn.se\/stenungsund-tjorn-och-orust\/wp-content\/uploads\/sites\/48\/2016\/10\/Styrelsem\u00f6te-28-januari-2016.pdf\">Styrelsem\u00f6te 28 januari 2016<\/a><br><a href=\"https:\/\/fn.se\/stenungsund-tjorn-och-orust\/wp-content\/uploads\/sites\/48\/2016\/10\/Verksamhetsber\u00e4ttelse-2015.pdf\">Verksamhetsber\u00e4ttelse 2015<\/a><\/p>\n\n\n\n<h4 class=\"wp-block-heading\">Tidigare \u00e5rsm\u00f6teshandlingar<\/h4>\n\n\n\n<p><a href=\"https:\/\/fn.se\/stenungsund-tjorn-och-orust\/wp-content\/uploads\/sites\/48\/2016\/10\/\u00c5rsm\u00f6te-2015.pdf\">\u00c5rsm\u00f6tesprotokoll 2015<\/a><br><a href=\"https:\/\/fn.se\/stenungsund-tjorn-och-orust\/wp-content\/uploads\/sites\/48\/2016\/10\/\u00c5rsm\u00f6te-2014.pdf\">\u00c5rsm\u00f6tesprotokoll 2014<\/a><\/p>\n\n\n\n<h4 class=\"wp-block-heading\">\u00d6vriga dokument<\/h4>\n\n\n\n<p><a href=\"https:\/\/fn.se\/stenungsund-tjorn-och-orust\/wp-content\/uploads\/sites\/48\/2016\/10\/Folder-om-STO-FN-f\u00f6rening-1.pdf\">Folder om STO FN-f\u00f6rening<\/a><\/p>\n","protected":false},"excerpt":{"rendered":"<p>Dokument och protokoll H\u00e4r hittar du ett urval av m\u00f6tesprotokoll, m\u00f6teshandlingar och \u00f6vriga dokument. 2023 2022 2021 2020 2019 2018&hellip;<\/p>\n","protected":false},"author":16,"featured_media":0,"parent":50,"menu_order":0,"comment_status":"closed","ping_status":"closed","template":"templates\/template-sub.php","meta":{"_acf_changed":false,"footnotes":"","_links_to":"","_links_to_target":""},"class_list":["post-37","page","type-page","status-publish","hentry"],"acf":[],"_links":{"self":[{"href":"https:\/\/fn.se\/stenungsund-tjorn-och-orust\/wp-json\/wp\/v2\/pages\/37","targetHints":{"allow":["GET"]}}],"collection":[{"href":"https:\/\/fn.se\/stenungsund-tjorn-och-orust\/wp-json\/wp\/v2\/pages"}],"about":[{"href":"https:\/\/fn.se\/stenungsund-tjorn-och-orust\/wp-json\/wp\/v2\/types\/page"}],"author":[{"embeddable":true,"href":"https:\/\/fn.se\/stenungsund-tjorn-och-orust\/wp-json\/wp\/v2\/users\/16"}],"replies":[{"embeddable":true,"href":"https:\/\/fn.se\/stenungsund-tjorn-och-orust\/wp-json\/wp\/v2\/comments?post=37"}],"version-history":[{"count":36,"href":"https:\/\/fn.se\/stenungsund-tjorn-och-orust\/wp-json\/wp\/v2\/pages\/37\/revisions"}],"predecessor-version":[{"id":795,"href":"https:\/\/fn.se\/stenungsund-tjorn-och-orust\/wp-json\/wp\/v2\/pages\/37\/revisions\/795"}],"up":[{"embeddable":true,"href":"https:\/\/fn.se\/stenungsund-tjorn-och-orust\/wp-json\/wp\/v2\/pages\/50"}],"wp:attachment":[{"href":"https:\/\/fn.se\/stenungsund-tjorn-och-orust\/wp-json\/wp\/v2\/media?parent=37"}],"curies":[{"name":"wp","href":"https:\/\/api.w.org\/{rel}","templated":true}]}}